{"id":1496,"date":"2015-07-11T22:32:31","date_gmt":"2015-07-11T20:32:31","guid":{"rendered":"http:\/\/klubmamgdynia.pl\/index.php\/produkt\/noris-puzzle-pojazdy\/"},"modified":"2026-04-18T19:21:49","modified_gmt":"2026-04-18T17:21:49","slug":"noris-puzzle-pojazdy","status":"publish","type":"product","link":"http:\/\/klubmamgdynia.pl\/index.php\/produkt\/noris-puzzle-pojazdy\/","title":{"rendered":"Noris Puzzle Pojazdy"},"content":{"rendered":"<p>Puzzle PojazdyNumer katalogowy: 608985663Kt\u00f3re puzzle pasuj\u0105 do siebie i tworz\u0105 pojazd? Czy przyczepa kempingowa bardziej pasuje do vana czy do samochodu osobowego? Zabawne puzzle dla najm\u0142odszych.Szczeg\u00f3\u0142y: \u2022 24 elementy\u2022 opakowanie: karton\u2022 liczba graczy: 1-4\u2022 Wiek: 3+Uwaga!Produkt nie jest przeznaczony dla dzieci poni\u017aej 3 roku \u017aycia. Nale\u017ay uwa\u017aa\u0107, aby dziecko nie po\u0142kn\u0119\u0142o drobnych element\u00f3w.<\/p>\n<h2>Noris Puzzle Pojazdy Noris<\/h2>\n<p>my little pony kolorowanki celestia, kolorowanka kotek do druku, menu urodzinowe dla dzieci w wieku 8 10 lat, \u015bmigus dyngus lany poniedzia\u0142ek zyczenia, \u015bwinka peppa bajki do czytania, zagadki dla nastolatk\u00f3w, karty pracy po ukrai\u0144sku, pa\u0144stwa europy i ich stolice quiz, pia, kolorowanka uk\u0142ad s\u0142oneczny dla dzieci do druku<\/p>\n<p>yyyyy<\/p>\n<p>&nbsp;<\/p>\n","protected":false},"excerpt":{"rendered":"<p>Puzzle PojazdyNumer katalogowy: 608985663Kt\u00f3re puzzle pasuj\u0105 do siebie i tworz\u0105 pojazd? Czy przyczepa kempingowa bardziej pasuje do vana czy do samochodu osobowego? Zabawne puzzle dla najm\u0142odszych.Szczeg\u00f3\u0142y: \u2022 24 elementy\u2022 opakowanie: karton\u2022 liczba graczy: 1-4\u2022 Wiek: 3+Uwaga!Produkt nie jest przeznaczony dla dzieci poni\u017aej 3 roku \u017aycia. Nale\u017ay uwa\u017aa\u0107, aby dziecko nie po\u0142kn\u0119\u0142o drobnych element\u00f3w. Noris Puzzle [&hellip;]<\/p>\n","protected":false},"featured_media":1497,"comment_status":"closed","ping_status":"open","template":"","meta":[],"product_cat":[412,90],"product_tag":[676,759,721],"class_list":["post-1496","product","type-product","status-publish","has-post-thumbnail","hentry","product_cat-noris","product_cat-puzzle","product_tag-bursztynek","product_tag-pomysly-na-prezent-dla-nastolatkow","product_tag-zagadki-matematyczne"],"_links":{"self":[{"href":"http:\/\/klubmamgdynia.pl\/index.php\/wp-json\/wp\/v2\/product\/1496","targetHints":{"allow":["GET"]}}],"collection":[{"href":"http:\/\/klubmamgdynia.pl\/index.php\/wp-json\/wp\/v2\/product"}],"about":[{"href":"http:\/\/klubmamgdynia.pl\/index.php\/wp-json\/wp\/v2\/types\/product"}],"replies":[{"embeddable":true,"href":"http:\/\/klubmamgdynia.pl\/index.php\/wp-json\/wp\/v2\/comments?post=1496"}],"wp:featuredmedia":[{"embeddable":true,"href":"http:\/\/klubmamgdynia.pl\/index.php\/wp-json\/wp\/v2\/media\/1497"}],"wp:attachment":[{"href":"http:\/\/klubmamgdynia.pl\/index.php\/wp-json\/wp\/v2\/media?parent=1496"}],"wp:term":[{"taxonomy":"product_cat","embeddable":true,"href":"http:\/\/klubmamgdynia.pl\/index.php\/wp-json\/wp\/v2\/product_cat?post=1496"},{"taxonomy":"product_tag","embeddable":true,"href":"http:\/\/klubmamgdynia.pl\/index.php\/wp-json\/wp\/v2\/product_tag?post=1496"}],"curies":[{"name":"wp","href":"https:\/\/api.w.org\/{rel}","templated":true}]}}