{"id":1498,"date":"2019-03-07T15:16:03","date_gmt":"2019-03-07T14:16:03","guid":{"rendered":"http:\/\/klubmamgdynia.pl\/index.php\/produkt\/retro-bit-sega-mega-drive-md-8-b-2-4g-wireless-crimson-red\/"},"modified":"2026-05-17T22:21:05","modified_gmt":"2026-05-17T20:21:05","slug":"retro-bit-sega-mega-drive-md-8-b-2-4g-wireless-crimson-red","status":"publish","type":"product","link":"http:\/\/klubmamgdynia.pl\/index.php\/produkt\/retro-bit-sega-mega-drive-md-8-b-2-4g-wireless-crimson-red\/","title":{"rendered":"Retro-bit SEGA Mega Drive MD 8-B 2.4G Wireless Crimson Red"},"content":{"rendered":"<p>For PC, Mac, Steam, PS3, Switch &amp; Mega Drive Mini<\/p>\n<h2>Retro-bit SEGA Mega Drive MD 8-B 2.4G Wireless Crimson Red Retro-bit<\/h2>\n<p>ozdoby \u015bwi\u0105teczne z rolek po papierze toaletowym, zagadki o wielkanocy, opis o dziecku, ma\u0142y ksi\u0105\u017ce cytaty o przyja\u017ani, malowanki dla dzieci do druku, cytat dziecko, marianna imi\u0119, nadia, kolorowanki my little pony, \u015bmieszne zagadki logiczne, quiz o flagach europy, god\u0142o polski do druku, kolorowanka ze zdj\u0119cia, darmowe kolorowanki do druku, kuba imie, kolorowanka lol do druku, kolorowanki konie, zabawka na roczek dla dziewczynki, cytat z kubusia puchatka o mi\u0142o\u015bci, kolorowanki samochody, test wiedzy zemsta<\/p>\n<p>yyyyy<\/p>\n<p>&nbsp;<\/p>\n","protected":false},"excerpt":{"rendered":"<p>For PC, Mac, Steam, PS3, Switch &amp; Mega Drive Mini Retro-bit SEGA Mega Drive MD 8-B 2.4G Wireless Crimson Red Retro-bit ozdoby \u015bwi\u0105teczne z rolek po papierze toaletowym, zagadki o wielkanocy, opis o dziecku, ma\u0142y ksi\u0105\u017ce cytaty o przyja\u017ani, malowanki dla dzieci do druku, cytat dziecko, marianna imi\u0119, nadia, kolorowanki my little pony, \u015bmieszne zagadki [&hellip;]<\/p>\n","protected":false},"featured_media":1499,"comment_status":"closed","ping_status":"open","template":"","meta":[],"product_cat":[419,418],"product_tag":[660,843,779],"class_list":["post-1498","product","type-product","status-publish","has-post-thumbnail","hentry","product_cat-gamepady","product_cat-retro-bit","product_tag-bianka","product_tag-smieszne-zagadki-dla-dzieci","product_tag-zarty-na-prima-aprilis-w-domu"],"_links":{"self":[{"href":"http:\/\/klubmamgdynia.pl\/index.php\/wp-json\/wp\/v2\/product\/1498","targetHints":{"allow":["GET"]}}],"collection":[{"href":"http:\/\/klubmamgdynia.pl\/index.php\/wp-json\/wp\/v2\/product"}],"about":[{"href":"http:\/\/klubmamgdynia.pl\/index.php\/wp-json\/wp\/v2\/types\/product"}],"replies":[{"embeddable":true,"href":"http:\/\/klubmamgdynia.pl\/index.php\/wp-json\/wp\/v2\/comments?post=1498"}],"wp:featuredmedia":[{"embeddable":true,"href":"http:\/\/klubmamgdynia.pl\/index.php\/wp-json\/wp\/v2\/media\/1499"}],"wp:attachment":[{"href":"http:\/\/klubmamgdynia.pl\/index.php\/wp-json\/wp\/v2\/media?parent=1498"}],"wp:term":[{"taxonomy":"product_cat","embeddable":true,"href":"http:\/\/klubmamgdynia.pl\/index.php\/wp-json\/wp\/v2\/product_cat?post=1498"},{"taxonomy":"product_tag","embeddable":true,"href":"http:\/\/klubmamgdynia.pl\/index.php\/wp-json\/wp\/v2\/product_tag?post=1498"}],"curies":[{"name":"wp","href":"https:\/\/api.w.org\/{rel}","templated":true}]}}