{"id":1500,"date":"2020-02-24T17:51:52","date_gmt":"2020-02-24T16:51:52","guid":{"rendered":"http:\/\/klubmamgdynia.pl\/index.php\/produkt\/ultimar-rowerek-biegowy-chodzik-jezdzik-dzieci-xtrike-mini\/"},"modified":"2026-04-24T12:59:41","modified_gmt":"2026-04-24T10:59:41","slug":"ultimar-rowerek-biegowy-chodzik-jezdzik-dzieci-xtrike-mini","status":"publish","type":"product","link":"http:\/\/klubmamgdynia.pl\/index.php\/produkt\/ultimar-rowerek-biegowy-chodzik-jezdzik-dzieci-xtrike-mini\/","title":{"rendered":"Ultimar Rowerek Biegowy Chodzik Je\u017adzik Dzieci Xtrike Mini"},"content":{"rendered":"<p>Rowerek biegowy Xtrike Miniczteroko\u0142owy Je\u017adzikJazda na rowerze to aktywno\u015b\u0107, kt\u00f3r\u0105 kocha ka\u017cde dziecko.Rowerek biegowy\/ je\u017adzik zapewni wielk\u0105 frajd\u0119 maluchowi oraz rozwinie nowe umiej\u0119tno\u015bci takie jak odpychanie i wsiadanie. \u015awietnie wp\u0142ywa na stabilizacj\u0119 oraz koordynacj\u0119 ruchow\u0105 u najm\u0142odszych.Rowerek Xtrike Mini idealnie nada si\u0119 do pierwszych pr\u00f3b nauki jazdy na rowerze, pozwoli zdrowo sp\u0119dza\u0107 czas na \u015bwie\u017cym powietrzu.Rowerek posiada podw\u00f3jne mi\u0119kkie ko\u0142a z pianki EVA z ty\u0142u oraz z przodu. Przednie ko\u0142a posiadaj\u0105 szerszy rozstaw co wp\u0142ywa na utrzymanie r\u00f3wnowagi podczas jazdy.Do zestawu do\u0142\u0105czono specjalny pas, kt\u00f3ry umo\u017cliwi jego wygodne przenoszenie. Mo\u017cna go te\u017c u\u017cy\u0107 do powieszenia rowerka np. w gara\u017cu, schowku.Bezpiecze\u0144stwo podczas jazdy zapewni\u0105 blokada skr\u0119tu oraz antypo\u015blizgowe manetki chroni\u0105ce d\u0142onie malucha,Niewielki gabaryt rowerka sprawia, \u017ce mo\u017cna go zabra\u0107 i u\u017cywa\u0107 dos\u0142ownie wsz\u0119dzie!Cechy produktu:podw\u00f3jne ko\u0142a z pianki EVAwytrzyma\u0142a konstrukcjaregulacja wysoko\u015bci siode\u0142kaantypo\u015blizgowe manetkinowoczesny designpas do przenoszeniablokada skr\u0119tu Dane techniczne:- wymiary: 48 cm x 39 x 42 cm- rozstaw k\u00f3\u0142: prz\u00f3d: 17.5 cm, ty\u0142: 13 cm- siode\u0142ko: 21 cm x 14 cm- kierownica: 20,5 cm- wysoko\u015b\u0107 od pod\u0142o\u017ca do siode\u0142ka: 24 cm- wysoko\u015b\u0107 od siode\u0142ka do kierownicy: 28 cm- \u015brednica ko\u0142a: 14 cm- szeroko\u015b\u0107 ko\u0142a: 4 cm- pasek: 146 cm x 3 cm- opakowanie: 52 cm x 16 cm x 19.5 cmDost\u0119pne kolory: bia\u0142y, r\u00f3\u017cowy, niebieski.<\/p>\n<h2>Ultimar Rowerek Biegowy Chodzik Je\u017adzik Dzieci Xtrike Mini ULTIMAR<\/h2>\n<p>sara, mia imie, opisy do zdj\u0119\u0107 dziecka, jasmin imi\u0119, filmy wigilijne dla dzieci, prezent dla rocznego ch\u0142opca, test z lektury opowie\u015bci z narnii lew czarownica i stara szafa z odpowiedziami, zagadki na myslenie, obrazki do druku, przechowywanie zabawek, miko\u0142ajek &#8211; test z odpowiedziami, pranki na prima aprilis dla rodzic\u00f3w, szablony zimowe do wydruku, znane misie z bajek, pokemon kolorowanki, jak narysowa\u0107 nos, zadania dla 7 latka do druku, kwiecien plecien, my little pony kolorowanki, tr\u00f3jmiasto atrakcje dla dzieci, pia imi\u0119<\/p>\n<p>yyyyy<\/p>\n<p>&nbsp;<\/p>\n","protected":false},"excerpt":{"rendered":"<p>Rowerek biegowy Xtrike Miniczteroko\u0142owy Je\u017adzikJazda na rowerze to aktywno\u015b\u0107, kt\u00f3r\u0105 kocha ka\u017cde dziecko.Rowerek biegowy\/ je\u017adzik zapewni wielk\u0105 frajd\u0119 maluchowi oraz rozwinie nowe umiej\u0119tno\u015bci takie jak odpychanie i wsiadanie. \u015awietnie wp\u0142ywa na stabilizacj\u0119 oraz koordynacj\u0119 ruchow\u0105 u najm\u0142odszych.Rowerek Xtrike Mini idealnie nada si\u0119 do pierwszych pr\u00f3b nauki jazdy na rowerze, pozwoli zdrowo sp\u0119dza\u0107 czas na \u015bwie\u017cym [&hellip;]<\/p>\n","protected":false},"featured_media":1501,"comment_status":"closed","ping_status":"open","template":"","meta":[],"product_cat":[74,420],"product_tag":[696,697,824],"class_list":["post-1500","product","type-product","status-publish","has-post-thumbnail","hentry","product_cat-jezdziki","product_cat-ultimar","product_tag-film-rodzinny-o-swietach","product_tag-krotkie-bajki-do-czytania","product_tag-warszawa-atrakcje-dla-dzieci"],"_links":{"self":[{"href":"http:\/\/klubmamgdynia.pl\/index.php\/wp-json\/wp\/v2\/product\/1500","targetHints":{"allow":["GET"]}}],"collection":[{"href":"http:\/\/klubmamgdynia.pl\/index.php\/wp-json\/wp\/v2\/product"}],"about":[{"href":"http:\/\/klubmamgdynia.pl\/index.php\/wp-json\/wp\/v2\/types\/product"}],"replies":[{"embeddable":true,"href":"http:\/\/klubmamgdynia.pl\/index.php\/wp-json\/wp\/v2\/comments?post=1500"}],"wp:featuredmedia":[{"embeddable":true,"href":"http:\/\/klubmamgdynia.pl\/index.php\/wp-json\/wp\/v2\/media\/1501"}],"wp:attachment":[{"href":"http:\/\/klubmamgdynia.pl\/index.php\/wp-json\/wp\/v2\/media?parent=1500"}],"wp:term":[{"taxonomy":"product_cat","embeddable":true,"href":"http:\/\/klubmamgdynia.pl\/index.php\/wp-json\/wp\/v2\/product_cat?post=1500"},{"taxonomy":"product_tag","embeddable":true,"href":"http:\/\/klubmamgdynia.pl\/index.php\/wp-json\/wp\/v2\/product_tag?post=1500"}],"curies":[{"name":"wp","href":"https:\/\/api.w.org\/{rel}","templated":true}]}}