{"id":1504,"date":"2022-11-30T02:47:36","date_gmt":"2022-11-30T01:47:36","guid":{"rendered":"http:\/\/klubmamgdynia.pl\/?post_type=product&#038;p=1504"},"modified":"2026-05-02T20:39:51","modified_gmt":"2026-05-02T18:39:51","slug":"projektowanie-butow-karty-edukacyjne","status":"publish","type":"product","link":"http:\/\/klubmamgdynia.pl\/index.php\/produkt\/projektowanie-butow-karty-edukacyjne\/","title":{"rendered":"Projektowanie But\u00f3w Karty Edukacyjne"},"content":{"rendered":"<p>LEARNING KITDS &#8211; Projektowanie but\u00f3wTen kreatywny zestaw do nauki sznurowania obuwia pomaga rozwija\u0107 zdolno\u015bci motoryczne ma\u0142ych odkrywc\u00f3w. Pokoloruj bucik, prze\u0142\u00f3\u017c sznur\u00f3wk\u0119 przez otwory i zawi\u0105\u017c supe\u0142ek.Ostrze\u017cenie: Nieodpowiednie dla dzieci w wieku poni\u017cej 3 lat.Informacje o produkcieNr katalogowy9054Marka (Zabawki) BrakObszar (nauka i rozw\u00f3j) EdukacyjneRodzaj (nauka i rozw\u00f3j) PrzeplatankiWymagania wiekowe od 3 latP\u0142e\u0107 (zabawki) Dziewczynki i ch\u0142opcyWymiary- 2 lewe buciki- 2 prawe buciki- 4 sznur\u00f3wkiPozosta\u0142e parametryWymiary opakowania: 15 x 23 x 5 cm<\/p>\n<h2>Projektowanie But\u00f3w Karty Edukacyjne Russell<\/h2>\n<p>marianna imi\u0119, janusz, rzadkie imiona \u017ce\u0144skie, quiz dynastia mizio\u0142k\u00f3w, bo\u017ce narodzenie quiz, znajd\u017a r\u00f3\u017cnice do druku, zygzak mcqueen kolorowanka, ba\u0142wanek do druku, prezent dla 17 latki, test z lektury kajko i kokosz szko\u0142a latania<\/p>\n<p>yyyyy<\/p>\n<p>&nbsp;<\/p>\n","protected":false},"excerpt":{"rendered":"<p>LEARNING KITDS &#8211; Projektowanie but\u00f3wTen kreatywny zestaw do nauki sznurowania obuwia pomaga rozwija\u0107 zdolno\u015bci motoryczne ma\u0142ych odkrywc\u00f3w. Pokoloruj bucik, prze\u0142\u00f3\u017c sznur\u00f3wk\u0119 przez otwory i zawi\u0105\u017c supe\u0142ek.Ostrze\u017cenie: Nieodpowiednie dla dzieci w wieku poni\u017cej 3 lat.Informacje o produkcieNr katalogowy9054Marka (Zabawki) BrakObszar (nauka i rozw\u00f3j) EdukacyjneRodzaj (nauka i rozw\u00f3j) PrzeplatankiWymagania wiekowe od 3 latP\u0142e\u0107 (zabawki) Dziewczynki i ch\u0142opcyWymiary- [&hellip;]<\/p>\n","protected":false},"featured_media":1505,"comment_status":"closed","ping_status":"open","template":"","meta":[],"product_cat":[130,422],"product_tag":[871,691,780,618,657,641],"class_list":["post-1504","product","type-product","status-publish","has-post-thumbnail","hentry","product_cat-gry-dzieciece","product_cat-russell","product_tag-bajka-o-smoku-wawelskim","product_tag-gabriel","product_tag-krecik-bajka","product_tag-lato-lato-lato-czeka-tekst","product_tag-lol-kolorowanka","product_tag-trudne-zagadki-logiczne"],"_links":{"self":[{"href":"http:\/\/klubmamgdynia.pl\/index.php\/wp-json\/wp\/v2\/product\/1504","targetHints":{"allow":["GET"]}}],"collection":[{"href":"http:\/\/klubmamgdynia.pl\/index.php\/wp-json\/wp\/v2\/product"}],"about":[{"href":"http:\/\/klubmamgdynia.pl\/index.php\/wp-json\/wp\/v2\/types\/product"}],"replies":[{"embeddable":true,"href":"http:\/\/klubmamgdynia.pl\/index.php\/wp-json\/wp\/v2\/comments?post=1504"}],"wp:featuredmedia":[{"embeddable":true,"href":"http:\/\/klubmamgdynia.pl\/index.php\/wp-json\/wp\/v2\/media\/1505"}],"wp:attachment":[{"href":"http:\/\/klubmamgdynia.pl\/index.php\/wp-json\/wp\/v2\/media?parent=1504"}],"wp:term":[{"taxonomy":"product_cat","embeddable":true,"href":"http:\/\/klubmamgdynia.pl\/index.php\/wp-json\/wp\/v2\/product_cat?post=1504"},{"taxonomy":"product_tag","embeddable":true,"href":"http:\/\/klubmamgdynia.pl\/index.php\/wp-json\/wp\/v2\/product_tag?post=1504"}],"curies":[{"name":"wp","href":"https:\/\/api.w.org\/{rel}","templated":true}]}}