{"id":1506,"date":"2023-07-04T10:01:05","date_gmt":"2023-07-04T08:01:05","guid":{"rendered":"http:\/\/klubmamgdynia.pl\/?post_type=product&#038;p=1506"},"modified":"2026-05-17T22:21:22","modified_gmt":"2026-05-17T20:21:22","slug":"jokomisiada-kendama-drewniana-gr0462","status":"publish","type":"product","link":"http:\/\/klubmamgdynia.pl\/index.php\/produkt\/jokomisiada-kendama-drewniana-gr0462\/","title":{"rendered":"Jokomisiada Kendama Drewniana GR0462"},"content":{"rendered":"<p>Kendama Drewniana gra zr\u0119czno\u015bciowa GR0462Kendama to prosta gra kt\u00f3ra pomaga \u0107wiczy\u0107 precyzyjne ruchy r\u0119k\u0105.Zabawka zosta\u0142a wykonana w ca\u0142o\u015bci z drewna. Sk\u0142ada si\u0119 z drewnianej pi\u0142eczki z otworem, kt\u00f3ra zosta\u0142a przyczepiona za pomoc\u0105 sznurka do m\u0142oteczka z zag\u0142\u0119bieniami.Gra polega na odbijaniu drewnianej pi\u0142eczki tak aby ostatecznie trafi\u0107 kul\u0105 na szpikulec w m\u0142oteczku. Zabawka daje wiele mo\u017cliwo\u015bci do wykonywania r\u00f3\u017cnego rodzaju trik\u00f3w oraz \u017conglerki, co zach\u0119ca do gry oraz \u0107wiczy cierpliwo\u015b\u0107.Rozbujajcie kule i spr\u00f3bujcie z\u0142apa\u0107 j\u0105 na uchwyt. Zabawka zr\u0119czno\u015bciowa zapewni wiele godzin \u015bwietnej zabawy, a przy okazji uczy cierpliwo\u015bci i wytrwa\u0142o\u015bci. Doskona\u0142a zabawa nie tylko dla dzieci.Wymiary zabawki:m\u0142otek 15 cm x 6,5 cm x 4 cmpi\u0142eczka \u015br. 5cmsznurek 44 cmGra \u015bwietnie sprawdzi na zabicie nudy, b\u0119dzie doskona\u0142ym sposobem na wsp\u00f3ln\u0105 zabaw\u0119 z r\u00f3wie\u015bnikami lub w gronie rodzinnym.Dzi\u0119ki takim zabawom dzieci, mog\u0105 sp\u0119dzi\u0107 wi\u0119cej czasu z rodzicami lub przyjaci\u00f3\u0142mi.Najwi\u0119kszy wyb\u00f3r gier zr\u0119czno\u015bciowych, planszowych i logicznych znajdziecie Pa\u0144stwo w sklepie Jokomisiada.certyfikat: CEwiek: 3 +wymiar opakowania: 17 cm x 7 cm x 5 cmwaga: 0,095 kgp\u0142e\u0107: dziewczynka, ch\u0142opiec, uniseks<\/p>\n<h2>Jokomisiada Kendama Drewniana GR0462 Jokomisiada<\/h2>\n<p>co dla dziecka na roczek, rysunki do druku, prezent dla 16 latki, pokoloruj wed\u0142ug wzoru, delfinarium polska, prezent na roczek dziewczynka, list do \u015bw miko\u0142aja &#8212; wz\u00f3r, kajko i kokosz szko\u0142a latania &#8211; test do wydruku, sentencje o dzieciach, zagatki, test z lektury opowie\u015bci z narni lew czarownica i stara szafa, tr\u00f3jmiasto atrakcje dla dzieci, cytaty o przyja\u017ani kr\u00f3tkie, kolorowanki, proste zagadki<\/p>\n<p>yyyyy<\/p>\n<p>&nbsp;<\/p>\n","protected":false},"excerpt":{"rendered":"<p>Kendama Drewniana gra zr\u0119czno\u015bciowa GR0462Kendama to prosta gra kt\u00f3ra pomaga \u0107wiczy\u0107 precyzyjne ruchy r\u0119k\u0105.Zabawka zosta\u0142a wykonana w ca\u0142o\u015bci z drewna. Sk\u0142ada si\u0119 z drewnianej pi\u0142eczki z otworem, kt\u00f3ra zosta\u0142a przyczepiona za pomoc\u0105 sznurka do m\u0142oteczka z zag\u0142\u0119bieniami.Gra polega na odbijaniu drewnianej pi\u0142eczki tak aby ostatecznie trafi\u0107 kul\u0105 na szpikulec w m\u0142oteczku. Zabawka daje wiele mo\u017cliwo\u015bci [&hellip;]<\/p>\n","protected":false},"featured_media":1507,"comment_status":"closed","ping_status":"open","template":"","meta":[],"product_cat":[130,131],"product_tag":[673,590,586,576,799,715],"class_list":["post-1506","product","type-product","status-publish","has-post-thumbnail","hentry","product_cat-gry-dzieciece","product_cat-jokomisiada","product_tag-juz-blisko-koleda-tekst","product_tag-plac-zabaw-warszawa","product_tag-smieszne-zagadki","product_tag-trudne-zagadki","product_tag-zagadka-logiczna","product_tag-zosia-samosia"],"_links":{"self":[{"href":"http:\/\/klubmamgdynia.pl\/index.php\/wp-json\/wp\/v2\/product\/1506","targetHints":{"allow":["GET"]}}],"collection":[{"href":"http:\/\/klubmamgdynia.pl\/index.php\/wp-json\/wp\/v2\/product"}],"about":[{"href":"http:\/\/klubmamgdynia.pl\/index.php\/wp-json\/wp\/v2\/types\/product"}],"replies":[{"embeddable":true,"href":"http:\/\/klubmamgdynia.pl\/index.php\/wp-json\/wp\/v2\/comments?post=1506"}],"wp:featuredmedia":[{"embeddable":true,"href":"http:\/\/klubmamgdynia.pl\/index.php\/wp-json\/wp\/v2\/media\/1507"}],"wp:attachment":[{"href":"http:\/\/klubmamgdynia.pl\/index.php\/wp-json\/wp\/v2\/media?parent=1506"}],"wp:term":[{"taxonomy":"product_cat","embeddable":true,"href":"http:\/\/klubmamgdynia.pl\/index.php\/wp-json\/wp\/v2\/product_cat?post=1506"},{"taxonomy":"product_tag","embeddable":true,"href":"http:\/\/klubmamgdynia.pl\/index.php\/wp-json\/wp\/v2\/product_tag?post=1506"}],"curies":[{"name":"wp","href":"https:\/\/api.w.org\/{rel}","templated":true}]}}