{"id":1508,"date":"2011-09-23T12:36:06","date_gmt":"2011-09-23T10:36:06","guid":{"rendered":"http:\/\/klubmamgdynia.pl\/index.php\/produkt\/hot-games-szklane-kulki-hg-909001-502001\/"},"modified":"2026-04-07T09:12:23","modified_gmt":"2026-04-07T07:12:23","slug":"hot-games-szklane-kulki-hg-909001-502001","status":"publish","type":"product","link":"http:\/\/klubmamgdynia.pl\/index.php\/produkt\/hot-games-szklane-kulki-hg-909001-502001\/","title":{"rendered":"Hot Games Szklane Kulki (HG &#8211; 909001\/502001)"},"content":{"rendered":"<p>&#8211; #zosta\u0144wdomu #wspierampolskiemarki<\/p>\n<h2>Hot Games Szklane Kulki (HG &#8211; 909001\/502001) <\/h2>\n<p>lol kolorowanka, mapa europy do druku, halszka, \u0142amig\u0142\u00f3wki matematyczne, quiz psi patrol, jak narysowa\u0107 psa, super zings kolorowanki, zagadki o zwierz\u0119tach, quizy dla dzieci z bajek, \u0142amig\u0142\u00f3wki dla dzieci, zagadki dla dzieci 10-12 lat, kolorowanki na andrzejki do wydruku, impreza halloween 2021 dla dzieci<\/p>\n<p>yyyyy<\/p>\n<p>&nbsp;<\/p>\n","protected":false},"excerpt":{"rendered":"<p>&#8211; #zosta\u0144wdomu #wspierampolskiemarki Hot Games Szklane Kulki (HG &#8211; 909001\/502001) lol kolorowanka, mapa europy do druku, halszka, \u0142amig\u0142\u00f3wki matematyczne, quiz psi patrol, jak narysowa\u0107 psa, super zings kolorowanki, zagadki o zwierz\u0119tach, quizy dla dzieci z bajek, \u0142amig\u0142\u00f3wki dla dzieci, zagadki dla dzieci 10-12 lat, kolorowanki na andrzejki do wydruku, impreza halloween 2021 dla dzieci yyyyy [&hellip;]<\/p>\n","protected":false},"featured_media":1509,"comment_status":"closed","ping_status":"open","template":"","meta":[],"product_cat":[130],"product_tag":[830,588,736],"class_list":["post-1508","product","type-product","status-publish","has-post-thumbnail","hentry","product_cat-gry-dzieciece","product_tag-rodzina-cytaty","product_tag-wzruszajace-slowa-dla-przyjaciela","product_tag-zabawki-na-roczek"],"_links":{"self":[{"href":"http:\/\/klubmamgdynia.pl\/index.php\/wp-json\/wp\/v2\/product\/1508","targetHints":{"allow":["GET"]}}],"collection":[{"href":"http:\/\/klubmamgdynia.pl\/index.php\/wp-json\/wp\/v2\/product"}],"about":[{"href":"http:\/\/klubmamgdynia.pl\/index.php\/wp-json\/wp\/v2\/types\/product"}],"replies":[{"embeddable":true,"href":"http:\/\/klubmamgdynia.pl\/index.php\/wp-json\/wp\/v2\/comments?post=1508"}],"wp:featuredmedia":[{"embeddable":true,"href":"http:\/\/klubmamgdynia.pl\/index.php\/wp-json\/wp\/v2\/media\/1509"}],"wp:attachment":[{"href":"http:\/\/klubmamgdynia.pl\/index.php\/wp-json\/wp\/v2\/media?parent=1508"}],"wp:term":[{"taxonomy":"product_cat","embeddable":true,"href":"http:\/\/klubmamgdynia.pl\/index.php\/wp-json\/wp\/v2\/product_cat?post=1508"},{"taxonomy":"product_tag","embeddable":true,"href":"http:\/\/klubmamgdynia.pl\/index.php\/wp-json\/wp\/v2\/product_tag?post=1508"}],"curies":[{"name":"wp","href":"https:\/\/api.w.org\/{rel}","templated":true}]}}