{"id":1510,"date":"2014-02-28T15:53:08","date_gmt":"2014-02-28T14:53:08","guid":{"rendered":"http:\/\/klubmamgdynia.pl\/index.php\/produkt\/stray-gra-ps4\/"},"modified":"2026-05-17T23:24:18","modified_gmt":"2026-05-17T21:24:18","slug":"stray-gra-ps4","status":"publish","type":"product","link":"http:\/\/klubmamgdynia.pl\/index.php\/produkt\/stray-gra-ps4\/","title":{"rendered":"Stray (Gra PS4)"},"content":{"rendered":"<p>Dzi\u0119ki\u00a0Stray\u00a0mo\u017cesz spojrze\u0107\u00a0na \u015bwiat z perspektywy kota.                            <\/p>\n<p>\u00a0Zagubiony, samotny i ranny kociak musi rozwi\u0105za\u0107 staro\u017cytn\u0105 tajemnic\u0119 i uciec z dawno zapomnianego miasta.\u00a0Stray to trzecioosobowa kocia gra przygodowa, kt\u00f3rej akcja rozgrywa si\u0119 w\u015br\u00f3d szczeg\u00f3\u0142owo dopracowanych, zalanych \u015bwiat\u0142em neon\u00f3w alejek popadaj\u0105cego w ruin\u0119 cybermiasta. Na graczy czeka te\u017c ponure otoczenie przest\u0119pczego p\u00f3\u0142\u015bwiatka. \u00a0                            <\/p>\n<p>\u00a0Sp\u00f3jrz na ten \u015bwiat oczami bezpa\u0144skiego kota i wchod\u017a w interakcje z otoczeniem na wiele ciekawych sposob\u00f3w. \u00a0Stray to gra stworzona przez BlueTwelve Studio, niewielki zesp\u00f3\u0142 z po\u0142udnia Francji, sk\u0142adaj\u0105cy si\u0119 g\u0142\u00f3wnie z kot\u00f3w oraz kilku ludzi.\u00a0                            <\/p>\n<p>\u00a0Przemierzaj cybermiastoZwied\u017a ulice i dachy, bro\u0144 si\u0119 przed niespodziewanymi zagro\u017ceniami i rozwi\u0105\u017c tajemnice tego nieprzyjaznego miejsca, zamieszka\u0142ego jedynie przez skromne roboty i gro\u017ane stworzenia.\u00a0                            <\/p>\n<p>\u00a0Nie rzucaj si\u0119 w oczyWykorzystaj swoj\u0105 zwinno\u015b\u0107, a czasem p\u0142ataj figle i irytuj dziwnych mieszka\u0144c\u00f3w tego obcego \u015bwiata.\u00a0                            <\/p>\n<p>\u00a0Zaprzyja\u017anij si\u0119 z dronemPo drodze nasz kot zaprzyja\u017ani si\u0119 z ma\u0142ym lataj\u0105cym dronem, B-12. Niecodzienni towarzysze podr\u00f3\u017cy wsp\u00f3lnie postaraj\u0105 si\u0119 znale\u017a\u0107 spos\u00f3b na opuszczenie zrujnowanego miasta.\u00a0                            <\/p>\n<p>\u00a0Wydanie pude\u0142kowe gry Stray zawiera:Gr\u0119 na p\u0142ycie w wersji na konsol\u0119 PlayStation 4,<br \/>\nSze\u015b\u0107 kolorowych kart z grafikami ze \u015bwiata Stray.\u00a0<\/p>\n<h2>Stray (Gra PS4) Blue Twelve Studio<\/h2>\n<p>trudne zagadki z odpowiedziami, milosz imie, bajka psi patrol do czytania, oliwier znaczenie imienia<\/p>\n<p>yyyyy<\/p>\n<p>&nbsp;<\/p>\n","protected":false},"excerpt":{"rendered":"<p>Dzi\u0119ki\u00a0Stray\u00a0mo\u017cesz spojrze\u0107\u00a0na \u015bwiat z perspektywy kota. \u00a0Zagubiony, samotny i ranny kociak musi rozwi\u0105za\u0107 staro\u017cytn\u0105 tajemnic\u0119 i uciec z dawno zapomnianego miasta.\u00a0Stray to trzecioosobowa kocia gra przygodowa, kt\u00f3rej akcja rozgrywa si\u0119 w\u015br\u00f3d szczeg\u00f3\u0142owo dopracowanych, zalanych \u015bwiat\u0142em neon\u00f3w alejek popadaj\u0105cego w ruin\u0119 cybermiasta. Na graczy czeka te\u017c ponure otoczenie przest\u0119pczego p\u00f3\u0142\u015bwiatka. \u00a0 \u00a0Sp\u00f3jrz na ten \u015bwiat oczami [&hellip;]<\/p>\n","protected":false},"featured_media":1511,"comment_status":"closed","ping_status":"open","template":"","meta":[],"product_cat":[423,203],"product_tag":[668,844,619,851,753,609],"class_list":["post-1510","product","type-product","status-publish","has-post-thumbnail","hentry","product_cat-blue-twelve-studio","product_cat-gry-playstation-4","product_tag-atrakcje-dla-dzieci-wroclaw","product_tag-co-kupic-na-roczek","product_tag-iwo-imie","product_tag-jak-narysowac-kota","product_tag-kamila","product_tag-quiz-flagi-europy"],"_links":{"self":[{"href":"http:\/\/klubmamgdynia.pl\/index.php\/wp-json\/wp\/v2\/product\/1510","targetHints":{"allow":["GET"]}}],"collection":[{"href":"http:\/\/klubmamgdynia.pl\/index.php\/wp-json\/wp\/v2\/product"}],"about":[{"href":"http:\/\/klubmamgdynia.pl\/index.php\/wp-json\/wp\/v2\/types\/product"}],"replies":[{"embeddable":true,"href":"http:\/\/klubmamgdynia.pl\/index.php\/wp-json\/wp\/v2\/comments?post=1510"}],"wp:featuredmedia":[{"embeddable":true,"href":"http:\/\/klubmamgdynia.pl\/index.php\/wp-json\/wp\/v2\/media\/1511"}],"wp:attachment":[{"href":"http:\/\/klubmamgdynia.pl\/index.php\/wp-json\/wp\/v2\/media?parent=1510"}],"wp:term":[{"taxonomy":"product_cat","embeddable":true,"href":"http:\/\/klubmamgdynia.pl\/index.php\/wp-json\/wp\/v2\/product_cat?post=1510"},{"taxonomy":"product_tag","embeddable":true,"href":"http:\/\/klubmamgdynia.pl\/index.php\/wp-json\/wp\/v2\/product_tag?post=1510"}],"curies":[{"name":"wp","href":"https:\/\/api.w.org\/{rel}","templated":true}]}}