{"id":1514,"date":"2020-07-05T22:35:36","date_gmt":"2020-07-05T20:35:36","guid":{"rendered":"http:\/\/klubmamgdynia.pl\/index.php\/produkt\/powera-switch-pad-fuchsia-fantasy\/"},"modified":"2026-04-29T11:51:18","modified_gmt":"2026-04-29T09:51:18","slug":"powera-switch-pad-fuchsia-fantasy","status":"publish","type":"product","link":"http:\/\/klubmamgdynia.pl\/index.php\/produkt\/powera-switch-pad-fuchsia-fantasy\/","title":{"rendered":"PowerA Switch Pad Fuchsia Fantasy"},"content":{"rendered":"<p>Graj w swoje ulubione gry Nintendo Switch * za pomoc\u0105 oficjalnie licencjonowanego kontrolera przewodowego PowerA w kolorze Fuchsia Fantasy. Ten przewodowy kontroler, zaprojektowany z my\u015bl\u0105 o komforcie podczas d\u0142ugich sesji grania, ma gniazdo audio 3,5 mm, mo\u017cliwe do zmapowania zaawansowane przyciski do gier i standardowy ergonomiczny uk\u0142ad. W zestawie znajduje si\u0119 odpinany kabel USB o d\u0142ugo\u015bci oko\u0142o 3metr\u00f3w z paskiem na rzep, kt\u00f3ry u\u0142atwia przechowywanie i ogranicza ba\u0142agan po zako\u0144czeniu gry. Uzyskanie wszystkich tych funkcji za prawie po\u0142ow\u0119 ceny kontroler\u00f3w bezprzewodowych sprawia, \u017ce kontrolery przewodowe PowerA to oczywisty wyb\u00f3r.<\/p>\n<h2>PowerA Switch Pad Fuchsia Fantasy PowerA<\/h2>\n<p>lodowiska w warszawie, jak narysowa\u0107 \u017cab\u0119, zgadywanki, \u017c\u0105rty na prima aprilis, \u015bwinka peppa bajki do czytania, uk\u0142ad s\u0142oneczny do druku, trudne zadania matematyczne, felix net i nika oraz gang niewidzialnych ludzi pytania i odpowiedzi, jak si\u0119 rysuje kota, iwo, jak narysowa\u0107 psa, pan twardowski na ksi\u0119\u017cycu wiersz, zagatki, zagadki typu co to jest, eneduerabe, uk\u0142ad s\u0142oneczny kolorowanka, wroc\u0142aw i okolice atrakcje, choinka z bibu\u0142y, quizy o miko\u0142ajku<\/p>\n<p>yyyyy<\/p>\n<p>&nbsp;<\/p>\n","protected":false},"excerpt":{"rendered":"<p>Graj w swoje ulubione gry Nintendo Switch * za pomoc\u0105 oficjalnie licencjonowanego kontrolera przewodowego PowerA w kolorze Fuchsia Fantasy. Ten przewodowy kontroler, zaprojektowany z my\u015bl\u0105 o komforcie podczas d\u0142ugich sesji grania, ma gniazdo audio 3,5 mm, mo\u017cliwe do zmapowania zaawansowane przyciski do gier i standardowy ergonomiczny uk\u0142ad. W zestawie znajduje si\u0119 odpinany kabel USB o [&hellip;]<\/p>\n","protected":false},"featured_media":1515,"comment_status":"closed","ping_status":"open","template":"","meta":[],"product_cat":[419,424],"product_tag":[784,747,655,826],"class_list":["post-1514","product","type-product","status-publish","has-post-thumbnail","hentry","product_cat-gamepady","product_cat-powera","product_tag-hymn-gorniczy","product_tag-malowanki-do-druku","product_tag-najlepsze-zagadki","product_tag-prezent-dla-15-latka"],"_links":{"self":[{"href":"http:\/\/klubmamgdynia.pl\/index.php\/wp-json\/wp\/v2\/product\/1514","targetHints":{"allow":["GET"]}}],"collection":[{"href":"http:\/\/klubmamgdynia.pl\/index.php\/wp-json\/wp\/v2\/product"}],"about":[{"href":"http:\/\/klubmamgdynia.pl\/index.php\/wp-json\/wp\/v2\/types\/product"}],"replies":[{"embeddable":true,"href":"http:\/\/klubmamgdynia.pl\/index.php\/wp-json\/wp\/v2\/comments?post=1514"}],"wp:featuredmedia":[{"embeddable":true,"href":"http:\/\/klubmamgdynia.pl\/index.php\/wp-json\/wp\/v2\/media\/1515"}],"wp:attachment":[{"href":"http:\/\/klubmamgdynia.pl\/index.php\/wp-json\/wp\/v2\/media?parent=1514"}],"wp:term":[{"taxonomy":"product_cat","embeddable":true,"href":"http:\/\/klubmamgdynia.pl\/index.php\/wp-json\/wp\/v2\/product_cat?post=1514"},{"taxonomy":"product_tag","embeddable":true,"href":"http:\/\/klubmamgdynia.pl\/index.php\/wp-json\/wp\/v2\/product_tag?post=1514"}],"curies":[{"name":"wp","href":"https:\/\/api.w.org\/{rel}","templated":true}]}}