{"id":1516,"date":"2012-04-22T12:58:01","date_gmt":"2012-04-22T10:58:01","guid":{"rendered":"http:\/\/klubmamgdynia.pl\/index.php\/produkt\/shaun-white-snowboarding-gra-pc\/"},"modified":"2026-04-29T22:29:31","modified_gmt":"2026-04-29T20:29:31","slug":"shaun-white-snowboarding-gra-pc","status":"publish","type":"product","link":"http:\/\/klubmamgdynia.pl\/index.php\/produkt\/shaun-white-snowboarding-gra-pc\/","title":{"rendered":"Shaun White Snowboarding (Gra PC)"},"content":{"rendered":"<p>Ruszaj na stok! Fani \u015bnie\u017cnej deski na pewno doskonale kojarz\u0105 nazwisko Shauna White\u2019a &#8211; ten dwudziestotrzyletni sportowiec ma ju\u017c na swoim koncie olimpijskie z\u0142oto z Turynu oraz osiem z\u0142otych medali X-Games \u2013 najbardziej presti\u017cowych zawod\u00f3w sport\u00f3w ekstremalnych na \u015bwiecie. W grze sygnowanej jego nazwiskiem, przy produkcji kt\u00f3rej Shaun bra\u0142 czynny udzia\u0142, b\u0119dziesz m\u00f3g\u0142 bez ogranicze\u0144 szale\u0107 na \u015bniegu i zdobywa\u0107 szacun w\u015br\u00f3d ziomali.Cechy gry: Niesamowita dowolno\u015b\u0107 \u2013 sam wybierz na jakich stokach chcesz je\u017adzi\u0107 i w jakich dyscyplinach sprawdzi\u0107. R\u00f3\u017cne dyscypliny \u2013 jibbuj na por\u0119czach, wykonuj triki w trakcie zjazdu, wykr\u0119caj niesamowite flipy i buttery! Baw si\u0119 z przyjaci\u00f3\u0142mi \u2013 w trybie online mo\u017cesz je\u017adzi\u0107 ze znajomymi na stoku lub toczy\u0107 za\u017cart\u0105 walk\u0119 na \u015bnie\u017cki. Wyra\u017a siebie \u2013 wykr\u0119caj unikatowe triki, stw\u00f3rz w\u0142asny styl jazdy i swoj\u0105 posta\u0107, zar\u00f3wno w trybie gry pojedynczej, jak i online. Technologia nast\u0119pnej generacji \u2013 gra stworzona zosta\u0142a w oparciu o silnik graficzny Assassin\u2019s Creed, dzi\u0119ki czemu zar\u00f3wno lokacje, jak i postacie po prostu zapieraj\u0105 dech w piersiach. Prawdziwa jazda na snowboardzie \u2013 dzi\u0119ki wsp\u00f3\u0142pracy z Shaunem White, gra pe\u0142na jest autentycznych motyw\u00f3w snowboardowych. Shaun jest twoim mentorem w trakcie gry i pomaga ci si\u0119 rozwija\u0107. A je\u015bli oka\u017cesz si\u0119 najlepszym z najlepszych, kto wie&#8230; mo\u017ce uda ci si\u0119 nawet wcieli\u0107 w Shauna? Informacje:Wersja j\u0119zykowa: polska kinowa (polskie napisy) Wymagania sprz\u0119towe: Procesor: Intel Core 2 Duo 2,6 GHz RAM: 1 GB HDD: 8 GB System: WINDOWS XP\/Vista Inne: Karta graficzna 256 MB zgodna z Direct X<\/p>\n<h2>Shaun White Snowboarding (Gra PC) Cenega<\/h2>\n<p>zagadki wielkanocne dla doros\u0142ych, testy katarynka, cytaty o przyja\u017ani kr\u00f3tkie, ewelina, gabriel, bajki dla dzieci online, traktor z przyczep\u0105 kolorowanka do druku, prezent dla 7 latka ch\u0142opca, roczek prezent, pokemon kolorowanki, pomys\u0142 na prezent dla 7 latki, kolorowanki, nadia<\/p>\n<p>yyyyy<\/p>\n<p>&nbsp;<\/p>\n","protected":false},"excerpt":{"rendered":"<p>Ruszaj na stok! Fani \u015bnie\u017cnej deski na pewno doskonale kojarz\u0105 nazwisko Shauna White\u2019a &#8211; ten dwudziestotrzyletni sportowiec ma ju\u017c na swoim koncie olimpijskie z\u0142oto z Turynu oraz osiem z\u0142otych medali X-Games \u2013 najbardziej presti\u017cowych zawod\u00f3w sport\u00f3w ekstremalnych na \u015bwiecie. W grze sygnowanej jego nazwiskiem, przy produkcji kt\u00f3rej Shaun bra\u0142 czynny udzia\u0142, b\u0119dziesz m\u00f3g\u0142 bez ogranicze\u0144 [&hellip;]<\/p>\n","protected":false},"featured_media":1517,"comment_status":"closed","ping_status":"open","template":"","meta":[],"product_cat":[218,222],"product_tag":[670,742,698],"class_list":["post-1516","product","type-product","status-publish","has-post-thumbnail","hentry","product_cat-cenega","product_cat-gry-pc","product_tag-irma","product_tag-piosenki-dla-dzieci-tekst","product_tag-zagadki-dla-przedszkolakow"],"_links":{"self":[{"href":"http:\/\/klubmamgdynia.pl\/index.php\/wp-json\/wp\/v2\/product\/1516","targetHints":{"allow":["GET"]}}],"collection":[{"href":"http:\/\/klubmamgdynia.pl\/index.php\/wp-json\/wp\/v2\/product"}],"about":[{"href":"http:\/\/klubmamgdynia.pl\/index.php\/wp-json\/wp\/v2\/types\/product"}],"replies":[{"embeddable":true,"href":"http:\/\/klubmamgdynia.pl\/index.php\/wp-json\/wp\/v2\/comments?post=1516"}],"wp:featuredmedia":[{"embeddable":true,"href":"http:\/\/klubmamgdynia.pl\/index.php\/wp-json\/wp\/v2\/media\/1517"}],"wp:attachment":[{"href":"http:\/\/klubmamgdynia.pl\/index.php\/wp-json\/wp\/v2\/media?parent=1516"}],"wp:term":[{"taxonomy":"product_cat","embeddable":true,"href":"http:\/\/klubmamgdynia.pl\/index.php\/wp-json\/wp\/v2\/product_cat?post=1516"},{"taxonomy":"product_tag","embeddable":true,"href":"http:\/\/klubmamgdynia.pl\/index.php\/wp-json\/wp\/v2\/product_tag?post=1516"}],"curies":[{"name":"wp","href":"https:\/\/api.w.org\/{rel}","templated":true}]}}