{"id":1520,"date":"2020-08-22T16:12:02","date_gmt":"2020-08-22T14:12:02","guid":{"rendered":"http:\/\/klubmamgdynia.pl\/index.php\/produkt\/ravensburger-paw-patrol-junior-wersja-niemiecka\/"},"modified":"2026-04-29T18:50:21","modified_gmt":"2026-04-29T16:50:21","slug":"ravensburger-paw-patrol-junior-wersja-niemiecka","status":"publish","type":"product","link":"http:\/\/klubmamgdynia.pl\/index.php\/produkt\/ravensburger-paw-patrol-junior-wersja-niemiecka\/","title":{"rendered":"Ravensburger Paw Patrol Junior (wersja niemiecka)"},"content":{"rendered":"<p>Marshall, Chase, Rocky, Zuma, Rubble und Skye, die beliebten Hundewelpen aus der TV-Serie Paw Patrol haben sich in den G\u00e4ngen des Labyrinths verirrt. Die Spieler versuchen ihre Lieblingsfiguren zu erreichen. Mit den verschiebbaren Wege-Karten auf dem Spielplan ver\u00e4ndern die Spieler das Labyrinth bei jedem Spielzug. Es entstehen neue Wege oder auch Sackgassen. Wer dabei den \u00dcberblick bewahrt, wird Wege zu den jeweils gesuchten Figuren finden und das Spiel gewinnen. Labyrinth ist ein Such- und Schiebespiel mit genial einfachem und einzigartigem Spielprinzip! Diese Junior Ausgabe des Brettspiel-Klassikers ist geeignet f\u00fcr Kinder ab 4 Jahren.Spieleanleitung in DE, EN, ES, FR, IT, NL, PT.<\/p>\n<h2>Ravensburger Paw Patrol Junior (wersja niemiecka) Ravensburger<\/h2>\n<p>jak narysowa\u0107 sanie miko\u0142aja, test lew czarownica i stara szafa, julian, quizy dla dzieci, sk\u0142adniki do pizzy kolorowanka, zagdki, testy na znaki drogowe, bajki dla dzieci od 7 do 10 lat, zabawy urodzinowe dla dzieci, kalina imi\u0119, zagadki na logiczne my\u015blenie, bajki terapeutyczne o emocjach pdf, znaczenie imiona pola, \u0142amig\u0142\u00f3wki dla dzieci do wydruku, lody kolorowanka, test z opowie\u015bci z narnii lew czarownica i stara szafa, dyplomy do druku pdf, prezenty urodzinowe dla nastolatk\u00f3w<\/p>\n<p>yyyyy<\/p>\n<p>&nbsp;<\/p>\n","protected":false},"excerpt":{"rendered":"<p>Marshall, Chase, Rocky, Zuma, Rubble und Skye, die beliebten Hundewelpen aus der TV-Serie Paw Patrol haben sich in den G\u00e4ngen des Labyrinths verirrt. Die Spieler versuchen ihre Lieblingsfiguren zu erreichen. Mit den verschiebbaren Wege-Karten auf dem Spielplan ver\u00e4ndern die Spieler das Labyrinth bei jedem Spielzug. Es entstehen neue Wege oder auch Sackgassen. Wer dabei den [&hellip;]<\/p>\n","protected":false},"featured_media":1521,"comment_status":"closed","ping_status":"open","template":"","meta":[],"product_cat":[130,207],"product_tag":[864,692,783,665,860,800],"class_list":["post-1520","product","type-product","status-publish","has-post-thumbnail","hentry","product_cat-gry-dzieciece","product_cat-ravensburger","product_tag-basen-warszawa","product_tag-prezenty-na-roczek","product_tag-prezenty-na-roczek-dla-chlopca","product_tag-proste-zagadki","product_tag-zagadki-logiczne-dla-doroslych","product_tag-zagadki-smieszne"],"_links":{"self":[{"href":"http:\/\/klubmamgdynia.pl\/index.php\/wp-json\/wp\/v2\/product\/1520","targetHints":{"allow":["GET"]}}],"collection":[{"href":"http:\/\/klubmamgdynia.pl\/index.php\/wp-json\/wp\/v2\/product"}],"about":[{"href":"http:\/\/klubmamgdynia.pl\/index.php\/wp-json\/wp\/v2\/types\/product"}],"replies":[{"embeddable":true,"href":"http:\/\/klubmamgdynia.pl\/index.php\/wp-json\/wp\/v2\/comments?post=1520"}],"wp:featuredmedia":[{"embeddable":true,"href":"http:\/\/klubmamgdynia.pl\/index.php\/wp-json\/wp\/v2\/media\/1521"}],"wp:attachment":[{"href":"http:\/\/klubmamgdynia.pl\/index.php\/wp-json\/wp\/v2\/media?parent=1520"}],"wp:term":[{"taxonomy":"product_cat","embeddable":true,"href":"http:\/\/klubmamgdynia.pl\/index.php\/wp-json\/wp\/v2\/product_cat?post=1520"},{"taxonomy":"product_tag","embeddable":true,"href":"http:\/\/klubmamgdynia.pl\/index.php\/wp-json\/wp\/v2\/product_tag?post=1520"}],"curies":[{"name":"wp","href":"https:\/\/api.w.org\/{rel}","templated":true}]}}