{"id":1526,"date":"2024-04-23T07:28:14","date_gmt":"2024-04-23T05:28:14","guid":{"rendered":"http:\/\/klubmamgdynia.pl\/?post_type=product&#038;p=1526"},"modified":"2026-04-04T03:01:11","modified_gmt":"2026-04-04T01:01:11","slug":"rebel-hulajnoga-trojkolowa-kids-wheels-yellow","status":"publish","type":"product","link":"http:\/\/klubmamgdynia.pl\/index.php\/produkt\/rebel-hulajnoga-trojkolowa-kids-wheels-yellow\/","title":{"rendered":"Rebel Hulajnoga tr\u00f3jko\u0142owa KIDS WHEELS YELLOW"},"content":{"rendered":"<p>Tr\u00f3jko\u0142owa hulajnoga dla dzieci Rebel Kids WheelsSzukasz prezentu dla dziecka? Hulajnoga Rebel Kids Wheels b\u0119dzie \u015bwietnym wyborem! Taki pojazd nie tylko dostarczy mn\u00f3stwa rozrywki, ale tak\u017ce pomo\u017ce \u0107wiczy\u0107 r\u00f3wnowag\u0119. Co wa\u017cne, Rebel Kids Wheels jest dost\u0119pna w trzech wariantach kolorystycznych, dlatego z pewno\u015bci\u0105 znajdziesz odpowiedni\u0105 hulajnog\u0119 dla dziewczynki, jak te\u017c dla ch\u0142opca.Hulajnoga trzyko\u0142owaHulajnoga tr\u00f3jko\u0142owa to idealny wyb\u00f3r dla najm\u0142odszych ? trzy k\u00f3\u0142ka zapewniaj\u0105 wi\u0119ksz\u0105 stabilno\u015b\u0107 oraz kontrol\u0119 podczas jazdy. Lekka konstrukcja oraz zastosowanie mechanizmu balansowego sprawiaj\u0105, \u017ce z hulajnogi Rebel Kids Wheels mog\u0105 korzysta\u0107 dzieci ju\u017c od trzeciego roku \u017cycia.Regulacja wysoko\u015bci Hulajnoga dzieci\u0119ca Rebel Kids Wheels z \u0142atwo\u015bci\u0105 dostosuje si\u0119 do Twojej pociechy. 3-stopniowa regulacja wysoko\u015bci kierownicy pozwala na wyb\u00f3r najodpowiedniejszych ustawie\u0144 do wzrostu dziecka, tak, aby jazda by\u0142a jak najbardziej komfortowa.Antypo\u015blizgowa platformaZastanawiasz si\u0119 jaka hulajnoga dla dziecka jest najlepsza? Rebel Kids Wheels to nie tylko wspania\u0142a rozrywka, ale tak\u017ce bezpiecze\u0144stwo. Hulajnoga zosta\u0142a wyposa\u017cona w szerok\u0105, antypo\u015blizgow\u0105 platform\u0119, dzi\u0119ki czemu stopa dziecka nie osunie si\u0119 w trakcie jazdy.<\/p>\n<h2>Rebel Hulajnoga tr\u00f3jko\u0142owa KIDS WHEELS YELLOW Rebel<\/h2>\n<p>kolorowanki kotki, walentynka dla syna, prima aprilis zarty, bajki dla dzieci od 7 do 10 lat<\/p>\n<p>yyyyy<\/p>\n<p>&nbsp;<\/p>\n","protected":false},"excerpt":{"rendered":"<p>Tr\u00f3jko\u0142owa hulajnoga dla dzieci Rebel Kids WheelsSzukasz prezentu dla dziecka? Hulajnoga Rebel Kids Wheels b\u0119dzie \u015bwietnym wyborem! Taki pojazd nie tylko dostarczy mn\u00f3stwa rozrywki, ale tak\u017ce pomo\u017ce \u0107wiczy\u0107 r\u00f3wnowag\u0119. Co wa\u017cne, Rebel Kids Wheels jest dost\u0119pna w trzech wariantach kolorystycznych, dlatego z pewno\u015bci\u0105 znajdziesz odpowiedni\u0105 hulajnog\u0119 dla dziewczynki, jak te\u017c dla ch\u0142opca.Hulajnoga trzyko\u0142owaHulajnoga tr\u00f3jko\u0142owa to [&hellip;]<\/p>\n","protected":false},"featured_media":1527,"comment_status":"closed","ping_status":"open","template":"","meta":[],"product_cat":[315,219],"product_tag":[817,583,697],"class_list":["post-1526","product","type-product","status-publish","has-post-thumbnail","hentry","product_cat-hulajnogi-dla-dzieci","product_cat-rebel","product_tag-bajka-terapeutyczna-o-emocjach","product_tag-kolysanki-dla-dzieci-tekst","product_tag-krotkie-bajki-do-czytania"],"_links":{"self":[{"href":"http:\/\/klubmamgdynia.pl\/index.php\/wp-json\/wp\/v2\/product\/1526","targetHints":{"allow":["GET"]}}],"collection":[{"href":"http:\/\/klubmamgdynia.pl\/index.php\/wp-json\/wp\/v2\/product"}],"about":[{"href":"http:\/\/klubmamgdynia.pl\/index.php\/wp-json\/wp\/v2\/types\/product"}],"replies":[{"embeddable":true,"href":"http:\/\/klubmamgdynia.pl\/index.php\/wp-json\/wp\/v2\/comments?post=1526"}],"wp:featuredmedia":[{"embeddable":true,"href":"http:\/\/klubmamgdynia.pl\/index.php\/wp-json\/wp\/v2\/media\/1527"}],"wp:attachment":[{"href":"http:\/\/klubmamgdynia.pl\/index.php\/wp-json\/wp\/v2\/media?parent=1526"}],"wp:term":[{"taxonomy":"product_cat","embeddable":true,"href":"http:\/\/klubmamgdynia.pl\/index.php\/wp-json\/wp\/v2\/product_cat?post=1526"},{"taxonomy":"product_tag","embeddable":true,"href":"http:\/\/klubmamgdynia.pl\/index.php\/wp-json\/wp\/v2\/product_tag?post=1526"}],"curies":[{"name":"wp","href":"https:\/\/api.w.org\/{rel}","templated":true}]}}