{"id":1528,"date":"2017-09-11T21:59:28","date_gmt":"2017-09-11T19:59:28","guid":{"rendered":"http:\/\/klubmamgdynia.pl\/index.php\/produkt\/sony-ladowarka-uch20-quick-charger-1298-5942\/"},"modified":"2026-04-10T10:55:31","modified_gmt":"2026-04-10T08:55:31","slug":"sony-ladowarka-uch20-quick-charger-1298-5942","status":"publish","type":"product","link":"http:\/\/klubmamgdynia.pl\/index.php\/produkt\/sony-ladowarka-uch20-quick-charger-1298-5942\/","title":{"rendered":"Sony \u0141adowarka Uch20 Quick Charger (1298-5942)"},"content":{"rendered":"<p>Waga: 29,8 gWymiary:Z ko\u0144c\u00f3wk\u0105: 37,5 \u00d7 20 \u00d7 67,5 mmBez ko\u0144c\u00f3wki: 37,5 \u00d7 20 \u00d7 48,5 mm\u0141\u0105cza:\u0141adowarka: (z\u0142\u0105cze USB A)Przew\u00f3d USB: (USB A na micro USB B)Wej\u015bcie: 100\u2013240 V AC, 200 mA, 50\u201360 HzWyj\u015bcie: 5 V, 1500 mAD\u0142ugo\u015b\u0107 przewodu: 1 m<\/p>\n<h2>Sony \u0141adowarka Uch20 Quick Charger (1298-5942) Sony<\/h2>\n<p>prezent dla nastoletniego ch\u0142opca, mia, quiz minecraft, gabriel imie, kolorowanka anio\u0142ek, pa\u0144stwa europy i ich stolice quiz, quizy ma\u0142y ksi\u0105\u017c\u0119, film animowany o \u015bwi\u0119tach<\/p>\n<p>yyyyy<\/p>\n<p>&nbsp;<\/p>\n","protected":false},"excerpt":{"rendered":"<p>Waga: 29,8 gWymiary:Z ko\u0144c\u00f3wk\u0105: 37,5 \u00d7 20 \u00d7 67,5 mmBez ko\u0144c\u00f3wki: 37,5 \u00d7 20 \u00d7 48,5 mm\u0141\u0105cza:\u0141adowarka: (z\u0142\u0105cze USB A)Przew\u00f3d USB: (USB A na micro USB B)Wej\u015bcie: 100\u2013240 V AC, 200 mA, 50\u201360 HzWyj\u015bcie: 5 V, 1500 mAD\u0142ugo\u015b\u0107 przewodu: 1 m Sony \u0141adowarka Uch20 Quick Charger (1298-5942) Sony prezent dla nastoletniego ch\u0142opca, mia, quiz minecraft, [&hellip;]<\/p>\n","protected":false},"featured_media":1529,"comment_status":"closed","ping_status":"open","template":"","meta":[],"product_cat":[427,366],"product_tag":[833,837,848,858,857,635],"class_list":["post-1528","product","type-product","status-publish","has-post-thumbnail","hentry","product_cat-ladowarki-do-telefonow","product_cat-sony","product_tag-bajki-dla-dzieci-do-czytania","product_tag-cicha-noc-po-angielsku","product_tag-cytat-o-rodzinie","product_tag-podchwytliwe-zagadki","product_tag-zagadki-dla-dzieci-7-8-lat","product_tag-znaki-drogowe-do-druku"],"_links":{"self":[{"href":"http:\/\/klubmamgdynia.pl\/index.php\/wp-json\/wp\/v2\/product\/1528","targetHints":{"allow":["GET"]}}],"collection":[{"href":"http:\/\/klubmamgdynia.pl\/index.php\/wp-json\/wp\/v2\/product"}],"about":[{"href":"http:\/\/klubmamgdynia.pl\/index.php\/wp-json\/wp\/v2\/types\/product"}],"replies":[{"embeddable":true,"href":"http:\/\/klubmamgdynia.pl\/index.php\/wp-json\/wp\/v2\/comments?post=1528"}],"wp:featuredmedia":[{"embeddable":true,"href":"http:\/\/klubmamgdynia.pl\/index.php\/wp-json\/wp\/v2\/media\/1529"}],"wp:attachment":[{"href":"http:\/\/klubmamgdynia.pl\/index.php\/wp-json\/wp\/v2\/media?parent=1528"}],"wp:term":[{"taxonomy":"product_cat","embeddable":true,"href":"http:\/\/klubmamgdynia.pl\/index.php\/wp-json\/wp\/v2\/product_cat?post=1528"},{"taxonomy":"product_tag","embeddable":true,"href":"http:\/\/klubmamgdynia.pl\/index.php\/wp-json\/wp\/v2\/product_tag?post=1528"}],"curies":[{"name":"wp","href":"https:\/\/api.w.org\/{rel}","templated":true}]}}