{"id":1530,"date":"2012-04-05T01:35:12","date_gmt":"2012-04-04T23:35:12","guid":{"rendered":"http:\/\/klubmamgdynia.pl\/index.php\/produkt\/clementoni-gry-matematyczne-60048\/"},"modified":"2026-04-29T17:02:00","modified_gmt":"2026-04-29T15:02:00","slug":"clementoni-gry-matematyczne-60048","status":"publish","type":"product","link":"http:\/\/klubmamgdynia.pl\/index.php\/produkt\/clementoni-gry-matematyczne-60048\/","title":{"rendered":"Clementoni Gry Matematyczne 60048"},"content":{"rendered":"<p>Zestaw edukacyjnyGRY MATEMATYCZNEClementoniMatematyka to trudny orzech do zgryzienia?Twoje dziecko nie przepada za obliczeniami?Matematyka \u015bni mu si\u0119 po nocach jako najgorszy koszmar?Wcale nie musi tak by\u0107! Zestaw edukacyjny &#8222;Gry matematyczne&#8221; pomog\u0105 TwojemuDziecku ju\u017c od najm\u0142odszych lat, szuka\u0107 w sobiepasji do kr\u00f3lowej nauk &#8211; matematyki, cyferek i liczenia. Zestaw &#8222;Gry matematyczne&#8221; to bogactwo zabaw i nauki:1. Wie\u017cowiec liczb i ilo\u015bci &#8211; zadaniem dziecka jest zbudowanie z kolorowych, p\u0142askich element\u00f3w wie\u017cowca na zasadzie kojarzenia liczby z ilo\u015bciami. Ka\u017cda cyfra jest przyporz\u0105dkowana danejliczbie mieszka\u0144c\u00f3w na ka\u017cdym pi\u0119trze wie\u017cowca. Na odwrocie kart znajduje si\u0119 nast\u0119pna zabawa &#8211; zadania dotycz\u0105ce prostych dzia\u0142a\u0144 matematycznych.2. Rega\u0142 sum &#8211; Dziecko ma mo\u017cliwo\u015b\u0107 sprawdzi\u0107 umiej\u0119tno\u015b\u0107 dodawania na podstawie cyfr i zbior\u00f3w.3. Puzzle z figurami geometrycznymi &#8211; dziecko dopasowuje 4 ramiona do puzzla przedstawiaj\u0105cego konkretny kszta\u0142t, np. kwadrat: dom, ramka, kostka, prezent.4. Puzzle ze zbiorami &#8211; Dziecko odnajduje puzzle i przy\u0142\u0105cza je do \u015brodka przedstawiaj\u0105cego przedmioty z konkretnego zbioru, np. owoce.5. Puzzle z liczbami &#8211; zadaniem dziecka jest do\u0142\u0105czenie do \u015brodka przedstawiaj\u0105cego konkretn\u0105 liczb\u0119 palc\u00f3w boki z odpowiadaj\u0105cymi mu: cyfr\u0105, wynikiem cyfr, wynikiem przedmiot\u00f3w i zbi\u00f3r przedmiot\u00f3w.6. Lotto &#8211; podstawowa nauka liczenia i sprawdzania, jak zapisa\u0107 po kolei konkretne cyfry. 7. Loteria na wsi &#8211; cel gry jest taki sam jak w lotto. Nale\u017cy uzupe\u0142ni\u0107 plansze klockami z podobiznami zwierz\u0105t.W sk\u0142ad zestawu wchodzi:- dziesi\u0119\u0107 5-elementowych puzzli,- 4 plansze,- 24 karty,  &#8211; 1 puzzel liczby\/sumy z\u0142o\u017cony z 12 element\u00f3w, &#8211; instrukcj\u0119.Gra przeznaczona dla dzieci od 3 do 5 roku \u017cycia.<\/p>\n<h2>Clementoni Gry Matematyczne 60048 Clementoni<\/h2>\n<p>zaproszenie na urodziny dziecka do druku, historia andrzejek dla dzieci, prezent na roczek od babci, gad\u017cety dla nastolatka, kolorowanki antystresowe do druku, co kupi\u0107 na roczek dla ch\u0142opca, bezpieczne kosmetyki do makija\u017cu dla dzieci, zagadki dla dzieci 10-12 lat trudne, quiz psi patrol, kuku\u0142eczka kuka tekst<\/p>\n<p>yyyyy<\/p>\n<p>&nbsp;<\/p>\n","protected":false},"excerpt":{"rendered":"<p>Zestaw edukacyjnyGRY MATEMATYCZNEClementoniMatematyka to trudny orzech do zgryzienia?Twoje dziecko nie przepada za obliczeniami?Matematyka \u015bni mu si\u0119 po nocach jako najgorszy koszmar?Wcale nie musi tak by\u0107! Zestaw edukacyjny &#8222;Gry matematyczne&#8221; pomog\u0105 TwojemuDziecku ju\u017c od najm\u0142odszych lat, szuka\u0107 w sobiepasji do kr\u00f3lowej nauk &#8211; matematyki, cyferek i liczenia. Zestaw &#8222;Gry matematyczne&#8221; to bogactwo zabaw i nauki:1. Wie\u017cowiec [&hellip;]<\/p>\n","protected":false},"featured_media":1531,"comment_status":"closed","ping_status":"open","template":"","meta":[],"product_cat":[163,130],"product_tag":[680,867,579],"class_list":["post-1530","product","type-product","status-publish","has-post-thumbnail","hentry","product_cat-clementoni","product_cat-gry-dzieciece","product_tag-cytaty-z-malego-ksiecia","product_tag-kolorowanki-dla-dziewczynek","product_tag-quiz-opowiesci-z-narnii-lew-czarownica-i-stara-szafa"],"_links":{"self":[{"href":"http:\/\/klubmamgdynia.pl\/index.php\/wp-json\/wp\/v2\/product\/1530","targetHints":{"allow":["GET"]}}],"collection":[{"href":"http:\/\/klubmamgdynia.pl\/index.php\/wp-json\/wp\/v2\/product"}],"about":[{"href":"http:\/\/klubmamgdynia.pl\/index.php\/wp-json\/wp\/v2\/types\/product"}],"replies":[{"embeddable":true,"href":"http:\/\/klubmamgdynia.pl\/index.php\/wp-json\/wp\/v2\/comments?post=1530"}],"wp:featuredmedia":[{"embeddable":true,"href":"http:\/\/klubmamgdynia.pl\/index.php\/wp-json\/wp\/v2\/media\/1531"}],"wp:attachment":[{"href":"http:\/\/klubmamgdynia.pl\/index.php\/wp-json\/wp\/v2\/media?parent=1530"}],"wp:term":[{"taxonomy":"product_cat","embeddable":true,"href":"http:\/\/klubmamgdynia.pl\/index.php\/wp-json\/wp\/v2\/product_cat?post=1530"},{"taxonomy":"product_tag","embeddable":true,"href":"http:\/\/klubmamgdynia.pl\/index.php\/wp-json\/wp\/v2\/product_tag?post=1530"}],"curies":[{"name":"wp","href":"https:\/\/api.w.org\/{rel}","templated":true}]}}