{"id":1532,"date":"2020-11-26T17:58:09","date_gmt":"2020-11-26T16:58:09","guid":{"rendered":"http:\/\/klubmamgdynia.pl\/index.php\/produkt\/don-bosco-medien-da-druben-sitzt-ein-osterhas-kamishibai-bildkartenset-wersja-niemiecka\/"},"modified":"2026-04-06T14:02:51","modified_gmt":"2026-04-06T12:02:51","slug":"don-bosco-medien-da-druben-sitzt-ein-osterhas-kamishibai-bildkartenset-wersja-niemiecka","status":"publish","type":"product","link":"http:\/\/klubmamgdynia.pl\/index.php\/produkt\/don-bosco-medien-da-druben-sitzt-ein-osterhas-kamishibai-bildkartenset-wersja-niemiecka\/","title":{"rendered":"Don Bosco Medien Da dr\u00fcben sitzt ein Osterhas&#8217;, Kamishibai Bildkartenset (wersja niemiecka)"},"content":{"rendered":"<p>Zehn Ostereier hat der Osterhase. Jedem Tier schenkt er eins, bis nur noch eines \u00fcbrig ist. Wer das wohl bekommt? In dieser Kamishibai-Geschichte z\u00e4hlen die Kinder r\u00fcckw\u00e4rts mit.<\/p>\n<h2>Don Bosco Medien Da dr\u00fcben sitzt ein Osterhas, Kamishibai Bildkartenset (wersja niemiecka) <\/h2>\n<p>pisanie po \u015bladzie do druku pdf, kucyki pony kolorowanka, kondrad imie, pomys\u0142y na roczek, star wars kolorowanki, plac zabaw warszawa, wy\u015bcig but\u00f3w, quizy \u015bwi\u0105teczne bo\u017ce narodzenie<\/p>\n<p>yyyyy<\/p>\n<p>&nbsp;<\/p>\n","protected":false},"excerpt":{"rendered":"<p>Zehn Ostereier hat der Osterhase. Jedem Tier schenkt er eins, bis nur noch eines \u00fcbrig ist. Wer das wohl bekommt? In dieser Kamishibai-Geschichte z\u00e4hlen die Kinder r\u00fcckw\u00e4rts mit. Don Bosco Medien Da dr\u00fcben sitzt ein Osterhas, Kamishibai Bildkartenset (wersja niemiecka) pisanie po \u015bladzie do druku pdf, kucyki pony kolorowanka, kondrad imie, pomys\u0142y na roczek, star [&hellip;]<\/p>\n","protected":false},"featured_media":1533,"comment_status":"closed","ping_status":"open","template":"","meta":[],"product_cat":[130],"product_tag":[631,835,632,779,725,577],"class_list":["post-1532","product","type-product","status-publish","has-post-thumbnail","hentry","product_cat-gry-dzieciece","product_tag-prezent-na-roczek","product_tag-radosc-dziecka-cytaty","product_tag-warszawa-atrakcje-dla-mlodziezy","product_tag-zarty-na-prima-aprilis-w-domu","product_tag-zgadywanki","product_tag-znaki-drogowe-test"],"_links":{"self":[{"href":"http:\/\/klubmamgdynia.pl\/index.php\/wp-json\/wp\/v2\/product\/1532","targetHints":{"allow":["GET"]}}],"collection":[{"href":"http:\/\/klubmamgdynia.pl\/index.php\/wp-json\/wp\/v2\/product"}],"about":[{"href":"http:\/\/klubmamgdynia.pl\/index.php\/wp-json\/wp\/v2\/types\/product"}],"replies":[{"embeddable":true,"href":"http:\/\/klubmamgdynia.pl\/index.php\/wp-json\/wp\/v2\/comments?post=1532"}],"wp:featuredmedia":[{"embeddable":true,"href":"http:\/\/klubmamgdynia.pl\/index.php\/wp-json\/wp\/v2\/media\/1533"}],"wp:attachment":[{"href":"http:\/\/klubmamgdynia.pl\/index.php\/wp-json\/wp\/v2\/media?parent=1532"}],"wp:term":[{"taxonomy":"product_cat","embeddable":true,"href":"http:\/\/klubmamgdynia.pl\/index.php\/wp-json\/wp\/v2\/product_cat?post=1532"},{"taxonomy":"product_tag","embeddable":true,"href":"http:\/\/klubmamgdynia.pl\/index.php\/wp-json\/wp\/v2\/product_tag?post=1532"}],"curies":[{"name":"wp","href":"https:\/\/api.w.org\/{rel}","templated":true}]}}