{"id":1534,"date":"2021-12-26T11:37:16","date_gmt":"2021-12-26T10:37:16","guid":{"rendered":"http:\/\/klubmamgdynia.pl\/index.php\/produkt\/nintendo-classic-mini-kontroler\/"},"modified":"2026-05-03T12:19:29","modified_gmt":"2026-05-03T10:19:29","slug":"nintendo-classic-mini-kontroler","status":"publish","type":"product","link":"http:\/\/klubmamgdynia.pl\/index.php\/produkt\/nintendo-classic-mini-kontroler\/","title":{"rendered":"Nintendo Classic Mini: Kontroler"},"content":{"rendered":"<p>Nintendo Classic Mini<\/p>\n<p>Poczuj si\u0119 jak w latach osiemdziesi\u0105tych i dziewi\u0119\u0107dziesi\u0105tych ju\u017c 11 listopada, kiedy odb\u0119dzie si\u0119 premiera Nintendo Classic Mini: Nintendo Entertainment System. Klasyczny NES powraca w znajomej obudowie b\u0119d\u0105cej mini-replik\u0105 oryginalnej konsoli stacjonarnej Nintendo. Po pod\u0142\u0105czeniu konsoli do telewizora HD przy pomocy do\u0142\u0105czonego kabla HDMI, gracze b\u0119da mogli zmierzy\u0107 si\u0119 z 30 wbudowanymi grami, w\u015br\u00f3d kt\u00f3rych znajd\u0105 ulubione klasyki, takie jak Super Mario Bros., The Legend of Zelda, Metroid, Donkey Kong, PAC-MAN czy Kirby\u2019s Adventure.\u00a0                            <\/p>\n<p>Do konsoli Nintendo Classic Mini: Nintendo Entertainment System do\u0142\u0105czony b\u0119dzie kabel HDMI, kabel USB umo\u017cliwiaj\u0105cy pod\u0142\u0105czenie konsoli do zasilenia * i jeden gamepad Nintendo Classic Mini: NES Controller. Niezale\u017cnie od tego czy Twoim celem b\u0119dzie odkrycie na nowo ulubionych klasyk\u00f3w, czy te\u017c poznanie rado\u015bci p\u0142yn\u0105cej z grania w tytu\u0142y na NES-a, w tej fantastycznej kolekcji gier na pewno znajdziesz co\u015b dla siebie. Na konsoli b\u0119dzie mo\u017cna odpali\u0107 nast\u0119puj\u0105ce preinstalowane gry:\u00a0                            <\/p>\n<p>            Obejrzyj wideo-recenzj\u0119:<\/p>\n<p>            Lista pre-instalowanych gier:<\/p>\n<p>Balloon FightBUBBLE BOBBLECastlevania\u2122Castlevania II: Simon\u2019s Quest\u2122Donkey KongDonkey Kong Jr.DOUBLE DRAGON II: THE REVENGEDr. MarioExcitebikeFINAL FANTASY\u00aeGalaga\u2122GHOSTS\u2018N GOBLINS\u2122GRADIUS\u2122Ice ClimberKid IcarusKirby\u2019s AdventureMario Bros.MEGA MAN\u2122 2MetroidNINJA GAIDEN\u00aePAC-MAN\u2122Punch-Out!! Featuring Mr. DreamStarTropicsSUPER C\u2122Super Mario Bros.Super Mario Bros. 2Super Mario Bros. 3Tecmo Bowl\u2122The Legend of ZeldaZelda II: The Adventure of Link                            <\/p>\n<p>Ka\u017cdy z tych tytu\u0142\u00f3w na pewno przywo\u0142a wiele wspomnie\u0144 i pozwoli na prze\u017cycie kolejnych mi\u0142ych chwil. W wiele z tych gier mo\u017cna nawet gra\u0107 z przyjacielem lub przyjaci\u00f3\u0142k\u0105 po pod\u0142\u0105czeniu do konsoli drugiego gamepada Nintendo Classic Mini: NES Controller, sprzedawanego oddzielnie. W tym celu mo\u017cna r\u00f3wnie\u017c wykorzysta\u0107 Classic Controller lub Classic Controller Pro kompatybilny z konsol\u0105 Wii.\u00a0Nintendo Classic Mini: NES Controller przyda si\u0119 tak\u017ce w celu zagrania w gry z NES-a w ramach Konsoli Wirtualnej na Wii U lub Wii. Wystarczy pod\u0142\u0105czy\u0107 gamepad do Wii Remotea, aby znowu m\u00f3c gra\u0107 jak za starych dobrych czas\u00f3w. Gracze nie b\u0119d\u0105 musieli si\u0119 r\u00f3wnie\u017c martwi\u0107 o utrat\u0119 ci\u0119\u017cko wypracowanych post\u0119p\u00f3w w grach, poniewa\u017c w ka\u017cdej z nich znajd\u0105 wiele miejsc, kt\u00f3re pozwol\u0105 im na wstrzymanie rozgrywki i wznowienie jej w p\u00f3\u017aniejszym czasie, bez konieczno\u015bci korzystania z jakichkolwiek hase\u0142.\u00a0Wr\u00f3\u0107 do starych wspomnie\u0144 i stw\u00f3rz nowe pami\u0119tne chwile z konsol\u0105 Nintendo Classic Mini: Nintendo Entertainment System od Nintendo, kt\u00f3rej premiera odb\u0119dzie si\u0119 11 listopada. Prze\u017cyj na nowo chwile chwa\u0142y, pokonaj bossa, kt\u00f3ry wcze\u015bniej by\u0142 dla Ciebie niepokonany lub po prostu dobrze si\u0119 baw z klasycznymi tytu\u0142ami.\u00a0* W celu odpalenia konsoli nale\u017cy pod\u0142\u0105czy\u0107 kabel USB do zasilacza, kt\u00f3ry trzeba kupi\u0107 oddzielnie.<\/p>\n<h2>Nintendo Classic Mini: Kontroler Nintendo<\/h2>\n<p>zdrowe przepisy dla dzieci, bajki do czytania online, \u015bmieszne kanapki kanapki dla dzieci, trudne zagadki dla dzieci, traktor z przyczep\u0105 kolorowanka, my little pony kolorowanka, test z dynastii mizio\u0142k\u00f3w, zgadywanki, jak narysowa\u0107, niespotykane imiona \u017ce\u0144skie, \u017carty prima aprilis, karnawa\u0142 maska karnawa\u0142owa szablon, tajemniczy ogr\u00f3d test z lektury, menu urodzinowe dla dzieci w wieku 8 10 lat, wierszyki na \u015bmigusa dyngusa<\/p>\n<p>yyyyy<\/p>\n<p>&nbsp;<\/p>\n","protected":false},"excerpt":{"rendered":"<p>Nintendo Classic Mini Poczuj si\u0119 jak w latach osiemdziesi\u0105tych i dziewi\u0119\u0107dziesi\u0105tych ju\u017c 11 listopada, kiedy odb\u0119dzie si\u0119 premiera Nintendo Classic Mini: Nintendo Entertainment System. Klasyczny NES powraca w znajomej obudowie b\u0119d\u0105cej mini-replik\u0105 oryginalnej konsoli stacjonarnej Nintendo. Po pod\u0142\u0105czeniu konsoli do telewizora HD przy pomocy do\u0142\u0105czonego kabla HDMI, gracze b\u0119da mogli zmierzy\u0107 si\u0119 z 30 wbudowanymi [&hellip;]<\/p>\n","protected":false},"featured_media":1535,"comment_status":"closed","ping_status":"open","template":"","meta":[],"product_cat":[419,410],"product_tag":[831,758,795,589,609],"class_list":["post-1534","product","type-product","status-publish","has-post-thumbnail","hentry","product_cat-gamepady","product_cat-nintendo","product_tag-bruno","product_tag-julian","product_tag-mini-zoo-warszawa","product_tag-prezent-dla-rocznego-dziecka","product_tag-quiz-flagi-europy"],"_links":{"self":[{"href":"http:\/\/klubmamgdynia.pl\/index.php\/wp-json\/wp\/v2\/product\/1534","targetHints":{"allow":["GET"]}}],"collection":[{"href":"http:\/\/klubmamgdynia.pl\/index.php\/wp-json\/wp\/v2\/product"}],"about":[{"href":"http:\/\/klubmamgdynia.pl\/index.php\/wp-json\/wp\/v2\/types\/product"}],"replies":[{"embeddable":true,"href":"http:\/\/klubmamgdynia.pl\/index.php\/wp-json\/wp\/v2\/comments?post=1534"}],"wp:featuredmedia":[{"embeddable":true,"href":"http:\/\/klubmamgdynia.pl\/index.php\/wp-json\/wp\/v2\/media\/1535"}],"wp:attachment":[{"href":"http:\/\/klubmamgdynia.pl\/index.php\/wp-json\/wp\/v2\/media?parent=1534"}],"wp:term":[{"taxonomy":"product_cat","embeddable":true,"href":"http:\/\/klubmamgdynia.pl\/index.php\/wp-json\/wp\/v2\/product_cat?post=1534"},{"taxonomy":"product_tag","embeddable":true,"href":"http:\/\/klubmamgdynia.pl\/index.php\/wp-json\/wp\/v2\/product_tag?post=1534"}],"curies":[{"name":"wp","href":"https:\/\/api.w.org\/{rel}","templated":true}]}}