{"id":1536,"date":"2022-03-15T01:17:03","date_gmt":"2022-03-15T00:17:03","guid":{"rendered":"http:\/\/klubmamgdynia.pl\/index.php\/produkt\/triangle-strategy-gra-ns\/"},"modified":"2026-04-23T16:57:52","modified_gmt":"2026-04-23T14:57:52","slug":"triangle-strategy-gra-ns","status":"publish","type":"product","link":"http:\/\/klubmamgdynia.pl\/index.php\/produkt\/triangle-strategy-gra-ns\/","title":{"rendered":"Triangle Strategy (Gra NS)"},"content":{"rendered":"<p>Dokonuj wybor\u00f3w i rozwijaj swoje Idee w TRIANGLE STRATEGY, taktycznej grze RPG od Square Enix na Nintendo Switch. Dok\u0105d zaprowadzi ci\u0119 poczucie sprawiedliwo\u015bci w tej opowie\u015bci osadzonej w pi\u0119knej grafice HD 2D?                            <\/p>\n<p>\u00a0Trzy narody walcz\u0105 o kontrol\u0119 nad zmniejszaj\u0105cymi si\u0119 zasobami soli i \u017celazaDowodz\u0105c grup\u0105 wojownik\u00f3w jako Serenoa, spadkobierczyni rodu Wolffort, we\u017a udzia\u0142 w zawi\u0142ej intrydze, w kt\u00f3rej twoje decyzje b\u0119d\u0105 mia\u0142y decyduj\u0105ce znaczenie. Kluczowe wybory, kt\u00f3rych dokonasz, wzmocni\u0105 jedno z trzech Przekona\u0144 \u2013 Po\u017cytek, Moralno\u015b\u0107, Wolno\u015b\u0107 &#8211; kt\u00f3re razem sk\u0142adaj\u0105 si\u0119 na \u015bwiatopogl\u0105d Serenoi i wp\u0142ywaj\u0105 na rozw\u00f3j fabu\u0142y. Kiedy staniesz przed naprawd\u0119 wa\u017cnymi decyzjami, wiele postaci we\u017amie w nich udzia\u0142, oddaj\u0105c swoje g\u0142osy na Szalach Przekona\u0144. W takich chwilach sojusznicy i decyzje, kt\u00f3re podejmiesz, mog\u0105 zadecydowa\u0107 o losie ca\u0142ych narod\u00f3w i samego kontynentu Norzelii.\u00a0                            <\/p>\n<p>\u00a0Strategicznie kontroluj wielopoziomowe pola bitew, aby zapewni\u0107 sobie zwyci\u0119stwoZnalezienie najlepszego miejsca w bitwach turowych mo\u017ce przechyli\u0107 szal\u0119 zwyci\u0119stwa na twoj\u0105 korzy\u015b\u0107. Ustawiaj jednostki na wy\u017cej po\u0142o\u017conych terenach, aby przej\u0105\u0107 kontrol\u0119 nad polem bitwy i zyska\u0107 przewag\u0119 dzi\u0119ki wi\u0119kszemu zasi\u0119gowi.\u00a0\u00a0                            <\/p>\n<p>\u00a0Mo\u017cesz tak\u017ce okr\u0105\u017cy\u0107 wrog\u00f3w z obu stron, a nast\u0119pnie uderzy\u0107 od ty\u0142u, aby wykona\u0107 pot\u0119\u017cny atak uzupe\u0142niaj\u0105cy. Wa\u017cn\u0105 cz\u0119\u015b\u0107 walki stanowi\u0105 r\u00f3wnie\u017c reakcje \u0142a\u0144cuchowe \u017cywio\u0142\u00f3w. Na przyk\u0142ad mo\u017cesz u\u017cy\u0107 ognia, aby roztopi\u0107 oblodzony teren, a nast\u0119pnie u\u017cyj b\u0142yskawicy, aby doprowadzi\u0107 do pora\u017cenia pr\u0105dem. Wepchnij przeciwnika do naelektryzowanej wody, a zobaczysz, jak polec\u0105 iskry!<br \/>\n \u00a0                            <\/p>\n<p>\u00a0<\/p>\n<h2>Triangle Strategy (Gra NS) Square Enix<\/h2>\n<p>pola imi\u0119, dzie\u0144 pluszowego misia, cytat o rodzinie, prezenty dla 16 latki, prezent dla m\u0142odzie\u017cy, kolorowanki antystresowe do druku, ba\u015bniowe imiona \u017ce\u0144skie, ilona, test z lektury ten obcy, prezenty dla nastolatk\u00f3w, kolorowanki do druku dla dziewczyn, test narnia lew czarownica i stara szafa, kolorowanki dla dziewczynek, quiz minecraft, gad\u017cety dla nastolatk\u00f3w 2021<\/p>\n<p>yyyyy<\/p>\n<p>&nbsp;<\/p>\n","protected":false},"excerpt":{"rendered":"<p>Dokonuj wybor\u00f3w i rozwijaj swoje Idee w TRIANGLE STRATEGY, taktycznej grze RPG od Square Enix na Nintendo Switch. Dok\u0105d zaprowadzi ci\u0119 poczucie sprawiedliwo\u015bci w tej opowie\u015bci osadzonej w pi\u0119knej grafice HD 2D? \u00a0Trzy narody walcz\u0105 o kontrol\u0119 nad zmniejszaj\u0105cymi si\u0119 zasobami soli i \u017celazaDowodz\u0105c grup\u0105 wojownik\u00f3w jako Serenoa, spadkobierczyni rodu Wolffort, we\u017a udzia\u0142 w zawi\u0142ej [&hellip;]<\/p>\n","protected":false},"featured_media":1537,"comment_status":"closed","ping_status":"open","template":"","meta":[],"product_cat":[348,355],"product_tag":[763,826,665,651,746,634],"class_list":["post-1536","product","type-product","status-publish","has-post-thumbnail","hentry","product_cat-gry-nintendo-switch","product_cat-square-enix","product_tag-fabian","product_tag-prezent-dla-15-latka","product_tag-proste-zagadki","product_tag-quizy-online","product_tag-zagadki-typu-co-to-jest","product_tag-zagadki-wielkanocne-dla-dzieci"],"_links":{"self":[{"href":"http:\/\/klubmamgdynia.pl\/index.php\/wp-json\/wp\/v2\/product\/1536","targetHints":{"allow":["GET"]}}],"collection":[{"href":"http:\/\/klubmamgdynia.pl\/index.php\/wp-json\/wp\/v2\/product"}],"about":[{"href":"http:\/\/klubmamgdynia.pl\/index.php\/wp-json\/wp\/v2\/types\/product"}],"replies":[{"embeddable":true,"href":"http:\/\/klubmamgdynia.pl\/index.php\/wp-json\/wp\/v2\/comments?post=1536"}],"wp:featuredmedia":[{"embeddable":true,"href":"http:\/\/klubmamgdynia.pl\/index.php\/wp-json\/wp\/v2\/media\/1537"}],"wp:attachment":[{"href":"http:\/\/klubmamgdynia.pl\/index.php\/wp-json\/wp\/v2\/media?parent=1536"}],"wp:term":[{"taxonomy":"product_cat","embeddable":true,"href":"http:\/\/klubmamgdynia.pl\/index.php\/wp-json\/wp\/v2\/product_cat?post=1536"},{"taxonomy":"product_tag","embeddable":true,"href":"http:\/\/klubmamgdynia.pl\/index.php\/wp-json\/wp\/v2\/product_tag?post=1536"}],"curies":[{"name":"wp","href":"https:\/\/api.w.org\/{rel}","templated":true}]}}