{"id":1538,"date":"2014-11-06T17:32:42","date_gmt":"2014-11-06T16:32:42","guid":{"rendered":"http:\/\/klubmamgdynia.pl\/index.php\/produkt\/ukladanka-obrazkowa-puzzle-w-puszce-warzywa-owoce\/"},"modified":"2026-04-04T00:28:58","modified_gmt":"2026-04-03T22:28:58","slug":"ukladanka-obrazkowa-puzzle-w-puszce-warzywa-owoce","status":"publish","type":"product","link":"http:\/\/klubmamgdynia.pl\/index.php\/produkt\/ukladanka-obrazkowa-puzzle-w-puszce-warzywa-owoce\/","title":{"rendered":"Uk\u0142adanka obrazkowa puzzle w puszce warzywa\/owoce"},"content":{"rendered":"<p>PUZZLE UK\u0141ADANKA EDUKACYJNA Bajecznie kolorowa uk\u0142adanka z pewno\u015bci\u0105 skradnie serce ka\u017cdego dziecka.Kreatywna uk\u0142adanka, kt\u00f3ra dostarczy mn\u00f3stwo zabawy i wci\u0105gnie malucha na d\u0142ugie godziny.R\u00f3\u017cnokolorowe obrazki zach\u0119c\u0105 malucha do odkrywania \u015bwiata kszta\u0142t\u00f3w i przedmiot\u00f3w.Chcesz urozmaici\u0107 dziecku zabaw\u0119?Stw\u00f3rz z uk\u0142adanki gr\u0119 memory. Wymieszaj puzzle i odwr\u00f3\u0107 je obrazkiem do pod\u0142ogi. Gdy dziecko zajdzie par\u0119 b\u0119dzie mog\u0142o z\u0142o\u017cy\u0107 obrazek.Podczas zabawy maluch b\u0119dzie \u0107wiczy\u0107 pami\u0119\u0107, umiej\u0119tno\u015b\u0107 logicznego my\u015blenia i zdolno\u015bci manualne.Co wi\u0119cej puzzle b\u0119d\u0105 doskona\u0142ym sposobem na nauk\u0119 cierpliwo\u015bci.Nie zajmuj\u0105 wiele miejsca, a metalowe pude\u0142ko u\u0142atwi ich przechowywanie i zabranie ze sob\u0105 w podr\u00f3\u017c.Na puzzlach znajduj\u0105 si\u0119 napisy chi\u0144skie i angielskie, kt\u00f3re u\u0142atwi\u0105 nauk\u0119 jezyk\u00f3w obcych.Wymiary:Wymiary puzzla: 7,5&#215;5,5cmOpakowanie: 13x8cm<\/p>\n<h2>Uk\u0142adanka obrazkowa puzzle w puszce warzywa\/owoce Kontext<\/h2>\n<p>pisanie po \u015bladzie do druku pdf, auto kolorowanka, oryginalny prezent dla nastolatk\u00f3w, cytat dla mamy, chase psi patrol kolorowanka, bajki dla dzieci online, cytaty o dziecku, kolorowanki do wydruku, zagadki dla dzieci 6-7 lat, lol do druku, henryk, zagadka nie do rozwi\u0105zania, wiosenne zagadki, ptak b\u0105k, opowiadanie o jesieni dla dzieci, urodziny dziecka pomys\u0142y, planety uk\u0142ad s\u0142oneczny dla dzieci do druku, kotek kolorowanka do druku<\/p>\n<p>yyyyy<\/p>\n<p>&nbsp;<\/p>\n","protected":false},"excerpt":{"rendered":"<p>PUZZLE UK\u0141ADANKA EDUKACYJNA Bajecznie kolorowa uk\u0142adanka z pewno\u015bci\u0105 skradnie serce ka\u017cdego dziecka.Kreatywna uk\u0142adanka, kt\u00f3ra dostarczy mn\u00f3stwo zabawy i wci\u0105gnie malucha na d\u0142ugie godziny.R\u00f3\u017cnokolorowe obrazki zach\u0119c\u0105 malucha do odkrywania \u015bwiata kszta\u0142t\u00f3w i przedmiot\u00f3w.Chcesz urozmaici\u0107 dziecku zabaw\u0119?Stw\u00f3rz z uk\u0142adanki gr\u0119 memory. Wymieszaj puzzle i odwr\u00f3\u0107 je obrazkiem do pod\u0142ogi. Gdy dziecko zajdzie par\u0119 b\u0119dzie mog\u0142o z\u0142o\u017cy\u0107 obrazek.Podczas [&hellip;]<\/p>\n","protected":false},"featured_media":1539,"comment_status":"closed","ping_status":"open","template":"","meta":[],"product_cat":[20,90],"product_tag":[688,655,759,738],"class_list":["post-1538","product","type-product","status-publish","has-post-thumbnail","hentry","product_cat-kontext","product_cat-puzzle","product_tag-kolysanki-tekst","product_tag-najlepsze-zagadki","product_tag-pomysly-na-prezent-dla-nastolatkow","product_tag-wroclaw-dla-dzieci"],"_links":{"self":[{"href":"http:\/\/klubmamgdynia.pl\/index.php\/wp-json\/wp\/v2\/product\/1538","targetHints":{"allow":["GET"]}}],"collection":[{"href":"http:\/\/klubmamgdynia.pl\/index.php\/wp-json\/wp\/v2\/product"}],"about":[{"href":"http:\/\/klubmamgdynia.pl\/index.php\/wp-json\/wp\/v2\/types\/product"}],"replies":[{"embeddable":true,"href":"http:\/\/klubmamgdynia.pl\/index.php\/wp-json\/wp\/v2\/comments?post=1538"}],"wp:featuredmedia":[{"embeddable":true,"href":"http:\/\/klubmamgdynia.pl\/index.php\/wp-json\/wp\/v2\/media\/1539"}],"wp:attachment":[{"href":"http:\/\/klubmamgdynia.pl\/index.php\/wp-json\/wp\/v2\/media?parent=1538"}],"wp:term":[{"taxonomy":"product_cat","embeddable":true,"href":"http:\/\/klubmamgdynia.pl\/index.php\/wp-json\/wp\/v2\/product_cat?post=1538"},{"taxonomy":"product_tag","embeddable":true,"href":"http:\/\/klubmamgdynia.pl\/index.php\/wp-json\/wp\/v2\/product_tag?post=1538"}],"curies":[{"name":"wp","href":"https:\/\/api.w.org\/{rel}","templated":true}]}}