{"id":154,"date":"2022-03-02T12:09:41","date_gmt":"2022-03-02T11:09:41","guid":{"rendered":"http:\/\/klubmamgdynia.pl\/index.php\/produkt\/hipp-bio-cielecina-z-warzywami-125g\/"},"modified":"2026-05-17T22:49:26","modified_gmt":"2026-05-17T20:49:26","slug":"hipp-bio-cielecina-z-warzywami-125g","status":"publish","type":"product","link":"http:\/\/klubmamgdynia.pl\/index.php\/produkt\/hipp-bio-cielecina-z-warzywami-125g\/","title":{"rendered":"Hipp Bio Ciel\u0119cina Z Warzywami 125G"},"content":{"rendered":"<p>Propozycja na pierwszy pe\u0142ny obiadek dla 5 miesi\u0119cznego dziecka. Zawarte w daniu mi\u0119so jest wa\u017cnym sk\u0142adnikiem diety dziecka z uwagi na zawarto\u015b\u0107 bia\u0142ka i \u017celaza.<\/p>\n<h2>Hipp Bio Ciel\u0119cina Z Warzywami 125G Hipp<\/h2>\n<p>opowie\u015bci z narnii lew czarownica i stara szafa test do wydruku, test opowie\u015b\u0107 wigilijna, prezent dla nastolatk\u00f3w na \u015bwi\u0119ta, piosenki na dobranoc tekst, zagadki dla 7 latk\u00f3w, kolorowanka lato, samoch\u00f3d kolorowanka do druku<\/p>\n<p>yyyyy<\/p>\n<p>&nbsp;<\/p>\n","protected":false},"excerpt":{"rendered":"<p>Propozycja na pierwszy pe\u0142ny obiadek dla 5 miesi\u0119cznego dziecka. Zawarte w daniu mi\u0119so jest wa\u017cnym sk\u0142adnikiem diety dziecka z uwagi na zawarto\u015b\u0107 bia\u0142ka i \u017celaza. Hipp Bio Ciel\u0119cina Z Warzywami 125G Hipp opowie\u015bci z narnii lew czarownica i stara szafa test do wydruku, test opowie\u015b\u0107 wigilijna, prezent dla nastolatk\u00f3w na \u015bwi\u0119ta, piosenki na dobranoc tekst, [&hellip;]<\/p>\n","protected":false},"featured_media":155,"comment_status":"closed","ping_status":"open","template":"","meta":[],"product_cat":[81,66],"product_tag":[668,769,726,587,860],"class_list":["post-154","product","type-product","status-publish","has-post-thumbnail","hentry","product_cat-dania-dla-dzieci","product_cat-hipp","product_tag-atrakcje-dla-dzieci-wroclaw","product_tag-psi-patrol-do-czytania","product_tag-quiz-zemsta","product_tag-skalne-miasto","product_tag-zagadki-logiczne-dla-doroslych"],"_links":{"self":[{"href":"http:\/\/klubmamgdynia.pl\/index.php\/wp-json\/wp\/v2\/product\/154","targetHints":{"allow":["GET"]}}],"collection":[{"href":"http:\/\/klubmamgdynia.pl\/index.php\/wp-json\/wp\/v2\/product"}],"about":[{"href":"http:\/\/klubmamgdynia.pl\/index.php\/wp-json\/wp\/v2\/types\/product"}],"replies":[{"embeddable":true,"href":"http:\/\/klubmamgdynia.pl\/index.php\/wp-json\/wp\/v2\/comments?post=154"}],"wp:featuredmedia":[{"embeddable":true,"href":"http:\/\/klubmamgdynia.pl\/index.php\/wp-json\/wp\/v2\/media\/155"}],"wp:attachment":[{"href":"http:\/\/klubmamgdynia.pl\/index.php\/wp-json\/wp\/v2\/media?parent=154"}],"wp:term":[{"taxonomy":"product_cat","embeddable":true,"href":"http:\/\/klubmamgdynia.pl\/index.php\/wp-json\/wp\/v2\/product_cat?post=154"},{"taxonomy":"product_tag","embeddable":true,"href":"http:\/\/klubmamgdynia.pl\/index.php\/wp-json\/wp\/v2\/product_tag?post=154"}],"curies":[{"name":"wp","href":"https:\/\/api.w.org\/{rel}","templated":true}]}}