{"id":1540,"date":"2022-08-27T05:00:26","date_gmt":"2022-08-27T03:00:26","guid":{"rendered":"http:\/\/klubmamgdynia.pl\/index.php\/produkt\/gra-planszowa-franckh-kosmos-harry-potter-verteidigung-gegen-die-dunklen-kunste-wersja-niemiecka\/"},"modified":"2026-04-18T23:36:50","modified_gmt":"2026-04-18T21:36:50","slug":"gra-planszowa-franckh-kosmos-harry-potter-verteidigung-gegen-die-dunklen-kunste-wersja-niemiecka","status":"publish","type":"product","link":"http:\/\/klubmamgdynia.pl\/index.php\/produkt\/gra-planszowa-franckh-kosmos-harry-potter-verteidigung-gegen-die-dunklen-kunste-wersja-niemiecka\/","title":{"rendered":"Gra planszowa Franckh-Kosmos Harry Potter Verteidigung gegen die dunklen K\u00fcnste (wersja niemiecka)"},"content":{"rendered":"<p>Das erfolgreiche Spielprinzip vom Bestseller &#8222;Harry Potter(TM): Kampf um Hogwarts&#8221;, jetzt als Spiel f\u00fcr zwei. Fantasy: tolle Ausstattung und atmosph\u00e4rische Spielkarten. Kompetitives Kartenspiel. Bekannte Regelelemente aus dem Gesellschaftsspiel &#8222;Harry Potter(TM): Kampf um Hogwarts(TM)&#8221;. Ein perfektes Geschenk f\u00fcr jeden Harry Potter(TM) Fan. F\u00fcr 2 Spieler ab 11 Jahren.Die Zauberschule Hogwarts(TM) muss dringend handeln: Die dunklen M\u00e4chte werden immer st\u00e4rker! Schulleiter Albus Dumbledore(TM) beschlie\u00dft deshalb, seine Sch\u00fctzlinge zus\u00e4tzlich in Verteidigung gegen die dunklen K\u00fcnste trainieren zu lassen. Auch die Spieler k\u00f6nnen in diesem Duell ihre F\u00e4higkeiten in Verteidigung gegen die Dunklen K\u00fcnste trainieren. Dabei sammeln sie Gegenst\u00e4nde und \u00fcben schwierige Zauberspr\u00fcche, mit denen sie den Gegner bet\u00e4uben. Wer zus\u00e4tzlich noch Verb\u00fcndete findet, kann sich sicher sein, dass diese ihn im Zweikampf unterst\u00fctzen. Wem es in diesem kompetitiven Deck-Building-Spiel gelingt, die gegnerische Spielfigur zur\u00fcckzudr\u00e4ngen und zu bet\u00e4uben, hat gewonnen! F\u00fcr Fans von Action und Magie ist dieses Hogwarts Battle(TM) genau das richtige Geschenk!<\/p>\n<h2>Gra planszowa Franckh-Kosmos Harry Potter Verteidigung gegen die dunklen K\u00fcnste (wersja niemiecka) <\/h2>\n<p>zagadki dla dzieci 10 12 lat z odpowiedziami, zagadki podchwytliwe, kolorowanka pokemon, bajka dla niemowlaka, lodowiska w warszawie, mapa europy do druku, co kupic dziewczynce na roczek, bajki na dobranoc dla dzieci, praktyczny prezent dla rocznego dziecka, dzie\u0144 mamy sentencje, nela imi\u0119, kr\u00f3tkie zagadki, test opowie\u015b\u0107 wigilijna, psi patrol kolorowanki<\/p>\n<p>yyyyy<\/p>\n<p>&nbsp;<\/p>\n","protected":false},"excerpt":{"rendered":"<p>Das erfolgreiche Spielprinzip vom Bestseller &#8222;Harry Potter(TM): Kampf um Hogwarts&#8221;, jetzt als Spiel f\u00fcr zwei. Fantasy: tolle Ausstattung und atmosph\u00e4rische Spielkarten. Kompetitives Kartenspiel. Bekannte Regelelemente aus dem Gesellschaftsspiel &#8222;Harry Potter(TM): Kampf um Hogwarts(TM)&#8221;. Ein perfektes Geschenk f\u00fcr jeden Harry Potter(TM) Fan. F\u00fcr 2 Spieler ab 11 Jahren.Die Zauberschule Hogwarts(TM) muss dringend handeln: Die dunklen M\u00e4chte [&hellip;]<\/p>\n","protected":false},"featured_media":1541,"comment_status":"closed","ping_status":"open","template":"","meta":[],"product_cat":[235],"product_tag":[772,790,626,602,830,576],"class_list":["post-1540","product","type-product","status-publish","has-post-thumbnail","hentry","product_cat-gry-planszowe","product_tag-45-panstw-europy-i-ich-stolice-quiz","product_tag-gry-planszowe-dla-nastolatkow","product_tag-jacek","product_tag-quiz-o-zwierzetach-domowych","product_tag-rodzina-cytaty","product_tag-trudne-zagadki"],"_links":{"self":[{"href":"http:\/\/klubmamgdynia.pl\/index.php\/wp-json\/wp\/v2\/product\/1540","targetHints":{"allow":["GET"]}}],"collection":[{"href":"http:\/\/klubmamgdynia.pl\/index.php\/wp-json\/wp\/v2\/product"}],"about":[{"href":"http:\/\/klubmamgdynia.pl\/index.php\/wp-json\/wp\/v2\/types\/product"}],"replies":[{"embeddable":true,"href":"http:\/\/klubmamgdynia.pl\/index.php\/wp-json\/wp\/v2\/comments?post=1540"}],"wp:featuredmedia":[{"embeddable":true,"href":"http:\/\/klubmamgdynia.pl\/index.php\/wp-json\/wp\/v2\/media\/1541"}],"wp:attachment":[{"href":"http:\/\/klubmamgdynia.pl\/index.php\/wp-json\/wp\/v2\/media?parent=1540"}],"wp:term":[{"taxonomy":"product_cat","embeddable":true,"href":"http:\/\/klubmamgdynia.pl\/index.php\/wp-json\/wp\/v2\/product_cat?post=1540"},{"taxonomy":"product_tag","embeddable":true,"href":"http:\/\/klubmamgdynia.pl\/index.php\/wp-json\/wp\/v2\/product_tag?post=1540"}],"curies":[{"name":"wp","href":"https:\/\/api.w.org\/{rel}","templated":true}]}}