{"id":1542,"date":"2013-06-06T05:59:32","date_gmt":"2013-06-06T03:59:32","guid":{"rendered":"http:\/\/klubmamgdynia.pl\/index.php\/produkt\/fast-furious-crossroads-gra-xbox-one\/"},"modified":"2026-04-16T22:34:34","modified_gmt":"2026-04-16T20:34:34","slug":"fast-furious-crossroads-gra-xbox-one","status":"publish","type":"product","link":"http:\/\/klubmamgdynia.pl\/index.php\/produkt\/fast-furious-crossroads-gra-xbox-one\/","title":{"rendered":"Fast &amp; Furious Crossroads (Gra Xbox One)"},"content":{"rendered":"<p>FAST &amp; FURIOUS CROSSROADSXbox One                            <\/p>\n<p>Zapl\u0105tani w niebezpieczny \u015bwiat zorganizowanej przest\u0119pczo\u015bci, trzej w\u0142a\u015bciciele ma\u0142ych warsztat\u00f3w staj\u0105 na rozdro\u017cach. W drodze ku zem\u015bcie, ich losy zderzaj\u0105 si\u0119 z obsad\u0105 znanych bohater\u00f3w, maj\u0105cych tego samego wroga.Wci\u015bnij gaz do dechy w oficjalnym nowym rozdziale sagi Fast &amp; Furious \u2013 Dom, Letty i Roman wracaj\u0105, aby umie\u015bci\u0107 CIEBIE w samym \u015brodku tej historiiZalicz filmowe akcje na ca\u0142ym \u015bwiecie, \u015bmigaj\u0105c samochodami z film\u00f3w, nad kt\u00f3rymi opiek\u0119 roztacza Dennis McCarthy, oficjalny koordynator pojazd\u00f3w z Fast &amp; FuriousPrzeprowad\u017a dynamiczne skoki i skorzystaj z nowych oraz znanych gad\u017cet\u00f3w z film\u00f3wGraj online ze znajomymi w dru\u017cynowej akcji samochodowej \u201egliniarze kontra bohaterowie kontra z\u0142oczy\u0144cy\u201d z trzema frakcjamiAwansuj, aby odblokowa\u0107 samochody, kolory, malowania, spraye, tablice rejestracyjne, gad\u017cety i nie tylko                            <\/p>\n<p>Fast &amp; Furious: Crossroads to oparta na licencji filmowych Szybkich i W\u015bciek\u0142ych, samochodowa gra akcji, za kt\u00f3rej opracowaniem stoi wyspecjalizowany w gatunku gier wy\u015bcigowych zesp\u00f3\u0142 Slightly Mad Studios. Wydaniem tej produkcji zaj\u0119\u0142a si\u0119 natomiast firma Bandai Namco Entertainment.                            <\/p>\n<p>Fast &amp; Furious: Crossroads opowiada now\u0105 histori\u0119 osadzon\u0105 w uniwersum wykreowanym na potrzeby filmowej serii Szybcy i W\u015bciekli. W grze pojawiaj\u0105 si\u0119 bohaterowie znani z wielkiego ekranu, czyli Dominic Toretto (w tej roli Vin Diesel), Leticia Ortiz (w kt\u00f3r\u0105 wciela si\u0119 Michelle Rodriguez) oraz Roman Pearce (czyli aktor Tyrese Gibson). Ponadto w obsadzie znajdziemy zupe\u0142nie nowe postacie, w kt\u00f3re wcielaj\u0105 si\u0119 Sonequa Martin-Green i Asia Kate Dillon. W obliczu nowego zagro\u017cenia wymienieni bohaterowie musz\u0105 wsp\u00f3lnie zag\u0142\u0119bi\u0107 si\u0119 w \u015bwiat mi\u0119dzynarodowego szpiegostwa.                            <\/p>\n<p>Rozgrywka w Fast &amp; Furious: Crossroads na\u015bladuje kinow\u0105 seri\u0119. W trakcie zabawy zasiadamy wi\u0119c za k\u00f3\u0142kiem rozmaitych aut i bierzemy udzia\u0142 w widowiskowych akcjach \u2013 napady, po\u015bcigi i walka o \u017cycie s\u0105 tutaj na porz\u0105dku dziennym. Fabu\u0142a rzuca nas przy tym w zr\u00f3\u017cnicowane miejsca \u2013 od t\u0119tni\u0105cych \u017cyciem ulic, po bardziej egzotyczne lokacje.                            <\/p>\n<p>Lista dost\u0119pnych samochod\u00f3w jest zr\u00f3\u017cnicowana. Letty i Dom preferuj\u0105 klasyk\u0119; podczas gdy w gara\u017cu tej pierwszej znajdziemy Chevroleta Corvette C2 Sting Ray, Datsuna 240Z i Porsche 911 Carrera RSR, bohater odgrywany przez Vina Diesla robi u\u017cytek z dobrodziejstw niesionych przez Dodge\u2019a Chargera R\/T, Chevroleta 150 i Plymoutha GTX. Rome jest natomiast mi\u0142o\u015bnikiem wsp\u00f3\u0142czesnych supersamochod\u00f3w, tote\u017c zasiada za kierownic\u0105 Astona Martina DB11 i Forda GT z 2017 roku.                            <\/p>\n<p>Pod wzgl\u0119dem jako\u015bci oprawy graficznej Fast &amp; Furious: Crossroads odstaje od tuz\u00f3w gatunku. Produkcja przywodzi na my\u015bl tytu\u0142y z si\u00f3dmej generacji konsol \u2013 pomimo \u017ce modele samochod\u00f3w s\u0105 dopracowane, postacie \u201enie grzesz\u0105\u201d detalami, podobnie jak elementy otoczenia.                            <\/p>\n<p>.                            <\/p>\n<p>.<\/p>\n<h2>Fast &amp; Furious Crossroads (Gra Xbox One) Xbox<\/h2>\n<p>asiunia test z lektury, ostatni dzwonek tekst, piosenka dla mamy tekst, kolorowanki disney, zagadki dla m\u0142odzie\u017cy, kolorowanka pies, zings kolorowanka, linda<\/p>\n<p>yyyyy<\/p>\n<p>&nbsp;<\/p>\n","protected":false},"excerpt":{"rendered":"<p>FAST &amp; FURIOUS CROSSROADSXbox One Zapl\u0105tani w niebezpieczny \u015bwiat zorganizowanej przest\u0119pczo\u015bci, trzej w\u0142a\u015bciciele ma\u0142ych warsztat\u00f3w staj\u0105 na rozdro\u017cach. W drodze ku zem\u015bcie, ich losy zderzaj\u0105 si\u0119 z obsad\u0105 znanych bohater\u00f3w, maj\u0105cych tego samego wroga.Wci\u015bnij gaz do dechy w oficjalnym nowym rozdziale sagi Fast &amp; Furious \u2013 Dom, Letty i Roman wracaj\u0105, aby umie\u015bci\u0107 CIEBIE w [&hellip;]<\/p>\n","protected":false},"featured_media":1543,"comment_status":"closed","ping_status":"open","template":"","meta":[],"product_cat":[421,405],"product_tag":[859,764,693],"class_list":["post-1542","product","type-product","status-publish","has-post-thumbnail","hentry","product_cat-gry-xbox-one","product_cat-xbox","product_tag-dobranoc-pchly-na-noc","product_tag-prezenty-na-roczek-dla-dziewczynki","product_tag-zagadki-dla-doroslych"],"_links":{"self":[{"href":"http:\/\/klubmamgdynia.pl\/index.php\/wp-json\/wp\/v2\/product\/1542","targetHints":{"allow":["GET"]}}],"collection":[{"href":"http:\/\/klubmamgdynia.pl\/index.php\/wp-json\/wp\/v2\/product"}],"about":[{"href":"http:\/\/klubmamgdynia.pl\/index.php\/wp-json\/wp\/v2\/types\/product"}],"replies":[{"embeddable":true,"href":"http:\/\/klubmamgdynia.pl\/index.php\/wp-json\/wp\/v2\/comments?post=1542"}],"wp:featuredmedia":[{"embeddable":true,"href":"http:\/\/klubmamgdynia.pl\/index.php\/wp-json\/wp\/v2\/media\/1543"}],"wp:attachment":[{"href":"http:\/\/klubmamgdynia.pl\/index.php\/wp-json\/wp\/v2\/media?parent=1542"}],"wp:term":[{"taxonomy":"product_cat","embeddable":true,"href":"http:\/\/klubmamgdynia.pl\/index.php\/wp-json\/wp\/v2\/product_cat?post=1542"},{"taxonomy":"product_tag","embeddable":true,"href":"http:\/\/klubmamgdynia.pl\/index.php\/wp-json\/wp\/v2\/product_tag?post=1542"}],"curies":[{"name":"wp","href":"https:\/\/api.w.org\/{rel}","templated":true}]}}