{"id":1544,"date":"2015-10-01T10:57:51","date_gmt":"2015-10-01T08:57:51","guid":{"rendered":"http:\/\/klubmamgdynia.pl\/index.php\/produkt\/winning-moves-monopoly-junior-peppa-pig\/"},"modified":"2026-04-05T00:06:16","modified_gmt":"2026-04-04T22:06:16","slug":"winning-moves-monopoly-junior-peppa-pig","status":"publish","type":"product","link":"http:\/\/klubmamgdynia.pl\/index.php\/produkt\/winning-moves-monopoly-junior-peppa-pig\/","title":{"rendered":"Winning Moves Monopoly Junior Peppa Pig"},"content":{"rendered":"<p>Gra ekonomiczna Monopoly Junior \u015awinka Peppa 27601 5036905027601<\/p>\n<p>Gra ekonomiczna Junior \u015awinka Peppa.Cechy produktu: kod produktu: 27601 wymiary opakowania: 27 x 27 x 5,2 cm kategoria wiekowa: 4 lata+ liczba graczy: 2-4 EAN: 5036905027601 Wiek minimalny: 4 lata+ Liczba graczy: 2-4                            <\/p>\n<p>Gra Monopoly \u015awinka Peppa Dzi\u0119ki uproszczonym zasadom gry, jest wspania\u0142ym wprowadzeniem do \u015bwiata gier Monopoly. Poruszaj\u0105c si\u0119 po planszy, spotkasz przyjaci\u00f3\u0142 \u015awinki Peppy. Zobacz, co w swoim samochodzie kryje Pan Lis, sprawd\u017a, jak\u0105 niespodziank\u0119 ma dla Ciebie Pani Kr\u00f3lik. Mn\u00f3stwo emocji gwarantowane!<\/p>\n<h2>Winning Moves Monopoly Junior Peppa Pig Winning Moves<\/h2>\n<p>zagadki halloween dla dzieci, zaproszenie na urodziny dziecka tekst do druku, dzie\u0144 mamy sentencje, niespotykane imiona \u017ce\u0144skie, zagadki co to jest, test z lektury magiczne drzewo czerwone krzes\u0142o, w uk\u0142adzie s\u0142onecznym tekst, wszystkie flagi \u015bwiata quiz, bajki dla dzieci online, co dla dziecka na roczek, zagadki dla dzieci 7-8 lat online, dobrej nocy i sza, praktyczny prezent dla rocznego dziecka, zagadki o wielkanocy dla dzieci, list do \u015bw miko\u0142aja &#8212; wz\u00f3r<\/p>\n<p>yyyyy<\/p>\n<p>&nbsp;<\/p>\n","protected":false},"excerpt":{"rendered":"<p>Gra ekonomiczna Monopoly Junior \u015awinka Peppa 27601 5036905027601 Gra ekonomiczna Junior \u015awinka Peppa.Cechy produktu: kod produktu: 27601 wymiary opakowania: 27 x 27 x 5,2 cm kategoria wiekowa: 4 lata+ liczba graczy: 2-4 EAN: 5036905027601 Wiek minimalny: 4 lata+ Liczba graczy: 2-4 Gra Monopoly \u015awinka Peppa Dzi\u0119ki uproszczonym zasadom gry, jest wspania\u0142ym wprowadzeniem do \u015bwiata gier [&hellip;]<\/p>\n","protected":false},"featured_media":1545,"comment_status":"closed","ping_status":"open","template":"","meta":[],"product_cat":[130,226],"product_tag":[853,743,823],"class_list":["post-1544","product","type-product","status-publish","has-post-thumbnail","hentry","product_cat-gry-dzieciece","product_cat-winning-moves","product_tag-kolorowanki-do-druku-dla-doroslych","product_tag-quiz-dla-dzieci","product_tag-zagadki-dla-dzieci-7-lat"],"_links":{"self":[{"href":"http:\/\/klubmamgdynia.pl\/index.php\/wp-json\/wp\/v2\/product\/1544","targetHints":{"allow":["GET"]}}],"collection":[{"href":"http:\/\/klubmamgdynia.pl\/index.php\/wp-json\/wp\/v2\/product"}],"about":[{"href":"http:\/\/klubmamgdynia.pl\/index.php\/wp-json\/wp\/v2\/types\/product"}],"replies":[{"embeddable":true,"href":"http:\/\/klubmamgdynia.pl\/index.php\/wp-json\/wp\/v2\/comments?post=1544"}],"wp:featuredmedia":[{"embeddable":true,"href":"http:\/\/klubmamgdynia.pl\/index.php\/wp-json\/wp\/v2\/media\/1545"}],"wp:attachment":[{"href":"http:\/\/klubmamgdynia.pl\/index.php\/wp-json\/wp\/v2\/media?parent=1544"}],"wp:term":[{"taxonomy":"product_cat","embeddable":true,"href":"http:\/\/klubmamgdynia.pl\/index.php\/wp-json\/wp\/v2\/product_cat?post=1544"},{"taxonomy":"product_tag","embeddable":true,"href":"http:\/\/klubmamgdynia.pl\/index.php\/wp-json\/wp\/v2\/product_tag?post=1544"}],"curies":[{"name":"wp","href":"https:\/\/api.w.org\/{rel}","templated":true}]}}