{"id":1546,"date":"2016-08-11T08:45:53","date_gmt":"2016-08-11T06:45:53","guid":{"rendered":"http:\/\/klubmamgdynia.pl\/index.php\/produkt\/hades-gra-xbox-one\/"},"modified":"2026-04-04T20:00:13","modified_gmt":"2026-04-04T18:00:13","slug":"hades-gra-xbox-one","status":"publish","type":"product","link":"http:\/\/klubmamgdynia.pl\/index.php\/produkt\/hades-gra-xbox-one\/","title":{"rendered":"Hades (Gra Xbox One)"},"content":{"rendered":"<p>\u00a0                            <\/p>\n<p>HADESXbox One                            <\/p>\n<p>HADES, PRZEZ KRYTYK\u00d3W DOCENIANA GRA TYPU ROGUE-LIKE DUNGEON CRAWLER, W\u0141A\u015aNIE NADCHODZI!                            <\/p>\n<p>Postaw si\u0119 bogu umar\u0142ych i wywalcz sobie drog\u0119 z Za\u015bwiat\u00f3w w grze typu rogue-like dungeon crawler od tw\u00f3rc\u00f3w Bastionu i Transistora.                            <\/p>\n<p>WYWALCZ DROG\u0118 Z PIEK\u0141A<br \/>\nJako nie\u015bmiertelny Ksi\u0105\u017c\u0119 Za\u015bwiat\u00f3w u\u017cyj mocy i mitycznych broni Olimpu, aby uwolni\u0107 si\u0119 ze szpon\u00f3w samego boga umar\u0142ych. Ro\u015bnij w si\u0142\u0119 i wraz z ka\u017cd\u0105 pr\u00f3b\u0105 ucieczki odkrywaj kolejny fragment historii.                            <\/p>\n<p>\u00a0                            <\/p>\n<p>ROZP\u0118TAJ GNIEW OLIMPU<br \/>\nGreccy bogowie os\u0142aniaj\u0105 Twoje ty\u0142y! Zeus, Atena, Posejdon i wielu innych bog\u00f3w s\u0142u\u017cy pomoc\u0105. Skorzystaj z ich pot\u0119\u017cnych dar\u00f3w, kt\u00f3re poprawi\u0105 Twoje umiej\u0119tno\u015bci. W trakcie gry mo\u017cesz odkry\u0107 tysi\u0105ce przydatnych konfiguracji postaci.                            <\/p>\n<p>\u00a0                            <\/p>\n<p>ZAPRZYJA\u0179NIJ SI\u0118 Z BOGAMI, DUCHAMI I POTWORAMIW pe\u0142ni ug\u0142osowiona obsada kolorowych, niezwyk\u0142ych postaci czeka na spotkanie z Tob\u0105! Rozwijaj z nimi relacje i prze\u017cyj tysi\u0105ce wyj\u0105tkowych wydarze\u0144 fabularnych, dowiaduj\u0105c si\u0119, o co naprawd\u0119 chodzi w tej du\u017cej, dysfunkcyjnej rodzinie.                            <\/p>\n<p>\u00a0                            <\/p>\n<p>STWORZONY DLA PONOWNEJ ROZGRYWKI<br \/>\nZa ka\u017cdym razem, gdy zag\u0142\u0119bisz si\u0119 w nieustannie zmieniaj\u0105ce si\u0119 Za\u015bwiaty, czeka na Ciebie mn\u00f3stwo niespodzianek, poniewa\u017c tutejsi bossowie dobrze Ci\u0119 zapami\u0119taj\u0105! U\u017cyj pot\u0119\u017cnego\u00a0Zwierciad\u0142a Nocy, aby stale rosn\u0105\u0107 w si\u0142\u0119, i zapewnij sobie przewag\u0119 podczas nast\u0119pnej ucieczki\u00a0z domu.                            <\/p>\n<p>\u00a0                            <\/p>\n<p>NIC NIE JEST NIEMO\u017bLIWESta\u0142e ulepszenia oznaczaj\u0105, \u017ce nie musisz sam by\u0107 bogiem, aby do\u015bwiadczy\u0107 ekscytuj\u0105cej walki i wci\u0105gaj\u0105cej fabu\u0142y. Je\u017celi jednak jeste\u015b jednym z nich, podkr\u0119\u0107 wyzwanie i przygotuj si\u0119 nawartk\u0105 akcj\u0119, kt\u00f3ra wystawi na pr\u00f3b\u0119 twoje dobrze wy\u0107wiczone umiej\u0119tno\u015bci.                            <\/p>\n<p>\u00a0                            <\/p>\n<p>CHARAKTERYSTYCZNY STYL SUPERGIANT<br \/>\nBogata, klimatyczna prezentacja i wyj\u0105tkowe po\u0142\u0105czenie rozgrywki i narracji, kt\u00f3re stanowi\u0105 podstaw\u0119 gier Supergiant, uderzaj\u0105 z pe\u0142n\u0105 moc\u0105: spektakularne, r\u0119cznie malowane \u015brodowiskai pompuj\u0105ca krew w \u017cy\u0142ach oryginalna \u015bcie\u017cka d\u017awi\u0119kowa o\u017cywiaj\u0105 Za\u015bwiaty.                            <\/p>\n<p>\u00a0                            <\/p>\n<p>\u00a0<\/p>\n<h2>Hades (Gra Xbox One) Supergiant Games<\/h2>\n<p>kr\u00f3tkie zagadki, zabawy miko\u0142ajkowe dla dzieci, co na roczek dla ch\u0142opca, kolorowanka antystresowa<\/p>\n<p>yyyyy<\/p>\n<p>&nbsp;<\/p>\n","protected":false},"excerpt":{"rendered":"<p>\u00a0 HADESXbox One HADES, PRZEZ KRYTYK\u00d3W DOCENIANA GRA TYPU ROGUE-LIKE DUNGEON CRAWLER, W\u0141A\u015aNIE NADCHODZI! Postaw si\u0119 bogu umar\u0142ych i wywalcz sobie drog\u0119 z Za\u015bwiat\u00f3w w grze typu rogue-like dungeon crawler od tw\u00f3rc\u00f3w Bastionu i Transistora. WYWALCZ DROG\u0118 Z PIEK\u0141A Jako nie\u015bmiertelny Ksi\u0105\u017c\u0119 Za\u015bwiat\u00f3w u\u017cyj mocy i mitycznych broni Olimpu, aby uwolni\u0107 si\u0119 ze szpon\u00f3w samego [&hellip;]<\/p>\n","protected":false},"featured_media":1547,"comment_status":"closed","ping_status":"open","template":"","meta":[],"product_cat":[421,428],"product_tag":[837,777,849],"class_list":["post-1546","product","type-product","status-publish","has-post-thumbnail","hentry","product_cat-gry-xbox-one","product_cat-supergiant-games","product_tag-cicha-noc-po-angielsku","product_tag-co-na-roczek","product_tag-zagadki-matematyczne-dla-dzieci"],"_links":{"self":[{"href":"http:\/\/klubmamgdynia.pl\/index.php\/wp-json\/wp\/v2\/product\/1546","targetHints":{"allow":["GET"]}}],"collection":[{"href":"http:\/\/klubmamgdynia.pl\/index.php\/wp-json\/wp\/v2\/product"}],"about":[{"href":"http:\/\/klubmamgdynia.pl\/index.php\/wp-json\/wp\/v2\/types\/product"}],"replies":[{"embeddable":true,"href":"http:\/\/klubmamgdynia.pl\/index.php\/wp-json\/wp\/v2\/comments?post=1546"}],"wp:featuredmedia":[{"embeddable":true,"href":"http:\/\/klubmamgdynia.pl\/index.php\/wp-json\/wp\/v2\/media\/1547"}],"wp:attachment":[{"href":"http:\/\/klubmamgdynia.pl\/index.php\/wp-json\/wp\/v2\/media?parent=1546"}],"wp:term":[{"taxonomy":"product_cat","embeddable":true,"href":"http:\/\/klubmamgdynia.pl\/index.php\/wp-json\/wp\/v2\/product_cat?post=1546"},{"taxonomy":"product_tag","embeddable":true,"href":"http:\/\/klubmamgdynia.pl\/index.php\/wp-json\/wp\/v2\/product_tag?post=1546"}],"curies":[{"name":"wp","href":"https:\/\/api.w.org\/{rel}","templated":true}]}}