{"id":1548,"date":"2018-10-01T13:37:56","date_gmt":"2018-10-01T11:37:56","guid":{"rendered":"http:\/\/klubmamgdynia.pl\/index.php\/produkt\/cartamundi-karty-casino-55-bridge-size-4-standard-index-kolor-brazowy\/"},"modified":"2026-04-26T23:57:53","modified_gmt":"2026-04-26T21:57:53","slug":"cartamundi-karty-casino-55-bridge-size-4-standard-index-kolor-brazowy","status":"publish","type":"product","link":"http:\/\/klubmamgdynia.pl\/index.php\/produkt\/cartamundi-karty-casino-55-bridge-size-4-standard-index-kolor-brazowy\/","title":{"rendered":"Cartamundi Karty Casino 55 Bridge Size 4 Standard Index Kolor Br\u0105zowy"},"content":{"rendered":"<p>CARTAMUNDI Karty Casino 55 Bridge Size 4 Standard IndexNr kat.: 107102324994\/2Podstawowe karty do gry w bryd\u017ca z klasycznym wzorem marki Cartamundi.55 kart z rewersami w kolorze br\u0105zowym.Wykonane z kartonu powleczonego plastikiem.Podw\u00f3jne standardowe indeksy.Wymiary kart: 57 x 89 mm.Wyprodukowane w UE.Cartamundi \u2013 belgijski producent kart do gry. Firma powsta\u0142a w Turnhout w 1970 r. Poza siedzib\u0105 g\u0142\u00f3wn\u0105 i centrum produkcyjnym w Turnhout w Belgii, Cartamundi posiada tak\u017ce fabryki w Niemczech, Stanach Zjednoczonych, Wielkiej Brytanii, Brazylii, Meksyku oraz w Polsce. Grupa Cartamundi jest najwi\u0119kszym licencjobiorc\u0105 w Europie w swojej kategorii produktowej i sta\u0142a si\u0119 globalnym partnerem lidera rynku licencji The Walt Disney Company oraz innych renomowanych licencjodawc\u00f3w takich jak Warner Bros, EON, Lucasfilm, National Geographic, Mattel czy UEFA.<\/p>\n<h2>Cartamundi Karty Casino 55 Bridge Size 4 Standard Index Kolor Br\u0105zowy Cartamundi<\/h2>\n<p>lilianna, imie kuba, imi\u0119 mia, trudne zagadki, dzieci cytaty, podchwytliwe zagadki na inteligencj\u0119, karolcia test z lektury, mi\u0142o\u015b\u0107 matki do dziecka cytaty, test z lektury dynastia mizio\u0142k\u00f3w, pomys\u0142y na pakowanie prezent\u00f3w<\/p>\n<p>yyyyy<\/p>\n<p>&nbsp;<\/p>\n","protected":false},"excerpt":{"rendered":"<p>CARTAMUNDI Karty Casino 55 Bridge Size 4 Standard IndexNr kat.: 107102324994\/2Podstawowe karty do gry w bryd\u017ca z klasycznym wzorem marki Cartamundi.55 kart z rewersami w kolorze br\u0105zowym.Wykonane z kartonu powleczonego plastikiem.Podw\u00f3jne standardowe indeksy.Wymiary kart: 57 x 89 mm.Wyprodukowane w UE.Cartamundi \u2013 belgijski producent kart do gry. Firma powsta\u0142a w Turnhout w 1970 r. Poza siedzib\u0105 [&hellip;]<\/p>\n","protected":false},"featured_media":1549,"comment_status":"closed","ping_status":"open","template":"","meta":[],"product_cat":[224,429],"product_tag":[761,859,821,637,769],"class_list":["post-1548","product","type-product","status-publish","has-post-thumbnail","hentry","product_cat-cartamundi","product_cat-gry-hazardowe","product_tag-choinko-piekna-jak-las-tekst","product_tag-dobranoc-pchly-na-noc","product_tag-marianna","product_tag-niech-zyja-wakacje-tekst","product_tag-psi-patrol-do-czytania"],"_links":{"self":[{"href":"http:\/\/klubmamgdynia.pl\/index.php\/wp-json\/wp\/v2\/product\/1548","targetHints":{"allow":["GET"]}}],"collection":[{"href":"http:\/\/klubmamgdynia.pl\/index.php\/wp-json\/wp\/v2\/product"}],"about":[{"href":"http:\/\/klubmamgdynia.pl\/index.php\/wp-json\/wp\/v2\/types\/product"}],"replies":[{"embeddable":true,"href":"http:\/\/klubmamgdynia.pl\/index.php\/wp-json\/wp\/v2\/comments?post=1548"}],"wp:featuredmedia":[{"embeddable":true,"href":"http:\/\/klubmamgdynia.pl\/index.php\/wp-json\/wp\/v2\/media\/1549"}],"wp:attachment":[{"href":"http:\/\/klubmamgdynia.pl\/index.php\/wp-json\/wp\/v2\/media?parent=1548"}],"wp:term":[{"taxonomy":"product_cat","embeddable":true,"href":"http:\/\/klubmamgdynia.pl\/index.php\/wp-json\/wp\/v2\/product_cat?post=1548"},{"taxonomy":"product_tag","embeddable":true,"href":"http:\/\/klubmamgdynia.pl\/index.php\/wp-json\/wp\/v2\/product_tag?post=1548"}],"curies":[{"name":"wp","href":"https:\/\/api.w.org\/{rel}","templated":true}]}}