{"id":1550,"date":"2010-12-09T03:19:43","date_gmt":"2010-12-09T02:19:43","guid":{"rendered":"http:\/\/klubmamgdynia.pl\/index.php\/produkt\/marvels-straznicy-galaktyki-gra-ps4\/"},"modified":"2026-04-06T04:39:27","modified_gmt":"2026-04-06T02:39:27","slug":"marvels-straznicy-galaktyki-gra-ps4","status":"publish","type":"product","link":"http:\/\/klubmamgdynia.pl\/index.php\/produkt\/marvels-straznicy-galaktyki-gra-ps4\/","title":{"rendered":"Marvel&#8217;s Stra\u017cnicy Galaktyki (Gra PS4)"},"content":{"rendered":"<p>Rozpocznij dzik\u0105 podr\u00f3\u017c przez kosmos w nowej ods\u0142onie Stra\u017cnik\u00f3w Galaktyki Marvela<\/p>\n<h2>Marvels Stra\u017cnicy Galaktyki (Gra PS4) Square Enix<\/h2>\n<p>zabawy na dzie\u0144 dziecka w szkole, dziewczynka z parku pytania i odpowiedzi, prezenty dla nastolatk\u00f3w 2021, m\u0105dre bajki dla dzieci do czytania, z\u0142ote my\u015bli o przyja\u017ani, kartka walentynkowa r\u0119cznie robiona \u0142atwa, test z opowie\u015bci z narnii, quiz o miko\u0142ajku, zagadki dla dzieci 9-10 lat z odpowiedziami, prezent dla rocznego dziecka, jak narysowa\u0107 psa, zabawy z 7 latkiem, zadania dla 7 latka do druku, aurora imi\u0119, kolorowanki kotka, literki dla dzieci, jacek<\/p>\n<p>yyyyy<\/p>\n<p>&nbsp;<\/p>\n","protected":false},"excerpt":{"rendered":"<p>Rozpocznij dzik\u0105 podr\u00f3\u017c przez kosmos w nowej ods\u0142onie Stra\u017cnik\u00f3w Galaktyki Marvela Marvels Stra\u017cnicy Galaktyki (Gra PS4) Square Enix zabawy na dzie\u0144 dziecka w szkole, dziewczynka z parku pytania i odpowiedzi, prezenty dla nastolatk\u00f3w 2021, m\u0105dre bajki dla dzieci do czytania, z\u0142ote my\u015bli o przyja\u017ani, kartka walentynkowa r\u0119cznie robiona \u0142atwa, test z opowie\u015bci z narnii, quiz [&hellip;]<\/p>\n","protected":false},"featured_media":1551,"comment_status":"closed","ping_status":"open","template":"","meta":[],"product_cat":[203,355],"product_tag":[711,636,635],"class_list":["post-1550","product","type-product","status-publish","has-post-thumbnail","hentry","product_cat-gry-playstation-4","product_cat-square-enix","product_tag-prezenty-dla-nastolatkow","product_tag-teksty-kolysanek","product_tag-znaki-drogowe-do-druku"],"_links":{"self":[{"href":"http:\/\/klubmamgdynia.pl\/index.php\/wp-json\/wp\/v2\/product\/1550","targetHints":{"allow":["GET"]}}],"collection":[{"href":"http:\/\/klubmamgdynia.pl\/index.php\/wp-json\/wp\/v2\/product"}],"about":[{"href":"http:\/\/klubmamgdynia.pl\/index.php\/wp-json\/wp\/v2\/types\/product"}],"replies":[{"embeddable":true,"href":"http:\/\/klubmamgdynia.pl\/index.php\/wp-json\/wp\/v2\/comments?post=1550"}],"wp:featuredmedia":[{"embeddable":true,"href":"http:\/\/klubmamgdynia.pl\/index.php\/wp-json\/wp\/v2\/media\/1551"}],"wp:attachment":[{"href":"http:\/\/klubmamgdynia.pl\/index.php\/wp-json\/wp\/v2\/media?parent=1550"}],"wp:term":[{"taxonomy":"product_cat","embeddable":true,"href":"http:\/\/klubmamgdynia.pl\/index.php\/wp-json\/wp\/v2\/product_cat?post=1550"},{"taxonomy":"product_tag","embeddable":true,"href":"http:\/\/klubmamgdynia.pl\/index.php\/wp-json\/wp\/v2\/product_tag?post=1550"}],"curies":[{"name":"wp","href":"https:\/\/api.w.org\/{rel}","templated":true}]}}