{"id":1552,"date":"2023-05-17T13:10:33","date_gmt":"2023-05-17T11:10:33","guid":{"rendered":"http:\/\/klubmamgdynia.pl\/?post_type=product&#038;p=1552"},"modified":"2026-04-06T20:33:51","modified_gmt":"2026-04-06T18:33:51","slug":"splatoon-3-gra-ns","status":"publish","type":"product","link":"http:\/\/klubmamgdynia.pl\/index.php\/produkt\/splatoon-3-gra-ns\/","title":{"rendered":"Splatoon 3 (Gra NS)"},"content":{"rendered":"<p>Spryskaj Splatlands tuszem w nowej ods\u0142onie strzelanki Splatoon!                            <\/p>\n<p>\u00a0Wkrocz do Splatlands, spalonej s\u0142o\u0144cem pustyni zamieszkanej przez zaprawione w bojach Inklingi i Octolingi. Splatsville, miasto chaosu, to nap\u0119dzane adrenalin\u0105 serce tego zakurzonego pustkowia.<br \/>\n\u00a0Nawet na tym odludziu rz\u0105dz\u0105 walki Turf War*, szalej\u0105ce na nowych polach bitewnych w otaczaj\u0105cej dziczy.\u00a0                            <\/p>\n<p>\u00a0Nowe dynamiczne ruchy pomagaj\u0105 graczom unika\u0107 atak\u00f3w i pokonywa\u0107 wi\u0119ksze obszary, do rozpryskiwania tuszu przyda si\u0119 r\u00f3wnie\u017c nowa bro\u0144 w kszta\u0142cie \u0142uku. Wkr\u00f3tce ujawnimy wi\u0119cej informacji, poniewa\u017c Splatoon 3 ma zosta\u0107 wydany na Nintendo Switch w czerwcu 2022 roku.<br \/>\nZupe\u0142nie nowy wpis w serii SplatoonOdkryj Splatlands, nowy s\u0142o\u0144cem sk\u0105pany regionEksperymentuj z nowymi stylami dla Inkling\u00f3w i Octoling\u00f3wIkoniczne walki Turf War 4 vs. 4* powracaj\u0105 z nowymi mapami, nowymi manewrami i now\u0105 broni\u0105.\u00a0*Podczas gry online wymagane jest po\u0142\u0105czenie z Internetem. Aby korzysta\u0107 z us\u0142ug online, musisz utworzy\u0107 konto Nintendo i zaakceptowa\u0107 odpowiedni\u0105 umow\u0119. Obowi\u0105zuje Polityka prywatno\u015bci konta Nintendo. Niekt\u00f3re us\u0142ugi online mog\u0105 nie by\u0107 dost\u0119pne we wszystkich krajach. Gra online wymaga p\u0142atnego cz\u0142onkostwa online.\u00a0<\/p>\n<h2>Splatoon 3 (Gra NS) Nintendo<\/h2>\n<p>zagadka matematyczna, co na roczek dla ch\u0142opca, kolorowanki pokemon, maska misia do druku, by\u0142a sobie \u017cabka ma\u0142a tekst, wierszyk o choince, pomys\u0142 na prima aprilis, iwo<\/p>\n<p>yyyyy<\/p>\n<p>&nbsp;<\/p>\n","protected":false},"excerpt":{"rendered":"<p>Spryskaj Splatlands tuszem w nowej ods\u0142onie strzelanki Splatoon! \u00a0Wkrocz do Splatlands, spalonej s\u0142o\u0144cem pustyni zamieszkanej przez zaprawione w bojach Inklingi i Octolingi. Splatsville, miasto chaosu, to nap\u0119dzane adrenalin\u0105 serce tego zakurzonego pustkowia. \u00a0Nawet na tym odludziu rz\u0105dz\u0105 walki Turf War*, szalej\u0105ce na nowych polach bitewnych w otaczaj\u0105cej dziczy.\u00a0 \u00a0Nowe dynamiczne ruchy pomagaj\u0105 graczom unika\u0107 atak\u00f3w [&hellip;]<\/p>\n","protected":false},"featured_media":1553,"comment_status":"closed","ping_status":"open","template":"","meta":[],"product_cat":[348,410],"product_tag":[670,739,695,632],"class_list":["post-1552","product","type-product","status-publish","has-post-thumbnail","hentry","product_cat-gry-nintendo-switch","product_cat-nintendo","product_tag-irma","product_tag-prima-aprilis-w-szkole","product_tag-rzadkie-imiona-zenskie","product_tag-warszawa-atrakcje-dla-mlodziezy"],"_links":{"self":[{"href":"http:\/\/klubmamgdynia.pl\/index.php\/wp-json\/wp\/v2\/product\/1552","targetHints":{"allow":["GET"]}}],"collection":[{"href":"http:\/\/klubmamgdynia.pl\/index.php\/wp-json\/wp\/v2\/product"}],"about":[{"href":"http:\/\/klubmamgdynia.pl\/index.php\/wp-json\/wp\/v2\/types\/product"}],"replies":[{"embeddable":true,"href":"http:\/\/klubmamgdynia.pl\/index.php\/wp-json\/wp\/v2\/comments?post=1552"}],"wp:featuredmedia":[{"embeddable":true,"href":"http:\/\/klubmamgdynia.pl\/index.php\/wp-json\/wp\/v2\/media\/1553"}],"wp:attachment":[{"href":"http:\/\/klubmamgdynia.pl\/index.php\/wp-json\/wp\/v2\/media?parent=1552"}],"wp:term":[{"taxonomy":"product_cat","embeddable":true,"href":"http:\/\/klubmamgdynia.pl\/index.php\/wp-json\/wp\/v2\/product_cat?post=1552"},{"taxonomy":"product_tag","embeddable":true,"href":"http:\/\/klubmamgdynia.pl\/index.php\/wp-json\/wp\/v2\/product_tag?post=1552"}],"curies":[{"name":"wp","href":"https:\/\/api.w.org\/{rel}","templated":true}]}}