{"id":1554,"date":"2017-02-25T17:41:46","date_gmt":"2017-02-25T16:41:46","guid":{"rendered":"http:\/\/klubmamgdynia.pl\/index.php\/produkt\/gra-planszowa-alexander-lombard-z-reki-do-reki-2726\/"},"modified":"2026-04-17T03:45:09","modified_gmt":"2026-04-17T01:45:09","slug":"gra-planszowa-alexander-lombard-z-reki-do-reki-2726","status":"publish","type":"product","link":"http:\/\/klubmamgdynia.pl\/index.php\/produkt\/gra-planszowa-alexander-lombard-z-reki-do-reki-2726\/","title":{"rendered":"Gra planszowa Alexander Lombard Z R\u0119ki Do R\u0119ki 2726"},"content":{"rendered":"<p>OPIS DOSTAWCY: \u201eLombard. \u017bycie pod zastaw.\u201d to hitowy serial Telewizji Puls. Dzi\u0119ki grze karcianej b\u0119dziesz m\u00f3g\u0142 przenie\u015b\u0107 si\u0119 w \u015bwiat serialu i sprawdzi\u0107, czy masz w sobie \u017cy\u0142k\u0119 przedsi\u0119biorczo\u015bci, a przy okazji doskonale si\u0119 bawi\u0107 w gronie znajomych i rodzinyPrzedmioty kr\u0105\u017c\u0105, a hajs si\u0119 musi zgadza\u0107 Poczuj si\u0119 jak prawdziwy pracownik lombardu &#8211; zgromad\u017a kolekcj\u0119 ciekawych przedmiot\u00f3w, by zarobi\u0107 na nich jak najwi\u0119cej pieni\u0119dzy, zyska\u0107 splendor i uznanie szefa. Celem graczy jest takie zbieranie kart z przedmiotami, by zarobi\u0107 jak najwi\u0119cej pieni\u0119dzy. Trzeba by\u0107 czujnym i mie\u0107 dobr\u0105 pami\u0119\u0107, poniewa\u017c pewne karty zyskuj\u0105 warto\u015b\u0107 tylko w parze lub tr\u00f3jce. Produkt z REKLAMY TV.Zawarto\u015b\u0107 opakowania:1 Karty 110 szt.2 Instrukcja<\/p>\n<h2>Gra planszowa Alexander Lombard Z R\u0119ki Do R\u0119ki 2726 Alexander<\/h2>\n<p>papuga kolorowanka, kr\u00f3tkie bajki na dobranoc do czytania, w\u0142ochy, bajki na dobranoc do czytania, macierzy\u0144stwo cytaty, dobre zagadki logiczne, na wyspach bergamuta, zagadka<\/p>\n<p>yyyyy<\/p>\n<p>&nbsp;<\/p>\n","protected":false},"excerpt":{"rendered":"<p>OPIS DOSTAWCY: \u201eLombard. \u017bycie pod zastaw.\u201d to hitowy serial Telewizji Puls. Dzi\u0119ki grze karcianej b\u0119dziesz m\u00f3g\u0142 przenie\u015b\u0107 si\u0119 w \u015bwiat serialu i sprawdzi\u0107, czy masz w sobie \u017cy\u0142k\u0119 przedsi\u0119biorczo\u015bci, a przy okazji doskonale si\u0119 bawi\u0107 w gronie znajomych i rodzinyPrzedmioty kr\u0105\u017c\u0105, a hajs si\u0119 musi zgadza\u0107 Poczuj si\u0119 jak prawdziwy pracownik lombardu &#8211; zgromad\u017a kolekcj\u0119 [&hellip;]<\/p>\n","protected":false},"featured_media":1555,"comment_status":"closed","ping_status":"open","template":"","meta":[],"product_cat":[246,235],"product_tag":[611,702,854,583,618,712,746],"class_list":["post-1554","product","type-product","status-publish","has-post-thumbnail","hentry","product_cat-alexander","product_cat-gry-planszowe","product_tag-bajki-do-czytania-psi-patrol","product_tag-co-kupic-na-roczek-dla-dziewczynki","product_tag-cytaty-rodzina","product_tag-kolysanki-dla-dzieci-tekst","product_tag-lato-lato-lato-czeka-tekst","product_tag-zagadki-o-zwierzetach","product_tag-zagadki-typu-co-to-jest"],"_links":{"self":[{"href":"http:\/\/klubmamgdynia.pl\/index.php\/wp-json\/wp\/v2\/product\/1554","targetHints":{"allow":["GET"]}}],"collection":[{"href":"http:\/\/klubmamgdynia.pl\/index.php\/wp-json\/wp\/v2\/product"}],"about":[{"href":"http:\/\/klubmamgdynia.pl\/index.php\/wp-json\/wp\/v2\/types\/product"}],"replies":[{"embeddable":true,"href":"http:\/\/klubmamgdynia.pl\/index.php\/wp-json\/wp\/v2\/comments?post=1554"}],"wp:featuredmedia":[{"embeddable":true,"href":"http:\/\/klubmamgdynia.pl\/index.php\/wp-json\/wp\/v2\/media\/1555"}],"wp:attachment":[{"href":"http:\/\/klubmamgdynia.pl\/index.php\/wp-json\/wp\/v2\/media?parent=1554"}],"wp:term":[{"taxonomy":"product_cat","embeddable":true,"href":"http:\/\/klubmamgdynia.pl\/index.php\/wp-json\/wp\/v2\/product_cat?post=1554"},{"taxonomy":"product_tag","embeddable":true,"href":"http:\/\/klubmamgdynia.pl\/index.php\/wp-json\/wp\/v2\/product_tag?post=1554"}],"curies":[{"name":"wp","href":"https:\/\/api.w.org\/{rel}","templated":true}]}}