{"id":1558,"date":"2013-05-27T16:20:11","date_gmt":"2013-05-27T14:20:11","guid":{"rendered":"http:\/\/klubmamgdynia.pl\/index.php\/produkt\/rachmistrz\/"},"modified":"2026-05-17T23:04:37","modified_gmt":"2026-05-17T21:04:37","slug":"rachmistrz","status":"publish","type":"product","link":"http:\/\/klubmamgdynia.pl\/index.php\/produkt\/rachmistrz\/","title":{"rendered":"Rachmistrz"},"content":{"rendered":"<p>Liczby rz\u0105dz\u0105 \u015bwiatemNauka matematyki jeszcze nigdy nie by\u0142a tak przyjemna!Podczas tury gracze rzucaj\u0105 trzema kostkami, a nast\u0119pnie staraj\u0105 si\u0119 jak najszybciej wykona\u0107 dzia\u0142ania matematyczne: dodawanie, odejmowanie, mno\u017cenie lub dzielenie. Uzyskany wynik to numer pola na planszy, na kt\u00f3rympostawi\u0105 sw\u00f3j znacznik. Wygra osoba, kt\u00f3ra na koniec rozgrywki b\u0119dzie mia\u0142a najwi\u0119cej po\u0142\u0105czonych ze sob\u0105 p\u00f3l.Nauka przez zabaw\u0119 to nie tylko pusty slogan!Rachmistrz to po\u0142\u0105czenie gry planszowej z oryginalnym narz\u0119dziem do nauki matematyki. Jednak przyswajanie wiedzy odbywa si\u0119 tu w bardzo przyjemny spos\u00f3b. Wykonywanie dzia\u0142a\u0144 matematycznych nie jest tu przykrym obowi\u0105zkiem, a cz\u0119\u015bci\u0105 \u015bwietniej zabawy opartej na nowoczesnej i atrakcyjnej mechanice gry.Niepowtarzalno\u015b\u0107 rozgrywekKa\u017cda partia Rachmistrza stanowi\u0107 b\u0119dzie unikalne do\u015bwiadczenie. Poprzez budow\u0119 planszy i ogromn\u0105 ilo\u015b\u0107 kombinacji na kostkach, do gry nigdy nie wkradnie si\u0119 nuda.Dwa poziomy trudno\u015bciPlansza z pe\u0142nymi liczbami nie stanowi ju\u017c dla Was problemu? Spr\u00f3bujcie zatem wyzwania, jakie niesie druga strona, na kt\u00f3rej siatka po\u0142\u0105cze\u0144 zbudowana jest z u\u0142amk\u00f3w. Gwarantujemy, \u017ce nawet najt\u0119\u017csze matematyczne umys\u0142u znajd\u0105 tu nie lada wyzwanie!Informacje o produkcieNr katalogowy00288Marka (Zabawki) BrakRodzaj (zabawki::gry) EdukacyjneLiczba graczy 2 &#8211; 6Czas gry (maks.) 30 minWersja j\u0119zykowa (zabawki::gry\/karciane) PolskaWymagania wiekowe od 10 latP\u0142e\u0107 (zabawki) Dziewczynki i ch\u0142opcyAkcesoria w zestawie- Dwustronna plansza do gry- 3 kostki- 72 kolorowe \u017cetony- Klepsydra- InstrukcjaPozosta\u0142e parametryWymiary opakowania: 27.3 x 18.9 x 5.3 cm<\/p>\n<h2>Rachmistrz Granna<\/h2>\n<p>zawiedziona przyja\u017a\u0144 cytaty, by\u0142a sobie \u017cabka ma\u0142a tekst, co kupi\u0107 na roczek, wiersze o wakacjach, zagadki wiosna, prezent dla 16 latki, ko\u0142ysanka tekst, po\u0142\u0105cz kropki do wydruku pdf, kubu\u015b puchatek cytaty, kr\u00f3tkie zagadki, test z lektury opowie\u015bci z narnii lew czarownica i stara szafa z odpowiedziami, prezenty dla nastolatk\u00f3w, quiz zemsta<\/p>\n<p>yyyyy<\/p>\n<p>&nbsp;<\/p>\n","protected":false},"excerpt":{"rendered":"<p>Liczby rz\u0105dz\u0105 \u015bwiatemNauka matematyki jeszcze nigdy nie by\u0142a tak przyjemna!Podczas tury gracze rzucaj\u0105 trzema kostkami, a nast\u0119pnie staraj\u0105 si\u0119 jak najszybciej wykona\u0107 dzia\u0142ania matematyczne: dodawanie, odejmowanie, mno\u017cenie lub dzielenie. Uzyskany wynik to numer pola na planszy, na kt\u00f3rympostawi\u0105 sw\u00f3j znacznik. Wygra osoba, kt\u00f3ra na koniec rozgrywki b\u0119dzie mia\u0142a najwi\u0119cej po\u0142\u0105czonych ze sob\u0105 p\u00f3l.Nauka przez zabaw\u0119 [&hellip;]<\/p>\n","protected":false},"featured_media":1559,"comment_status":"closed","ping_status":"open","template":"","meta":[],"product_cat":[430,130],"product_tag":[864,680,667,665],"class_list":["post-1558","product","type-product","status-publish","has-post-thumbnail","hentry","product_cat-granna","product_cat-gry-dzieciece","product_tag-basen-warszawa","product_tag-cytaty-z-malego-ksiecia","product_tag-kolorowanka-lol","product_tag-proste-zagadki"],"_links":{"self":[{"href":"http:\/\/klubmamgdynia.pl\/index.php\/wp-json\/wp\/v2\/product\/1558","targetHints":{"allow":["GET"]}}],"collection":[{"href":"http:\/\/klubmamgdynia.pl\/index.php\/wp-json\/wp\/v2\/product"}],"about":[{"href":"http:\/\/klubmamgdynia.pl\/index.php\/wp-json\/wp\/v2\/types\/product"}],"replies":[{"embeddable":true,"href":"http:\/\/klubmamgdynia.pl\/index.php\/wp-json\/wp\/v2\/comments?post=1558"}],"wp:featuredmedia":[{"embeddable":true,"href":"http:\/\/klubmamgdynia.pl\/index.php\/wp-json\/wp\/v2\/media\/1559"}],"wp:attachment":[{"href":"http:\/\/klubmamgdynia.pl\/index.php\/wp-json\/wp\/v2\/media?parent=1558"}],"wp:term":[{"taxonomy":"product_cat","embeddable":true,"href":"http:\/\/klubmamgdynia.pl\/index.php\/wp-json\/wp\/v2\/product_cat?post=1558"},{"taxonomy":"product_tag","embeddable":true,"href":"http:\/\/klubmamgdynia.pl\/index.php\/wp-json\/wp\/v2\/product_tag?post=1558"}],"curies":[{"name":"wp","href":"https:\/\/api.w.org\/{rel}","templated":true}]}}