{"id":156,"date":"2017-10-08T23:41:42","date_gmt":"2017-10-08T21:41:42","guid":{"rendered":"http:\/\/klubmamgdynia.pl\/index.php\/produkt\/milin-krokodyl-felek\/"},"modified":"2026-05-17T22:13:29","modified_gmt":"2026-05-17T20:13:29","slug":"milin-krokodyl-felek","status":"publish","type":"product","link":"http:\/\/klubmamgdynia.pl\/index.php\/produkt\/milin-krokodyl-felek\/","title":{"rendered":"Milin Krokodyl Felek"},"content":{"rendered":"<p>Leniwie le\u017c\u0119 na pla\u017cy,a s\u0142o\u0144ce me cia\u0142o pra\u017cy.Sznurki promieni s\u0142onecznychnie s\u0105 dla krokodyli niegrzecznych.Przeplotki rozwijaj\u0105 kreatywno\u015b\u0107, wyobra\u017ani\u0119 oraz zdolno\u015bci motoryki ma\u0142ej.Przeplatanie zwierz\u0105tek sznur\u00f3wk\u0105 b\u0119dzie radosnym czasem zabawy, poznawania zwierz\u0105t oraz kolor\u00f3w.Rekomendowane przez lekarza okulist\u0119, dziecko podczas zabawy \u0107wiczy mi\u0119\u015bnie oka.Zabawka stworzona w duchu metody Montessori,#przeplotki zdoby\u0142y wyr\u00f3\u017cnienie w konkursie Zabawka Roku 2020 w kategorii zabawka przedszkolna.Rekomendowane dla dzieci powy\u017cej 3 roku \u017cycia.Do zestawu do\u0142\u0105czona jest sznur\u00f3wka, jej kolor dobieramy losowo.Czas realizacji do 3 dni roboczych.Wymiary w opakowaniu oko\u0142o 20,0 x 20,0 x 2,0 cm<\/p>\n<h2>Milin Krokodyl Felek Milin<\/h2>\n<p>quizy o skokach narciarskich, r\u00f3\u017ca imie, przeczytaj mi wiersz, atrakcje dla dzieci wroc\u0142aw i okolice, smok wawelski bajka, zak\u0142adka do ksi\u0105\u017cki szablon, halloween warszawa 2021 dzieci<\/p>\n<p>yyyyy<\/p>\n<p>&nbsp;<\/p>\n","protected":false},"excerpt":{"rendered":"<p>Leniwie le\u017c\u0119 na pla\u017cy,a s\u0142o\u0144ce me cia\u0142o pra\u017cy.Sznurki promieni s\u0142onecznychnie s\u0105 dla krokodyli niegrzecznych.Przeplotki rozwijaj\u0105 kreatywno\u015b\u0107, wyobra\u017ani\u0119 oraz zdolno\u015bci motoryki ma\u0142ej.Przeplatanie zwierz\u0105tek sznur\u00f3wk\u0105 b\u0119dzie radosnym czasem zabawy, poznawania zwierz\u0105t oraz kolor\u00f3w.Rekomendowane przez lekarza okulist\u0119, dziecko podczas zabawy \u0107wiczy mi\u0119\u015bnie oka.Zabawka stworzona w duchu metody Montessori,#przeplotki zdoby\u0142y wyr\u00f3\u017cnienie w konkursie Zabawka Roku 2020 w kategorii zabawka [&hellip;]<\/p>\n","protected":false},"featured_media":157,"comment_status":"closed","ping_status":"open","template":"","meta":[],"product_cat":[82,39],"product_tag":[727,585,810],"class_list":["post-156","product","type-product","status-publish","has-post-thumbnail","hentry","product_cat-milin","product_cat-zabawki-interaktywne","product_tag-godlo-polski-do-druku","product_tag-kolorowanki-dla-chlopcow","product_tag-nauka-zegara-do-druku"],"_links":{"self":[{"href":"http:\/\/klubmamgdynia.pl\/index.php\/wp-json\/wp\/v2\/product\/156","targetHints":{"allow":["GET"]}}],"collection":[{"href":"http:\/\/klubmamgdynia.pl\/index.php\/wp-json\/wp\/v2\/product"}],"about":[{"href":"http:\/\/klubmamgdynia.pl\/index.php\/wp-json\/wp\/v2\/types\/product"}],"replies":[{"embeddable":true,"href":"http:\/\/klubmamgdynia.pl\/index.php\/wp-json\/wp\/v2\/comments?post=156"}],"wp:featuredmedia":[{"embeddable":true,"href":"http:\/\/klubmamgdynia.pl\/index.php\/wp-json\/wp\/v2\/media\/157"}],"wp:attachment":[{"href":"http:\/\/klubmamgdynia.pl\/index.php\/wp-json\/wp\/v2\/media?parent=156"}],"wp:term":[{"taxonomy":"product_cat","embeddable":true,"href":"http:\/\/klubmamgdynia.pl\/index.php\/wp-json\/wp\/v2\/product_cat?post=156"},{"taxonomy":"product_tag","embeddable":true,"href":"http:\/\/klubmamgdynia.pl\/index.php\/wp-json\/wp\/v2\/product_tag?post=156"}],"curies":[{"name":"wp","href":"https:\/\/api.w.org\/{rel}","templated":true}]}}