{"id":1560,"date":"2024-03-30T14:58:04","date_gmt":"2024-03-30T13:58:04","guid":{"rendered":"http:\/\/klubmamgdynia.pl\/?post_type=product&#038;p=1560"},"modified":"2026-05-17T22:13:06","modified_gmt":"2026-05-17T20:13:06","slug":"europa-universalis-iv-collection-digital","status":"publish","type":"product","link":"http:\/\/klubmamgdynia.pl\/index.php\/produkt\/europa-universalis-iv-collection-digital\/","title":{"rendered":"Europa Universalis IV: Collection (Digital)"},"content":{"rendered":"<p>Europa Universalis IV<\/p>\n<p>Paradox Development Studio wraca z czwart\u0105 cz\u0119\u015bci\u0105 gry, kt\u00f3ra zdefiniowa\u0142a na nowo gatunek Grand Strategy. Europa Universalis IV daje kontrol\u0119 nad pa\u0144stwem prowadzonym przez lata w celu utworzenia pot\u0119\u017cnego imperium. Gr\u0119 cechuje niezwyk\u0142a wolno\u015b\u0107 w sposobie rz\u0105dzenia, a tak\u017ce g\u0142\u0119bia i niezwyk\u0142a dok\u0142adno\u015b\u0107 historyczna.                            <\/p>\n<p>Podejmuj w\u0142asne decyzje &#8211; kierowanie narodem jest elastyczne: wybierz w\u0142asn\u0105 form\u0119 rz\u0105d\u00f3w, struktur\u0119 spo\u0142ecze\u0144stwa, polityk\u0119 handlow\u0105 i wiele wi\u0119cej. Mo\u017cliwo\u015bci s\u0105 nieograniczone. Poznaj nowy system w\u0142adzy kr\u00f3lewskiej, w kt\u00f3rej funkcjonowanie pa\u0144stwa uzale\u017cnione jest od charakteru kr\u00f3la. Twoim kr\u00f3lem jest wojownik? Zatem szykuj si\u0119 na wojn\u0119.                            <\/p>\n<p>Zobacz, jak historia rozgrywa si\u0119 na nowo: rozgrywka toczy si\u0119 na przestrzeni ponad 300 lat na topograficznych mapach w pe\u0142nym 3D. Prowad\u017a do zwyci\u0119stwa dowolny z 250 kraj\u00f3w istniej\u0105cych w tamtym okresie. Zupe\u0142nie nowy system handlu, dodaj\u0105cy grze nowego wymiaru. Obejmij kontrol\u0119 nad kluczowymi portami i wzmocnij je pot\u0119\u017cn\u0105 flot\u0105, aby zwi\u0119ksza\u0107 swoje bogactwo.                            <\/p>\n<p>U\u017cyj swoich zdolno\u015bci dyplomatycznych: koalicje, gro\u017aby, wojny, pod\u017ceganie do rewolucji. Tryb multiplayer: walcz przeciwko znajomym lub wypr\u00f3buj tryb kooperacji pozwalaj\u0105cy kilku graczom wsp\u00f3lnie kontrolowa\u0107 jedno pa\u0144stwo.<\/p>\n<h2>Europa Universalis IV: Collection (Digital) Paradox Interactive<\/h2>\n<p>trudne zagadki na inteligencje, zagadki dla 5 latka, zagadki dla dzieci 5 lat, dziwne zagadki, mini zoo warszawa, testy z zemsty, jeremi, prezenty na roczek dla ch\u0142opca, cicha noc po angielsku, laurka na urodziny do druku<\/p>\n<p>yyyyy<\/p>\n<p>&nbsp;<\/p>\n","protected":false},"excerpt":{"rendered":"<p>Europa Universalis IV Paradox Development Studio wraca z czwart\u0105 cz\u0119\u015bci\u0105 gry, kt\u00f3ra zdefiniowa\u0142a na nowo gatunek Grand Strategy. Europa Universalis IV daje kontrol\u0119 nad pa\u0144stwem prowadzonym przez lata w celu utworzenia pot\u0119\u017cnego imperium. Gr\u0119 cechuje niezwyk\u0142a wolno\u015b\u0107 w sposobie rz\u0105dzenia, a tak\u017ce g\u0142\u0119bia i niezwyk\u0142a dok\u0142adno\u015b\u0107 historyczna. Podejmuj w\u0142asne decyzje &#8211; kierowanie narodem jest elastyczne: [&hellip;]<\/p>\n","protected":false},"featured_media":1561,"comment_status":"closed","ping_status":"open","template":"","meta":[],"product_cat":[352,431],"product_tag":[666,837,735,804],"class_list":["post-1560","product","type-product","status-publish","has-post-thumbnail","hentry","product_cat-gry-do-pobrania-na-pc","product_cat-paradox-interactive","product_tag-afrykanskie-imiona","product_tag-cicha-noc-po-angielsku","product_tag-prezent-na-roczek-dziewczynka","product_tag-ryz-z-owocami"],"_links":{"self":[{"href":"http:\/\/klubmamgdynia.pl\/index.php\/wp-json\/wp\/v2\/product\/1560","targetHints":{"allow":["GET"]}}],"collection":[{"href":"http:\/\/klubmamgdynia.pl\/index.php\/wp-json\/wp\/v2\/product"}],"about":[{"href":"http:\/\/klubmamgdynia.pl\/index.php\/wp-json\/wp\/v2\/types\/product"}],"replies":[{"embeddable":true,"href":"http:\/\/klubmamgdynia.pl\/index.php\/wp-json\/wp\/v2\/comments?post=1560"}],"wp:featuredmedia":[{"embeddable":true,"href":"http:\/\/klubmamgdynia.pl\/index.php\/wp-json\/wp\/v2\/media\/1561"}],"wp:attachment":[{"href":"http:\/\/klubmamgdynia.pl\/index.php\/wp-json\/wp\/v2\/media?parent=1560"}],"wp:term":[{"taxonomy":"product_cat","embeddable":true,"href":"http:\/\/klubmamgdynia.pl\/index.php\/wp-json\/wp\/v2\/product_cat?post=1560"},{"taxonomy":"product_tag","embeddable":true,"href":"http:\/\/klubmamgdynia.pl\/index.php\/wp-json\/wp\/v2\/product_tag?post=1560"}],"curies":[{"name":"wp","href":"https:\/\/api.w.org\/{rel}","templated":true}]}}