{"id":1562,"date":"2022-06-07T13:58:27","date_gmt":"2022-06-07T11:58:27","guid":{"rendered":"http:\/\/klubmamgdynia.pl\/index.php\/produkt\/fantasy-flight-games-star-wars-x-wing-mysliwiec-typu-kihraxz\/"},"modified":"2026-04-07T12:39:31","modified_gmt":"2026-04-07T10:39:31","slug":"fantasy-flight-games-star-wars-x-wing-mysliwiec-typu-kihraxz","status":"publish","type":"product","link":"http:\/\/klubmamgdynia.pl\/index.php\/produkt\/fantasy-flight-games-star-wars-x-wing-mysliwiec-typu-kihraxz\/","title":{"rendered":"Fantasy Flight Games Star Wars X-Wing: My\u015bliwiec typu Kihraxz"},"content":{"rendered":"<p>My\u015bliwiec szturmowy typu Kihraxz zosta\u0142 zaprojektowany specjalnie dla syndykatu przest\u0119pczego Czarne S\u0142o\u0144ce. Jego dobrze op\u0142acani piloci wymagali zwrotnych, pot\u0119\u017cnych statk\u00f3w, kt\u00f3re sprosta\u0142yby ich umiej\u0119tno\u015bciom.Recenzje i video-recenzje:Opis w serwisie BoardGameGeek (j. angielski)UWAGA: to nie jest samodzielna gra i do rozgrywki wymagana jest podstawowa wersja gry Star Wars X-WING!<\/p>\n<h2>Fantasy Flight Games Star Wars X-Wing: My\u015bliwiec typu Kihraxz Galakta<\/h2>\n<p>przek\u0105ski na urodziny dziecka, maska psi patrol do druku, zagadki dla dzieci logiczne, cytaty z ma\u0142ego ksi\u0119cia<\/p>\n<p>yyyyy<\/p>\n<p>&nbsp;<\/p>\n","protected":false},"excerpt":{"rendered":"<p>My\u015bliwiec szturmowy typu Kihraxz zosta\u0142 zaprojektowany specjalnie dla syndykatu przest\u0119pczego Czarne S\u0142o\u0144ce. Jego dobrze op\u0142acani piloci wymagali zwrotnych, pot\u0119\u017cnych statk\u00f3w, kt\u00f3re sprosta\u0142yby ich umiej\u0119tno\u015bciom.Recenzje i video-recenzje:Opis w serwisie BoardGameGeek (j. angielski)UWAGA: to nie jest samodzielna gra i do rozgrywki wymagana jest podstawowa wersja gry Star Wars X-WING! Fantasy Flight Games Star Wars X-Wing: My\u015bliwiec typu [&hellip;]<\/p>\n","protected":false},"featured_media":1563,"comment_status":"closed","ping_status":"open","template":"","meta":[],"product_cat":[414,416],"product_tag":[729,639,770,788,793],"class_list":["post-1562","product","type-product","status-publish","has-post-thumbnail","hentry","product_cat-galakta","product_cat-gry-figurkowe-i-bitewne","product_tag-madre-bajki-dla-dzieci-do-czytania","product_tag-nela-imie","product_tag-samolot-z-papieru","product_tag-zagadki-krotkie","product_tag-zagadki-smieszne-podchwytliwe"],"_links":{"self":[{"href":"http:\/\/klubmamgdynia.pl\/index.php\/wp-json\/wp\/v2\/product\/1562","targetHints":{"allow":["GET"]}}],"collection":[{"href":"http:\/\/klubmamgdynia.pl\/index.php\/wp-json\/wp\/v2\/product"}],"about":[{"href":"http:\/\/klubmamgdynia.pl\/index.php\/wp-json\/wp\/v2\/types\/product"}],"replies":[{"embeddable":true,"href":"http:\/\/klubmamgdynia.pl\/index.php\/wp-json\/wp\/v2\/comments?post=1562"}],"wp:featuredmedia":[{"embeddable":true,"href":"http:\/\/klubmamgdynia.pl\/index.php\/wp-json\/wp\/v2\/media\/1563"}],"wp:attachment":[{"href":"http:\/\/klubmamgdynia.pl\/index.php\/wp-json\/wp\/v2\/media?parent=1562"}],"wp:term":[{"taxonomy":"product_cat","embeddable":true,"href":"http:\/\/klubmamgdynia.pl\/index.php\/wp-json\/wp\/v2\/product_cat?post=1562"},{"taxonomy":"product_tag","embeddable":true,"href":"http:\/\/klubmamgdynia.pl\/index.php\/wp-json\/wp\/v2\/product_tag?post=1562"}],"curies":[{"name":"wp","href":"https:\/\/api.w.org\/{rel}","templated":true}]}}