{"id":1566,"date":"2011-12-18T00:54:03","date_gmt":"2011-12-17T23:54:03","guid":{"rendered":"http:\/\/klubmamgdynia.pl\/index.php\/produkt\/galakta-star-wars-przeznaczenie-zestaw-do-draftu-rywale\/"},"modified":"2026-04-06T01:26:06","modified_gmt":"2026-04-05T23:26:06","slug":"galakta-star-wars-przeznaczenie-zestaw-do-draftu-rywale","status":"publish","type":"product","link":"http:\/\/klubmamgdynia.pl\/index.php\/produkt\/galakta-star-wars-przeznaczenie-zestaw-do-draftu-rywale\/","title":{"rendered":"Galakta Star Wars: Przeznaczenie &#8211; Zestaw Do Draftu &#8211; Rywale"},"content":{"rendered":"<p>Star Wars: Przeznaczenie &#8211; Zestaw do draftu &#8211; Rywale wprowadza do gry dwa nowe formaty, dzi\u0119ki kt\u00f3rym po raz pierwszy b\u0119dziecie mogli wzi\u0105\u0107 udzia\u0142 w wydarzeniach typu draft i sealed.<\/p>\n<h2>Galakta Star Wars: Przeznaczenie &#8211; Zestaw Do Draftu &#8211; Rywale Galakta<\/h2>\n<p>choinka z bibu\u0142y, bajki dla dzieci na dobranoc, ozdoby wielkanocne z dzie\u0107mi, dziecko cytaty z\u0142ote my\u015bli, wystawy dla dzieci warszawa, zagadki s\u0142owne, prezent na \u015bwi\u0119ta dla nastolatka, bajka o kreciku, kolorowanka dla dzieci, gabriel imi\u0119, kr\u00f3tkie zagadki dla dzieci, zagadki i odpowiedzi, klockownia wroc\u0142aw, quiz flagi, testy z lektury miko\u0142ajek, pokemon kolorowanki do druku, ewelina, bajka psi patrol do czytania<\/p>\n<p>yyyyy<\/p>\n<p>&nbsp;<\/p>\n","protected":false},"excerpt":{"rendered":"<p>Star Wars: Przeznaczenie &#8211; Zestaw do draftu &#8211; Rywale wprowadza do gry dwa nowe formaty, dzi\u0119ki kt\u00f3rym po raz pierwszy b\u0119dziecie mogli wzi\u0105\u0107 udzia\u0142 w wydarzeniach typu draft i sealed. Galakta Star Wars: Przeznaczenie &#8211; Zestaw Do Draftu &#8211; Rywale Galakta choinka z bibu\u0142y, bajki dla dzieci na dobranoc, ozdoby wielkanocne z dzie\u0107mi, dziecko cytaty [&hellip;]<\/p>\n","protected":false},"featured_media":1567,"comment_status":"closed","ping_status":"open","template":"","meta":[],"product_cat":[414,220],"product_tag":[844,783,835,782],"class_list":["post-1566","product","type-product","status-publish","has-post-thumbnail","hentry","product_cat-galakta","product_cat-gry-karciane","product_tag-co-kupic-na-roczek","product_tag-prezenty-na-roczek-dla-chlopca","product_tag-radosc-dziecka-cytaty","product_tag-zagadki-dla-dzieci-z-odpowiedziami"],"_links":{"self":[{"href":"http:\/\/klubmamgdynia.pl\/index.php\/wp-json\/wp\/v2\/product\/1566","targetHints":{"allow":["GET"]}}],"collection":[{"href":"http:\/\/klubmamgdynia.pl\/index.php\/wp-json\/wp\/v2\/product"}],"about":[{"href":"http:\/\/klubmamgdynia.pl\/index.php\/wp-json\/wp\/v2\/types\/product"}],"replies":[{"embeddable":true,"href":"http:\/\/klubmamgdynia.pl\/index.php\/wp-json\/wp\/v2\/comments?post=1566"}],"wp:featuredmedia":[{"embeddable":true,"href":"http:\/\/klubmamgdynia.pl\/index.php\/wp-json\/wp\/v2\/media\/1567"}],"wp:attachment":[{"href":"http:\/\/klubmamgdynia.pl\/index.php\/wp-json\/wp\/v2\/media?parent=1566"}],"wp:term":[{"taxonomy":"product_cat","embeddable":true,"href":"http:\/\/klubmamgdynia.pl\/index.php\/wp-json\/wp\/v2\/product_cat?post=1566"},{"taxonomy":"product_tag","embeddable":true,"href":"http:\/\/klubmamgdynia.pl\/index.php\/wp-json\/wp\/v2\/product_tag?post=1566"}],"curies":[{"name":"wp","href":"https:\/\/api.w.org\/{rel}","templated":true}]}}