{"id":1568,"date":"2015-08-01T18:42:51","date_gmt":"2015-08-01T16:42:51","guid":{"rendered":"http:\/\/klubmamgdynia.pl\/index.php\/produkt\/gra-planszowa-galakta-wojna-o-pierscien\/"},"modified":"2026-04-27T12:14:21","modified_gmt":"2026-04-27T10:14:21","slug":"gra-planszowa-galakta-wojna-o-pierscien","status":"publish","type":"product","link":"http:\/\/klubmamgdynia.pl\/index.php\/produkt\/gra-planszowa-galakta-wojna-o-pierscien\/","title":{"rendered":"Gra planszowa Galakta Wojna o Pier\u015bcie\u0144"},"content":{"rendered":"<p>WOJNA O PIER\u015aCIE\u0143 2.EDYCJA<\/p>\n<p>WOJNA O PIER\u015aCIE\u0143 to epicka strategiczna gra planszowa pozwalaj\u0105ca graczom zanurzy\u0107 si\u0119 w \u015bwiecie W\u0141ADCY PIER\u015aCIENI stworzonym przez J.R.R. Tolkiena, pe\u0142nym ekscytuj\u0105cych przyg\u00f3d, dramatycznych star\u0107 i niezapominanych bohater\u00f3w.                            <\/p>\n<p>Jako gracz Wolnych Lud\u00f3w b\u0119dziesz dowodzi\u0107 zast\u0119pami najwi\u0119kszych kr\u00f3lestw Trzeciej Ery: odje\u017ad\u017cc\u00f3w z Rohanu, po \u017co\u0142nierzy Gondoru i elfy z Rivendell. To na twoich barkach spoczywa\u0107 b\u0119dzie ci\u0119\u017car obrony ostatnich wolnych krain \u015ar\u00f3dziemia.Zmierzysz si\u0119 ze straszliwymi s\u0142ugami Saurona na polu bitwy, rozpaczliwie pr\u00f3buj\u0105c spowolni\u0107 przyp\u0142yw mroku, a jednocze\u015bnie poprowadzisz Dru\u017cyn\u0119 Pier\u015bcienia ku G\u00f3rze Przeznaczenia.                            <\/p>\n<p>Jako gracz Cienia staniesz na czele hord Czarnego W\u0142adcy oraz jego najpot\u0119\u017cniejszych s\u0142ug i spr\u00f3bujesz okry\u0107 krainy \u015ar\u00f3dziemia wieczn\u0105 ciemno\u015bci\u0105. Na twoje rozkazy czekaj\u0105 legiony ork\u00f3w, trolli, je\u017ad\u017ac\u00f3w wilk\u00f3w i straszliwe Upiory Pier\u015bcienia. Wytrop Powiernika Pier\u015bcienia i odzyskaj najcenniejszy skarb Saurona albo zmia\u017cd\u017c wrog\u00f3w pot\u0119g\u0105 swoich armii.<br \/>\n\u00a0Oto twoja szansa, zmieni\u0107 bieg historii ca\u0142ej ery\u2026<\/p>\n<h2>Gra planszowa Galakta Wojna o Pier\u015bcie\u0144 Galakta<\/h2>\n<p>quizy dla dzieci, prezent na roczek dla dziecka, quiz opowie\u015bci z narnii, pomys\u0142 na prezent dla 15 latki, zagadki dla dzieci 6-7 lat online, znaczenie imienia gabriel, kolorowanka lol do druku, sky kolorowanka, miasto dzieci, atrakcje wroc\u0142aw i okolice, \u0142amig\u0142\u00f3wki logiczne, prezenty na urodziny dla nastolatk\u00f3w, zagadki logiczne dla doros\u0142ych, kolorowanki do druku<\/p>\n<p>yyyyy<\/p>\n<p>&nbsp;<\/p>\n","protected":false},"excerpt":{"rendered":"<p>WOJNA O PIER\u015aCIE\u0143 2.EDYCJA WOJNA O PIER\u015aCIE\u0143 to epicka strategiczna gra planszowa pozwalaj\u0105ca graczom zanurzy\u0107 si\u0119 w \u015bwiecie W\u0141ADCY PIER\u015aCIENI stworzonym przez J.R.R. Tolkiena, pe\u0142nym ekscytuj\u0105cych przyg\u00f3d, dramatycznych star\u0107 i niezapominanych bohater\u00f3w. Jako gracz Wolnych Lud\u00f3w b\u0119dziesz dowodzi\u0107 zast\u0119pami najwi\u0119kszych kr\u00f3lestw Trzeciej Ery: odje\u017ad\u017cc\u00f3w z Rohanu, po \u017co\u0142nierzy Gondoru i elfy z Rivendell. To na [&hellip;]<\/p>\n","protected":false},"featured_media":1569,"comment_status":"closed","ping_status":"open","template":"","meta":[],"product_cat":[414,235],"product_tag":[753,656,748],"class_list":["post-1568","product","type-product","status-publish","has-post-thumbnail","hentry","product_cat-galakta","product_cat-gry-planszowe","product_tag-kamila","product_tag-kolorowanki-lol","product_tag-okolice-wroclawia-atrakcje"],"_links":{"self":[{"href":"http:\/\/klubmamgdynia.pl\/index.php\/wp-json\/wp\/v2\/product\/1568","targetHints":{"allow":["GET"]}}],"collection":[{"href":"http:\/\/klubmamgdynia.pl\/index.php\/wp-json\/wp\/v2\/product"}],"about":[{"href":"http:\/\/klubmamgdynia.pl\/index.php\/wp-json\/wp\/v2\/types\/product"}],"replies":[{"embeddable":true,"href":"http:\/\/klubmamgdynia.pl\/index.php\/wp-json\/wp\/v2\/comments?post=1568"}],"wp:featuredmedia":[{"embeddable":true,"href":"http:\/\/klubmamgdynia.pl\/index.php\/wp-json\/wp\/v2\/media\/1569"}],"wp:attachment":[{"href":"http:\/\/klubmamgdynia.pl\/index.php\/wp-json\/wp\/v2\/media?parent=1568"}],"wp:term":[{"taxonomy":"product_cat","embeddable":true,"href":"http:\/\/klubmamgdynia.pl\/index.php\/wp-json\/wp\/v2\/product_cat?post=1568"},{"taxonomy":"product_tag","embeddable":true,"href":"http:\/\/klubmamgdynia.pl\/index.php\/wp-json\/wp\/v2\/product_tag?post=1568"}],"curies":[{"name":"wp","href":"https:\/\/api.w.org\/{rel}","templated":true}]}}