{"id":1570,"date":"2020-05-19T19:29:35","date_gmt":"2020-05-19T17:29:35","guid":{"rendered":"http:\/\/klubmamgdynia.pl\/index.php\/produkt\/gra-planszowa-smart-games-noahs-ark-eng-iuvi-games\/"},"modified":"2026-04-17T19:03:29","modified_gmt":"2026-04-17T17:03:29","slug":"gra-planszowa-smart-games-noahs-ark-eng-iuvi-games","status":"publish","type":"product","link":"http:\/\/klubmamgdynia.pl\/index.php\/produkt\/gra-planszowa-smart-games-noahs-ark-eng-iuvi-games\/","title":{"rendered":"Gra planszowa Smart Games Noah&#8217;s Ark (ENG) IUVI Games"},"content":{"rendered":"<p>Uk\u0142adanka dla dzieci &#8211; Arka NoegoUk\u0142adanka dla dzieci &#8211; Arka Noego to niezwyk\u0142a tr\u00f3jwymiarowa uk\u0142adanka przedstawiaj\u0105ca Ark\u0119 Noego, kt\u00f3r\u0105 umieszczono na kolorowej drewnianej planszy. Podobnie jak w biblijnej historii, tak i tu mamy pary zwierz\u0105t, kt\u00f3re gromadz\u0105 si\u0119 w Arce aby uciec przed powodzi\u0105. Ca\u0142o\u015b\u0107 rozwija zdolno\u015bci manualne, wyobra\u017ani\u0119, a tak\u017ce ma walory poznawcze. Opowie\u015b\u0107 o Arce Noego zazwyczaj jest dla dzieci atrakcyjna, poniewa\u017c pojawia si\u0119 w niej wiele zwierz\u0105t, warto ten fakt wykorzysta\u0107.Podstawowe korzy\u015bciPosiadanie uk\u0142adanki zwi\u0119ksza zdolno\u015bci manualne, wyobra\u017ani\u0119, a tak\u017ce ma walory poznawcze. Dziecko mo\u017ce szybciej si\u0119 rozwija\u0107, \u0142atwiej rozpoznawa\u0107 otaczaj\u0105ce go elementy i dopasowywa\u0107 je do siebie. Poza tym poznaje zwierz\u0119ta, ich wygl\u0105d oraz jest nimi coraz bardziej zainteresowane.Dane techniczneWymiary: ok. 19 x 11 x 15 cmWiek: 3+<\/p>\n<h2>Gra planszowa Smart Games Noahs Ark (ENG) IUVI Games IUVI Games<\/h2>\n<p>zagadki matematyczne dla przedszkolak\u00f3w, ciekawe zagadki, ko\u0142ysanki teksty, wierszyki na \u015bmigus dyngus, znaczenie imienia gabriel, lew czarownica i stara szafa test, gwiazdka do druku, quiz o koniach, andrea, zimowe zagadki dla dzieci, \u015bwinka peppa kolorowanka do druku<\/p>\n<p>yyyyy<\/p>\n<p>&nbsp;<\/p>\n","protected":false},"excerpt":{"rendered":"<p>Uk\u0142adanka dla dzieci &#8211; Arka NoegoUk\u0142adanka dla dzieci &#8211; Arka Noego to niezwyk\u0142a tr\u00f3jwymiarowa uk\u0142adanka przedstawiaj\u0105ca Ark\u0119 Noego, kt\u00f3r\u0105 umieszczono na kolorowej drewnianej planszy. Podobnie jak w biblijnej historii, tak i tu mamy pary zwierz\u0105t, kt\u00f3re gromadz\u0105 si\u0119 w Arce aby uciec przed powodzi\u0105. Ca\u0142o\u015b\u0107 rozwija zdolno\u015bci manualne, wyobra\u017ani\u0119, a tak\u017ce ma walory poznawcze. Opowie\u015b\u0107 [&hellip;]<\/p>\n","protected":false},"featured_media":1571,"comment_status":"closed","ping_status":"open","template":"","meta":[],"product_cat":[235,432],"product_tag":[728,583,710,791,701],"class_list":["post-1570","product","type-product","status-publish","has-post-thumbnail","hentry","product_cat-gry-planszowe","product_cat-iuvi-games","product_tag-bezwarunkowa-milosc-do-dziecka-cytaty","product_tag-kolysanki-dla-dzieci-tekst","product_tag-zagadki-dla-dzieci-10-12-lat","product_tag-zagadki-na-myslenie","product_tag-zgadywanki-dla-dzieci"],"_links":{"self":[{"href":"http:\/\/klubmamgdynia.pl\/index.php\/wp-json\/wp\/v2\/product\/1570","targetHints":{"allow":["GET"]}}],"collection":[{"href":"http:\/\/klubmamgdynia.pl\/index.php\/wp-json\/wp\/v2\/product"}],"about":[{"href":"http:\/\/klubmamgdynia.pl\/index.php\/wp-json\/wp\/v2\/types\/product"}],"replies":[{"embeddable":true,"href":"http:\/\/klubmamgdynia.pl\/index.php\/wp-json\/wp\/v2\/comments?post=1570"}],"wp:featuredmedia":[{"embeddable":true,"href":"http:\/\/klubmamgdynia.pl\/index.php\/wp-json\/wp\/v2\/media\/1571"}],"wp:attachment":[{"href":"http:\/\/klubmamgdynia.pl\/index.php\/wp-json\/wp\/v2\/media?parent=1570"}],"wp:term":[{"taxonomy":"product_cat","embeddable":true,"href":"http:\/\/klubmamgdynia.pl\/index.php\/wp-json\/wp\/v2\/product_cat?post=1570"},{"taxonomy":"product_tag","embeddable":true,"href":"http:\/\/klubmamgdynia.pl\/index.php\/wp-json\/wp\/v2\/product_tag?post=1570"}],"curies":[{"name":"wp","href":"https:\/\/api.w.org\/{rel}","templated":true}]}}