{"id":1572,"date":"2024-03-25T09:53:15","date_gmt":"2024-03-25T08:53:15","guid":{"rendered":"http:\/\/klubmamgdynia.pl\/?post_type=product&#038;p=1572"},"modified":"2026-04-05T20:46:18","modified_gmt":"2026-04-05T18:46:18","slug":"beyond-a-steel-sky-beyond-a-steel-book-edition-gra-ns","status":"publish","type":"product","link":"http:\/\/klubmamgdynia.pl\/index.php\/produkt\/beyond-a-steel-sky-beyond-a-steel-book-edition-gra-ns\/","title":{"rendered":"Beyond a Steel Sky Beyond a Steel Book Edition (Gra NS)"},"content":{"rendered":"<p>Beyond A Steel Sky to d\u0142ugo oczekiwana kontynuacja kultowego klasyka Beneath a Steel Sky od tw\u00f3rcy serii Broken Sword Charlesa Cecila i pod kierownictwem artystycznym Davea Gibbonsa, legendarnego autora komiks\u00f3w stoj\u0105cego mi\u0119dzy innymi za Watchmen.                            <\/p>\n<p>\u00a0Nazywasz si\u0119 Robert Foster. W brutalnym ataku uprowadzono dziecko, a ty przyrzek\u0142e\u015b sprowadzi\u0107 je do domu. Trop zaprowadzi\u0142 ci\u0119 do Union City, jednego z ostatnich mega-miast w \u015bwiecie spustoszonym przez wojny i krach system\u00f3w politycznych. \u00a0Union City to utopia, kt\u00f3rej mieszka\u0144cy kochaj\u0105 \u017cycie pod kontrol\u0105 altruistycznej sztucznej inteligencji: zawsze \u017cyczliwe androidy, designerskie mieszkania, place i bary. Czego tu nie kocha\u0107? Ale to miasto ma swoj\u0105 ciemn\u0105 stron\u0119\u2026<br \/>\n\u00a0                            <\/p>\n<p>\u00a0Beyond a Steel Sky to dramatyczny, pe\u0142en humoru, cyberpunkowy thriller, w kt\u00f3rym wci\u0105gaj\u0105ce \u0142amig\u0142\u00f3wki nap\u0119dzaj\u0105 szybk\u0105 narracj\u0119 osadzon\u0105 w dynamicznym \u015bwiecie gry, kt\u00f3ry reaguje na dzia\u0142ania gracza i zmienia si\u0119 pod ich wp\u0142ywem.\u00a0                            <\/p>\n<p>\u00a0\u015awiatPrzygoda osadzona w dynamicznym \u015bwiecie, zamieszkanym przez maj\u0105ce woln\u0105 wol\u0119 postacie kierowane motywacjami, kt\u00f3re gracz mo\u017ce zmieni\u0107. W po\u0142\u0105czeniu z unikalnym narz\u0119dziem hakerskim, z wybor\u00f3w graczy wynika wiele rozwi\u0105za\u0144 zagadek.\u00a0                            <\/p>\n<p>\u00a0Opowie\u015b\u0107Ujawnij mroczne spiski i pokonaj przera\u017caj\u0105cego antagonist\u0119 w tym dramatycznym, humorystycznym, cyberpunkowym thrillerze, kt\u00f3ry porusza wsp\u00f3\u0142czesne tematy: kontrol\u0119 spo\u0142eczn\u0105, sztuczn\u0105 inteligencj\u0119 i pe\u0142n\u0105 inwigilacj\u0119.\u00a0                            <\/p>\n<p>\u00a0\u0141amig\u0142\u00f3wkiInteligentne zagadki przeplataj\u0105 si\u0119 z intryguj\u0105c\u0105, dramatyczn\u0105 narracj\u0105, aby zapewni\u0107 wci\u0105gaj\u0105c\u0105 rozgrywk\u0119.\u00a0                            <\/p>\n<p>\u00a0Wygl\u0105dPi\u0119knie szczeg\u00f3\u0142owy, stylizowany na powie\u015b\u0107 graficzn\u0105 \u015bwiat, stworzony przez umys\u0142 legendarnego artysty komiksowego Davea Gibbonsa.\u00a0                            <\/p>\n<p>\u00a0Wydanie Beyond a Steel Sky \u2013 Beyond a Steel Book Edition zawiera:pe\u0142n\u0105 wersj\u0119 gryekskluzywny steelbook z komiksowymi grafikami Dave\u2019a Gibbonsakod na cyfrow\u0105 wersj\u0119 \u015bcie\u017cki d\u017awi\u0119kowejarkusz naklejek\u00a0<\/p>\n<h2>Beyond a Steel Sky Beyond a Steel Book Edition (Gra NS) Revolution Software<\/h2>\n<p>paloma, lamiglowki slowne, miko\u0142ajki dla dzieci warszawa 2021, prezent dla rocznej dziewczynki, anastazja imi\u0119, kolorowanka do druku super zings, zagadki dla ma\u0142ych dzieci, kolorowanki \u015bwi\u0119to niepodleg\u0142o\u015bci do druku, kontynenty dla dzieci do druku, po \u0142\u0105ce biega lato tekst, milena<\/p>\n<p>yyyyy<\/p>\n<p>&nbsp;<\/p>\n","protected":false},"excerpt":{"rendered":"<p>Beyond A Steel Sky to d\u0142ugo oczekiwana kontynuacja kultowego klasyka Beneath a Steel Sky od tw\u00f3rcy serii Broken Sword Charlesa Cecila i pod kierownictwem artystycznym Davea Gibbonsa, legendarnego autora komiks\u00f3w stoj\u0105cego mi\u0119dzy innymi za Watchmen. \u00a0Nazywasz si\u0119 Robert Foster. W brutalnym ataku uprowadzono dziecko, a ty przyrzek\u0142e\u015b sprowadzi\u0107 je do domu. Trop zaprowadzi\u0142 ci\u0119 do [&hellip;]<\/p>\n","protected":false},"featured_media":1573,"comment_status":"closed","ping_status":"open","template":"","meta":[],"product_cat":[348,433],"product_tag":[668,844,665,695,799],"class_list":["post-1572","product","type-product","status-publish","has-post-thumbnail","hentry","product_cat-gry-nintendo-switch","product_cat-revolution-software","product_tag-atrakcje-dla-dzieci-wroclaw","product_tag-co-kupic-na-roczek","product_tag-proste-zagadki","product_tag-rzadkie-imiona-zenskie","product_tag-zagadka-logiczna"],"_links":{"self":[{"href":"http:\/\/klubmamgdynia.pl\/index.php\/wp-json\/wp\/v2\/product\/1572","targetHints":{"allow":["GET"]}}],"collection":[{"href":"http:\/\/klubmamgdynia.pl\/index.php\/wp-json\/wp\/v2\/product"}],"about":[{"href":"http:\/\/klubmamgdynia.pl\/index.php\/wp-json\/wp\/v2\/types\/product"}],"replies":[{"embeddable":true,"href":"http:\/\/klubmamgdynia.pl\/index.php\/wp-json\/wp\/v2\/comments?post=1572"}],"wp:featuredmedia":[{"embeddable":true,"href":"http:\/\/klubmamgdynia.pl\/index.php\/wp-json\/wp\/v2\/media\/1573"}],"wp:attachment":[{"href":"http:\/\/klubmamgdynia.pl\/index.php\/wp-json\/wp\/v2\/media?parent=1572"}],"wp:term":[{"taxonomy":"product_cat","embeddable":true,"href":"http:\/\/klubmamgdynia.pl\/index.php\/wp-json\/wp\/v2\/product_cat?post=1572"},{"taxonomy":"product_tag","embeddable":true,"href":"http:\/\/klubmamgdynia.pl\/index.php\/wp-json\/wp\/v2\/product_tag?post=1572"}],"curies":[{"name":"wp","href":"https:\/\/api.w.org\/{rel}","templated":true}]}}