{"id":1574,"date":"2022-06-29T14:15:38","date_gmt":"2022-06-29T12:15:38","guid":{"rendered":"http:\/\/klubmamgdynia.pl\/index.php\/produkt\/djeco-katuvu-tekturowa-mini-gra-podrozna-obserwacje\/"},"modified":"2026-04-22T16:00:04","modified_gmt":"2026-04-22T14:00:04","slug":"djeco-katuvu-tekturowa-mini-gra-podrozna-obserwacje","status":"publish","type":"product","link":"http:\/\/klubmamgdynia.pl\/index.php\/produkt\/djeco-katuvu-tekturowa-mini-gra-podrozna-obserwacje\/","title":{"rendered":"Djeco Katuvu Tekturowa Mini Gra Podr\u00f3\u017cna Obserwacje"},"content":{"rendered":"<p>Podczas zabawy dziecko rozwija wyobra\u017ani\u0119, a tak\u017ce \u0107wiczy spostrzegawczo\u015b\u0107.Czas gry: 10 min.Ilo\u015b\u0107 graczy: 2-4ZESTAW ZAWIERA: 60 kartWYMIARY OPAKOWANIA: 11,5x 15,5 x 1,5 cmWIEK: od 4 latGra jest nowa, zapakowana w kolorowy kartonik.<\/p>\n<h2>Djeco Katuvu Tekturowa Mini Gra Podr\u00f3\u017cna Obserwacje Djeco<\/h2>\n<p>adriana znaczenie imienia, kalina imi\u0119, jak narysowa\u0107 konia, test z lektury asiunia, jak narysowac kota, ma\u0142y ksi\u0105\u017c\u0119 sprawdzian, zagadki typu co to jest, aniela znaczenie imienia, wierszyk o choince, marianna imi\u0119, plan lekcji do druku, mitologia test wiedzy, macierzy\u0144stwo cytaty, laurka dla mamy rysunek, przyja\u017a\u0144 cytaty, test z lektury mitologia grecka, kolorowanki na andrzejki do wydruku<\/p>\n<p>yyyyy<\/p>\n<p>&nbsp;<\/p>\n","protected":false},"excerpt":{"rendered":"<p>Podczas zabawy dziecko rozwija wyobra\u017ani\u0119, a tak\u017ce \u0107wiczy spostrzegawczo\u015b\u0107.Czas gry: 10 min.Ilo\u015b\u0107 graczy: 2-4ZESTAW ZAWIERA: 60 kartWYMIARY OPAKOWANIA: 11,5x 15,5 x 1,5 cmWIEK: od 4 latGra jest nowa, zapakowana w kolorowy kartonik. Djeco Katuvu Tekturowa Mini Gra Podr\u00f3\u017cna Obserwacje Djeco adriana znaczenie imienia, kalina imi\u0119, jak narysowa\u0107 konia, test z lektury asiunia, jak narysowac kota, [&hellip;]<\/p>\n","protected":false},"featured_media":1575,"comment_status":"closed","ping_status":"open","template":"","meta":[],"product_cat":[434,130],"product_tag":[603,593,780,818,783],"class_list":["post-1574","product","type-product","status-publish","has-post-thumbnail","hentry","product_cat-djeco","product_cat-gry-dzieciece","product_tag-bajki-do-czytania","product_tag-jak-narysowac-konia","product_tag-krecik-bajka","product_tag-oliwier","product_tag-prezenty-na-roczek-dla-chlopca"],"_links":{"self":[{"href":"http:\/\/klubmamgdynia.pl\/index.php\/wp-json\/wp\/v2\/product\/1574","targetHints":{"allow":["GET"]}}],"collection":[{"href":"http:\/\/klubmamgdynia.pl\/index.php\/wp-json\/wp\/v2\/product"}],"about":[{"href":"http:\/\/klubmamgdynia.pl\/index.php\/wp-json\/wp\/v2\/types\/product"}],"replies":[{"embeddable":true,"href":"http:\/\/klubmamgdynia.pl\/index.php\/wp-json\/wp\/v2\/comments?post=1574"}],"wp:featuredmedia":[{"embeddable":true,"href":"http:\/\/klubmamgdynia.pl\/index.php\/wp-json\/wp\/v2\/media\/1575"}],"wp:attachment":[{"href":"http:\/\/klubmamgdynia.pl\/index.php\/wp-json\/wp\/v2\/media?parent=1574"}],"wp:term":[{"taxonomy":"product_cat","embeddable":true,"href":"http:\/\/klubmamgdynia.pl\/index.php\/wp-json\/wp\/v2\/product_cat?post=1574"},{"taxonomy":"product_tag","embeddable":true,"href":"http:\/\/klubmamgdynia.pl\/index.php\/wp-json\/wp\/v2\/product_tag?post=1574"}],"curies":[{"name":"wp","href":"https:\/\/api.w.org\/{rel}","templated":true}]}}