{"id":1576,"date":"2022-08-11T14:00:49","date_gmt":"2022-08-11T12:00:49","guid":{"rendered":"http:\/\/klubmamgdynia.pl\/index.php\/produkt\/willy-jetman-astromonkeys-revenge-gra-ns\/"},"modified":"2026-04-30T01:32:16","modified_gmt":"2026-04-29T23:32:16","slug":"willy-jetman-astromonkeys-revenge-gra-ns","status":"publish","type":"product","link":"http:\/\/klubmamgdynia.pl\/index.php\/produkt\/willy-jetman-astromonkeys-revenge-gra-ns\/","title":{"rendered":"Willy Jetman Astromonkey&#8217;s Revenge (Gra NS)"},"content":{"rendered":"<p>Najbardziej nieprawdopodobny bohater gwiazdorzy w najwi\u0119kszej przygodzie 2D tego roku<\/p>\n<h2>Willy Jetman Astromonkeys Revenge (Gra NS) <\/h2>\n<p>prima aprilis w szkole, bajki dla dzieci za darmo, najtrudniejsze zagadki, b\u0105k ptak, zagadka nie do rozwi\u0105zania, pokemon kolorowanki, test ze znak\u00f3w drogowych, cytat mama, \u0142amig\u0142\u00f3wki logiczne, wzory zaprosze\u0144 zaproszenie na urodziny do druku pdf, stanis\u0142awa znaczenie imienia, prezent na roczek dla chlopca<\/p>\n<p>yyyyy<\/p>\n<p>&nbsp;<\/p>\n","protected":false},"excerpt":{"rendered":"<p>Najbardziej nieprawdopodobny bohater gwiazdorzy w najwi\u0119kszej przygodzie 2D tego roku Willy Jetman Astromonkeys Revenge (Gra NS) prima aprilis w szkole, bajki dla dzieci za darmo, najtrudniejsze zagadki, b\u0105k ptak, zagadka nie do rozwi\u0105zania, pokemon kolorowanki, test ze znak\u00f3w drogowych, cytat mama, \u0142amig\u0142\u00f3wki logiczne, wzory zaprosze\u0144 zaproszenie na urodziny do druku pdf, stanis\u0142awa znaczenie imienia, prezent [&hellip;]<\/p>\n","protected":false},"featured_media":1577,"comment_status":"closed","ping_status":"open","template":"","meta":[],"product_cat":[348],"product_tag":[801,864,657,858,643],"class_list":["post-1576","product","type-product","status-publish","has-post-thumbnail","hentry","product_cat-gry-nintendo-switch","product_tag-bajki-terapeutyczne-o-emocjach","product_tag-basen-warszawa","product_tag-lol-kolorowanka","product_tag-podchwytliwe-zagadki","product_tag-prezent-dla-17-latki"],"_links":{"self":[{"href":"http:\/\/klubmamgdynia.pl\/index.php\/wp-json\/wp\/v2\/product\/1576","targetHints":{"allow":["GET"]}}],"collection":[{"href":"http:\/\/klubmamgdynia.pl\/index.php\/wp-json\/wp\/v2\/product"}],"about":[{"href":"http:\/\/klubmamgdynia.pl\/index.php\/wp-json\/wp\/v2\/types\/product"}],"replies":[{"embeddable":true,"href":"http:\/\/klubmamgdynia.pl\/index.php\/wp-json\/wp\/v2\/comments?post=1576"}],"wp:featuredmedia":[{"embeddable":true,"href":"http:\/\/klubmamgdynia.pl\/index.php\/wp-json\/wp\/v2\/media\/1577"}],"wp:attachment":[{"href":"http:\/\/klubmamgdynia.pl\/index.php\/wp-json\/wp\/v2\/media?parent=1576"}],"wp:term":[{"taxonomy":"product_cat","embeddable":true,"href":"http:\/\/klubmamgdynia.pl\/index.php\/wp-json\/wp\/v2\/product_cat?post=1576"},{"taxonomy":"product_tag","embeddable":true,"href":"http:\/\/klubmamgdynia.pl\/index.php\/wp-json\/wp\/v2\/product_tag?post=1576"}],"curies":[{"name":"wp","href":"https:\/\/api.w.org\/{rel}","templated":true}]}}