{"id":1578,"date":"2015-04-20T10:41:40","date_gmt":"2015-04-20T08:41:40","guid":{"rendered":"http:\/\/klubmamgdynia.pl\/index.php\/produkt\/egmont-cardblocks-kartonowe-klocki-konstrukcyjne-bryly-platonskie\/"},"modified":"2026-04-29T01:38:47","modified_gmt":"2026-04-28T23:38:47","slug":"egmont-cardblocks-kartonowe-klocki-konstrukcyjne-bryly-platonskie","status":"publish","type":"product","link":"http:\/\/klubmamgdynia.pl\/index.php\/produkt\/egmont-cardblocks-kartonowe-klocki-konstrukcyjne-bryly-platonskie\/","title":{"rendered":"Egmont Cardblocks Kartonowe Klocki Konstrukcyjne Bry\u0142y Plato\u0144skie"},"content":{"rendered":"<p>KARTONOWE KLOCKI KONSTRUKCYJNE \u2013 BRY\u0141Y PLATO\u0143SKIEZestaw 5 bry\u0142 plato\u0144skich do samodzielnego z\u0142o\u017cenia.Wielo\u015bciany foremne, czyli inaczej bry\u0142y plato\u0144skie le\u017c\u0105 u podstaw kr\u00f3lowej nauk \u2013 matematyki. Platon uwa\u017ca\u0142, \u017ce s\u0105 najdoskonalsz\u0105 form\u0105 i budulcem otaczaj\u0105cej nas rzeczywisto\u015bci. Nad wej\u015bciem do swojej Akademii umie\u015bci\u0142 napis \u201eNiech nie wchodzi tu nikt, kto nie zna geometrii\u201d.Teraz sam mo\u017cesz zbudowa\u0107 bry\u0142y plato\u0144skie i cieszysz si\u0119 ich doskona\u0142o\u015bci\u0105 w domu czy szkole. To \u015bwietna zabawa dla os\u00f3b lubi\u0105cych poznawa\u0107 \u015bwiat oraz niezast\u0105piona pomoc podczas nauki geometrii.Matematyka i filozofiaWed\u0142ug Platona tr\u00f3jk\u0105t jest podstawow\u0105 cegie\u0142k\u0105 budowy \u015bwiata. Mo\u017cna z niego stworzy\u0107 czworo\u015bcian, o\u015bmio\u015bcian i dwudziesto\u015bcian, a z dw\u00f3ch tr\u00f3jk\u0105t\u00f3w z\u0142o\u017conych w kwadrat \u2013 sze\u015bcian. Bry\u0142y te s\u0105 budulcem 4 \u017cywio\u0142\u00f3w tworz\u0105cych \u015bwiat (ogie\u0144, powietrze, woda, ziemia), a zespoleniem ca\u0142o\u015bci jest dwunasto\u015bcian.<\/p>\n<h2>Egmont Cardblocks Kartonowe Klocki Konstrukcyjne Bry\u0142y Plato\u0144skie EGMONT<\/h2>\n<p>test miko\u0142ajek 25 pyta\u0144, znaczenie imiona justyna, karty pracy po ukrai\u0144sku, zaproszenie do druku, lody kolorowanka, test z lektury ania z zielonego wzg\u00f3rza klasa 6 z odpowiedziami, prezent na roczek, s\u0142owa do przyjaciela<\/p>\n<p>yyyyy<\/p>\n<p>&nbsp;<\/p>\n","protected":false},"excerpt":{"rendered":"<p>KARTONOWE KLOCKI KONSTRUKCYJNE \u2013 BRY\u0141Y PLATO\u0143SKIEZestaw 5 bry\u0142 plato\u0144skich do samodzielnego z\u0142o\u017cenia.Wielo\u015bciany foremne, czyli inaczej bry\u0142y plato\u0144skie le\u017c\u0105 u podstaw kr\u00f3lowej nauk \u2013 matematyki. Platon uwa\u017ca\u0142, \u017ce s\u0105 najdoskonalsz\u0105 form\u0105 i budulcem otaczaj\u0105cej nas rzeczywisto\u015bci. Nad wej\u015bciem do swojej Akademii umie\u015bci\u0142 napis \u201eNiech nie wchodzi tu nikt, kto nie zna geometrii\u201d.Teraz sam mo\u017cesz zbudowa\u0107 bry\u0142y [&hellip;]<\/p>\n","protected":false},"featured_media":1579,"comment_status":"closed","ping_status":"open","template":"","meta":[],"product_cat":[229,113],"product_tag":[593,780,726,679],"class_list":["post-1578","product","type-product","status-publish","has-post-thumbnail","hentry","product_cat-egmont","product_cat-klocki","product_tag-jak-narysowac-konia","product_tag-krecik-bajka","product_tag-quiz-zemsta","product_tag-zabawki-na-roczek-dla-dziewczynki"],"_links":{"self":[{"href":"http:\/\/klubmamgdynia.pl\/index.php\/wp-json\/wp\/v2\/product\/1578","targetHints":{"allow":["GET"]}}],"collection":[{"href":"http:\/\/klubmamgdynia.pl\/index.php\/wp-json\/wp\/v2\/product"}],"about":[{"href":"http:\/\/klubmamgdynia.pl\/index.php\/wp-json\/wp\/v2\/types\/product"}],"replies":[{"embeddable":true,"href":"http:\/\/klubmamgdynia.pl\/index.php\/wp-json\/wp\/v2\/comments?post=1578"}],"wp:featuredmedia":[{"embeddable":true,"href":"http:\/\/klubmamgdynia.pl\/index.php\/wp-json\/wp\/v2\/media\/1579"}],"wp:attachment":[{"href":"http:\/\/klubmamgdynia.pl\/index.php\/wp-json\/wp\/v2\/media?parent=1578"}],"wp:term":[{"taxonomy":"product_cat","embeddable":true,"href":"http:\/\/klubmamgdynia.pl\/index.php\/wp-json\/wp\/v2\/product_cat?post=1578"},{"taxonomy":"product_tag","embeddable":true,"href":"http:\/\/klubmamgdynia.pl\/index.php\/wp-json\/wp\/v2\/product_tag?post=1578"}],"curies":[{"name":"wp","href":"https:\/\/api.w.org\/{rel}","templated":true}]}}