{"id":158,"date":"2022-08-26T12:58:54","date_gmt":"2022-08-26T10:58:54","guid":{"rendered":"http:\/\/klubmamgdynia.pl\/index.php\/produkt\/dromader-kolejka-z-pilotem-397cm-2760\/"},"modified":"2026-04-27T22:58:11","modified_gmt":"2026-04-27T20:58:11","slug":"dromader-kolejka-z-pilotem-397cm-2760","status":"publish","type":"product","link":"http:\/\/klubmamgdynia.pl\/index.php\/produkt\/dromader-kolejka-z-pilotem-397cm-2760\/","title":{"rendered":"Dromader Kolejka Z Pilotem 397Cm 2760"},"content":{"rendered":"<p>Kolejka z pilotem 397 cm od 3 lat<\/p>\n<h2>Dromader Kolejka Z Pilotem 397Cm 2760 Dromader<\/h2>\n<p>zabawa dla 7 latka, quiz o dinozaurach, quiz o bo\u017cym narodzeniu, zadania logiczne, samolot kolorowanka, podchwytliwe zagadki matematyczne, ptak b\u0105k, opowie\u015bci z narnii lew czarownica i stara szafa quiz, prezent dla trzynastolatki, wierszyki o wakacjach kr\u00f3tkie, szablon choinki do wydruku, \u015bmieszne \u0142ama\u0144ce j\u0119zykowe, imie paula, bajki terapeutyczne o emocjach, misie z film\u00f3w animowanych, cytaty rodzina, opisy do zdj\u0119\u0107 dziecka, zabawy logiczne dla dzieci, marcel imi\u0119<\/p>\n<p>yyyyy<\/p>\n<p>&nbsp;<\/p>\n","protected":false},"excerpt":{"rendered":"<p>Kolejka z pilotem 397 cm od 3 lat Dromader Kolejka Z Pilotem 397Cm 2760 Dromader zabawa dla 7 latka, quiz o dinozaurach, quiz o bo\u017cym narodzeniu, zadania logiczne, samolot kolorowanka, podchwytliwe zagadki matematyczne, ptak b\u0105k, opowie\u015bci z narnii lew czarownica i stara szafa quiz, prezent dla trzynastolatki, wierszyki o wakacjach kr\u00f3tkie, szablon choinki do wydruku, [&hellip;]<\/p>\n","protected":false},"featured_media":159,"comment_status":"closed","ping_status":"open","template":"","meta":[],"product_cat":[60,56],"product_tag":[827,627,736,760],"class_list":["post-158","product","type-product","status-publish","has-post-thumbnail","hentry","product_cat-dromader","product_cat-kolejki","product_tag-bajki-dla-niemowlat","product_tag-quiz-dzieci-z-bullerbyn","product_tag-zabawki-na-roczek","product_tag-zagadka-matematyczna"],"_links":{"self":[{"href":"http:\/\/klubmamgdynia.pl\/index.php\/wp-json\/wp\/v2\/product\/158","targetHints":{"allow":["GET"]}}],"collection":[{"href":"http:\/\/klubmamgdynia.pl\/index.php\/wp-json\/wp\/v2\/product"}],"about":[{"href":"http:\/\/klubmamgdynia.pl\/index.php\/wp-json\/wp\/v2\/types\/product"}],"replies":[{"embeddable":true,"href":"http:\/\/klubmamgdynia.pl\/index.php\/wp-json\/wp\/v2\/comments?post=158"}],"wp:featuredmedia":[{"embeddable":true,"href":"http:\/\/klubmamgdynia.pl\/index.php\/wp-json\/wp\/v2\/media\/159"}],"wp:attachment":[{"href":"http:\/\/klubmamgdynia.pl\/index.php\/wp-json\/wp\/v2\/media?parent=158"}],"wp:term":[{"taxonomy":"product_cat","embeddable":true,"href":"http:\/\/klubmamgdynia.pl\/index.php\/wp-json\/wp\/v2\/product_cat?post=158"},{"taxonomy":"product_tag","embeddable":true,"href":"http:\/\/klubmamgdynia.pl\/index.php\/wp-json\/wp\/v2\/product_tag?post=158"}],"curies":[{"name":"wp","href":"https:\/\/api.w.org\/{rel}","templated":true}]}}