{"id":1580,"date":"2014-01-13T18:12:45","date_gmt":"2014-01-13T17:12:45","guid":{"rendered":"http:\/\/klubmamgdynia.pl\/index.php\/produkt\/sony-ogniwo-18650-wypukly-biegun-dodatni-murata-vtc5\/"},"modified":"2026-04-30T19:37:45","modified_gmt":"2026-04-30T17:37:45","slug":"sony-ogniwo-18650-wypukly-biegun-dodatni-murata-vtc5","status":"publish","type":"product","link":"http:\/\/klubmamgdynia.pl\/index.php\/produkt\/sony-ogniwo-18650-wypukly-biegun-dodatni-murata-vtc5\/","title":{"rendered":"SONY OGNIWO 18650 WYPUK\u0141Y BIEGUN DODATNI MURATA VTC5"},"content":{"rendered":"<p>\u015awietny do E-papieros\u00f3wNowy, oryginalny akumulatorek marki Murata przeznaczony dla u\u017cytkownik\u00f3w kt\u00f3rym zale\u017cy na jak najd\u0142u\u017cszym czasie dzia\u0142ania po na\u0142adowaniu a jednocze\u015bnie na jak najwi\u0119kszej wydajno\u015bci pod du\u017cym obci\u0105\u017ceniem! Wyniki osobistych pomiar\u00f3w!Pojemno\u015b\u0107: 2500mAh Napi\u0119cie: 3,6V Energia: 8Wh Ten akumulator w latarce wysokiej mocy roz\u0142aduj\u0119 si\u0119 po 2-3 godzinach ci\u0105g\u0142ego u\u017cytkowania, natomiast w typowej latarce roz\u0142aduj\u0119 si\u0119 po 5-6 godzinach! \u2714\ufe0fJeden z najbardziej pojemnych akumulatork\u00f3w na \u015bwiecie! Ciesz si\u0119 niewyobra\u017calnie d\u0142ugim czasem u\u017cytkowania! \u2714\ufe0fZrezygnuj z tanich zamiennik\u00f3w! Zadbaj o swoje bezpiecze\u0144stwo z mark\u0105 MURATA! \u2714\ufe0fZupe\u0142nie nowy! Akumulatorek trafi do Ciebie wprost z linii produkcyjnej!\u2714\ufe0f Szerokie zastosowanie!Ogniwa 18650 dziel\u0105 si\u0119 na d\u0142u\u017csze czyli te z wypuk\u0142ym biegunem dodatnim i kr\u00f3tsze czyli te z p\u0142askim biegunem. Upewnij si\u0119 jakiego typu ogniwa potrzebujesz w swoim urz\u0105dzeniu a je\u015bli masz jakie\u015b w\u0105tpliwo\u015bci skontaktuj si\u0119 z nami! Na tej ofercie kupisz ogniwo z p\u0142askim biegunem dodatnim, je\u015bli potrzebujesz ogniwa z wypuk\u0142ym plusem znajdziesz je w kategorii akumulatorki-wypuk\u0142y plus! \u2714\ufe0fTrwa\u0142o\u015b\u0107 i niska cena!\u0141aduj i roz\u0142adowuj akumulatorek nawet do 1000 razy co w przeliczeniu na codzienne u\u017cytkowanie daj\u0119 nam prawie 3 lata jego dzia\u0142ania a koszt jednego u\u017cycia to oko\u0142o 2 grosze!Je\u015bli Tw\u00f3j akumulator: -szybko si\u0119 roz\u0142adowuje, -nie czujesz si\u0119 bezpiecznie podczas jego u\u017cytkowania, -posiadasz chi\u0144ski zamiennik o kosmicznej pojemno\u015bci kt\u00f3ra si\u0119 nie sprawdza. Sprawd\u017a sam i sta\u0144 si\u0119 kolejnym zadowolonym u\u017cytkownikiem!Twoje bezpiecze\u0144stwo jest najwa\u017cniejsze!Do w pe\u0142ni bezpiecznego u\u017cytkowania, nasze ogniwo powinno by\u0107 dodatkowo zabezpieczone uk\u0142adem PCM. Odpowiada on za ochron\u0119 naszych ogniw przed:-zwarciem, -prze\u0142adowaniem, -nadmiernym roz\u0142adowaniem. Je\u015bli Twoje ogniwo nie jest zabezpieczone uk\u0142adem PCM w skutek zwarcia mo\u017ce doj\u015b\u0107 do po\u017caru, opr\u00f3cz tego jest nara\u017cone na prze\u0142adowanie lub nadmiernie roz\u0142adowanie co znacznie skraca jego \u017cywotno\u015b\u0107!Ogniwo z zabezpieczeniem PCM znajdziesz w kategorii akumulatorki-zabezpieczone!Niekt\u00f3re latarki i inne tego typu urz\u0105dzenia posiadaj\u0105 wbudowane zabezpieczenia kt\u00f3re chroni\u0105 nasze ogniwo przed wy\u017cej wymienionymi zjawiskami w takim przypadku monta\u017c zabezpieczenia PCM nie jest konieczny.<\/p>\n<h2>SONY OGNIWO 18650 WYPUK\u0141Y BIEGUN DODATNI MURATA VTC5 Sony<\/h2>\n<p>szlaczki dla dzieci, cytaty z ma\u0142ego ksi\u0119cia, narysowa\u0107 rysunki \u0142atwe, ja\u015bmina imi\u0119, radiowe nuty niech zyja wakacje, ziemia wyspa zielona tekst, alfons, kr\u00f3tkie czytanki dla dzieci do wydruku, maska batmana do druku, ch\u0142opcy z placu broni &#8211; test z odpowiedziami, nauka j\u0119zyka polskiego dla dzieci z ukrainy materia\u0142y, dyplomy do druku, \u015bmieszne zagadki logiczne, zagadki dla dzieci 10-12 lat<\/p>\n<p>yyyyy<\/p>\n<p>&nbsp;<\/p>\n","protected":false},"excerpt":{"rendered":"<p>\u015awietny do E-papieros\u00f3wNowy, oryginalny akumulatorek marki Murata przeznaczony dla u\u017cytkownik\u00f3w kt\u00f3rym zale\u017cy na jak najd\u0142u\u017cszym czasie dzia\u0142ania po na\u0142adowaniu a jednocze\u015bnie na jak najwi\u0119kszej wydajno\u015bci pod du\u017cym obci\u0105\u017ceniem! Wyniki osobistych pomiar\u00f3w!Pojemno\u015b\u0107: 2500mAh Napi\u0119cie: 3,6V Energia: 8Wh Ten akumulator w latarce wysokiej mocy roz\u0142aduj\u0119 si\u0119 po 2-3 godzinach ci\u0105g\u0142ego u\u017cytkowania, natomiast w typowej latarce roz\u0142aduj\u0119 si\u0119 [&hellip;]<\/p>\n","protected":false},"featured_media":1581,"comment_status":"closed","ping_status":"open","template":"","meta":[],"product_cat":[435,366],"product_tag":[772,666,580,774],"class_list":["post-1580","product","type-product","status-publish","has-post-thumbnail","hentry","product_cat-akumulatory-i-baterie-uniwersalne","product_cat-sony","product_tag-45-panstw-europy-i-ich-stolice-quiz","product_tag-afrykanskie-imiona","product_tag-janusz","product_tag-prezent-na-roczek-nie-zabawka"],"_links":{"self":[{"href":"http:\/\/klubmamgdynia.pl\/index.php\/wp-json\/wp\/v2\/product\/1580","targetHints":{"allow":["GET"]}}],"collection":[{"href":"http:\/\/klubmamgdynia.pl\/index.php\/wp-json\/wp\/v2\/product"}],"about":[{"href":"http:\/\/klubmamgdynia.pl\/index.php\/wp-json\/wp\/v2\/types\/product"}],"replies":[{"embeddable":true,"href":"http:\/\/klubmamgdynia.pl\/index.php\/wp-json\/wp\/v2\/comments?post=1580"}],"wp:featuredmedia":[{"embeddable":true,"href":"http:\/\/klubmamgdynia.pl\/index.php\/wp-json\/wp\/v2\/media\/1581"}],"wp:attachment":[{"href":"http:\/\/klubmamgdynia.pl\/index.php\/wp-json\/wp\/v2\/media?parent=1580"}],"wp:term":[{"taxonomy":"product_cat","embeddable":true,"href":"http:\/\/klubmamgdynia.pl\/index.php\/wp-json\/wp\/v2\/product_cat?post=1580"},{"taxonomy":"product_tag","embeddable":true,"href":"http:\/\/klubmamgdynia.pl\/index.php\/wp-json\/wp\/v2\/product_tag?post=1580"}],"curies":[{"name":"wp","href":"https:\/\/api.w.org\/{rel}","templated":true}]}}