{"id":1582,"date":"2019-08-15T01:45:27","date_gmt":"2019-08-14T23:45:27","guid":{"rendered":"http:\/\/klubmamgdynia.pl\/index.php\/produkt\/ghostwire-tokyo-deluxe-edition-gra-ps5\/"},"modified":"2026-04-29T03:16:02","modified_gmt":"2026-04-29T01:16:02","slug":"ghostwire-tokyo-deluxe-edition-gra-ps5","status":"publish","type":"product","link":"http:\/\/klubmamgdynia.pl\/index.php\/produkt\/ghostwire-tokyo-deluxe-edition-gra-ps5\/","title":{"rendered":"GhostWire Tokyo Deluxe Edition (Gra PS5)"},"content":{"rendered":"<p>Sprzymierz si\u0119 z pot\u0119\u017cn\u0105 widmow\u0105 istot\u0105 szukaj\u0105c\u0105 zemsty i opanuj szereg niewiarygodnych zdolno\u015bci, aby pozna\u0107 tajemnic\u0119 znikni\u0119\u0107. STAW CZO\u0141A NIEZNANEMU w grze Ghostwire: Tokyo Deluxe Edition                            <\/p>\n<p>Upiorne pi\u0119kno Tokio\u00a0\u00a0Podziwiaj unikaln\u0105 wizj\u0119 Tokio opanowanego przez si\u0142y nadprzyrodzone. Odkrywaj wsp\u00f3\u0142czesn\u0105 architektur\u0119, tradycyjne \u015bwi\u0105tynie i mroczne alejki upiornie pi\u0119knego miasta, w kt\u00f3rym roi si\u0119 od yokai \u2013 m\u015bciwych duch\u00f3w nawiedzaj\u0105cych jego ulice.\u00a0\u00a0Edycja Deluxe zawiera:\u2022\u00a0 \u00a0 Pakiet stroj\u00f3w \u201eStreetwear\u201d\u2022\u00a0 \u00a0 Str\u00f3j Shinobiego i bro\u0144 Kunai\u2022\u00a0 \u00a0 Gr\u0119 Ghostwire: Tokyo                            <\/p>\n<p>_                            <\/p>\n<p>Odkryj legendarne miejsca, takie jak skrzy\u017cowanie Shibuya czy wie\u017ca Tokyo Tower, kt\u00f3re odwzorowano w niesamowity spos\u00f3b z niezwyk\u0142\u0105 dba\u0142o\u015bci\u0105 o szczeg\u00f3\u0142y i z wykorzystaniem technologii nowej generacji. Przemierzaj miasto, kt\u00f3re zastyg\u0142o w czasie po znikni\u0119ciu jego mieszka\u0144c\u00f3w, i wybierz si\u0119 do surrealistycznego \u015bwiata podziemi, aby uratowa\u0107 swoj\u0105 rodzin\u0119.                            <\/p>\n<p>.<\/p>\n<p>Niszczycielskie zdolno\u015bci \u017cywio\u0142\u00f3w\u00a0\u00a0Walcz z istotami nadprzyrodzonymi, korzystaj\u0105c z po\u0142\u0105czenia mo\u017cliwych do rozszerzenia mocy \u017cywio\u0142\u00f3w oraz umiej\u0119tno\u015bci \u0142owcy duch\u00f3w. U\u017cyj swoich eterycznych zdolno\u015bci, aby wznie\u015b\u0107 si\u0119 ponad Tokio. Fruwaj\u0105c nad ulicami miasta, mo\u017cesz odkrywa\u0107 nowe misje, a nawet zyska\u0107 przewag\u0119 nad przeciwnikami.                            <\/p>\n<p>.<\/p>\n<p>.<\/p>\n<h2>GhostWire Tokyo Deluxe Edition (Gra PS5) Tango Gameworks<\/h2>\n<p>po\u0142\u0105cz kropki, samolot kolorowanka, pieski ma\u0142e dwa tekst, quiz dla dzieci, dawne ko\u0142ysanki teksty<\/p>\n<p>yyyyy<\/p>\n<p>&nbsp;<\/p>\n","protected":false},"excerpt":{"rendered":"<p>Sprzymierz si\u0119 z pot\u0119\u017cn\u0105 widmow\u0105 istot\u0105 szukaj\u0105c\u0105 zemsty i opanuj szereg niewiarygodnych zdolno\u015bci, aby pozna\u0107 tajemnic\u0119 znikni\u0119\u0107. STAW CZO\u0141A NIEZNANEMU w grze Ghostwire: Tokyo Deluxe Edition Upiorne pi\u0119kno Tokio\u00a0\u00a0Podziwiaj unikaln\u0105 wizj\u0119 Tokio opanowanego przez si\u0142y nadprzyrodzone. Odkrywaj wsp\u00f3\u0142czesn\u0105 architektur\u0119, tradycyjne \u015bwi\u0105tynie i mroczne alejki upiornie pi\u0119knego miasta, w kt\u00f3rym roi si\u0119 od yokai \u2013 m\u015bciwych [&hellip;]<\/p>\n","protected":false},"featured_media":1583,"comment_status":"closed","ping_status":"open","template":"","meta":[],"product_cat":[217,436],"product_tag":[763,593,654,689,582,633],"class_list":["post-1582","product","type-product","status-publish","has-post-thumbnail","hentry","product_cat-gry-playstation-5","product_cat-tango-gameworks","product_tag-fabian","product_tag-jak-narysowac-konia","product_tag-krotkie-bajki-dla-dzieci-do-czytania","product_tag-linda","product_tag-nauka-pisania-literek-do-wydruku-pdf","product_tag-zagadki-z-odpowiedziami"],"_links":{"self":[{"href":"http:\/\/klubmamgdynia.pl\/index.php\/wp-json\/wp\/v2\/product\/1582","targetHints":{"allow":["GET"]}}],"collection":[{"href":"http:\/\/klubmamgdynia.pl\/index.php\/wp-json\/wp\/v2\/product"}],"about":[{"href":"http:\/\/klubmamgdynia.pl\/index.php\/wp-json\/wp\/v2\/types\/product"}],"replies":[{"embeddable":true,"href":"http:\/\/klubmamgdynia.pl\/index.php\/wp-json\/wp\/v2\/comments?post=1582"}],"wp:featuredmedia":[{"embeddable":true,"href":"http:\/\/klubmamgdynia.pl\/index.php\/wp-json\/wp\/v2\/media\/1583"}],"wp:attachment":[{"href":"http:\/\/klubmamgdynia.pl\/index.php\/wp-json\/wp\/v2\/media?parent=1582"}],"wp:term":[{"taxonomy":"product_cat","embeddable":true,"href":"http:\/\/klubmamgdynia.pl\/index.php\/wp-json\/wp\/v2\/product_cat?post=1582"},{"taxonomy":"product_tag","embeddable":true,"href":"http:\/\/klubmamgdynia.pl\/index.php\/wp-json\/wp\/v2\/product_tag?post=1582"}],"curies":[{"name":"wp","href":"https:\/\/api.w.org\/{rel}","templated":true}]}}