{"id":1584,"date":"2024-05-30T19:37:06","date_gmt":"2024-05-30T17:37:06","guid":{"rendered":"http:\/\/klubmamgdynia.pl\/?post_type=product&#038;p=1584"},"modified":"2026-04-06T20:47:16","modified_gmt":"2026-04-06T18:47:16","slug":"dragon-age-poczatek-przebudzenie-gra-pc","status":"publish","type":"product","link":"http:\/\/klubmamgdynia.pl\/index.php\/produkt\/dragon-age-poczatek-przebudzenie-gra-pc\/","title":{"rendered":"Dragon Age Pocz\u0105tek Przebudzenie (Gra PC)"},"content":{"rendered":"<p>Los ludzko\u015bci spoczywa w r\u0119kach kilku wybra\u0144c\u00f3w przeznaczenia.<\/p>\n<p>Jeste\u015b Szarym Stra\u017cnikiem, jednym z ostatnich przedstawicieli staro\u017cytnego bractwa, kt\u00f3re przez wieki strzeg\u0142o ziem Ferelden przed niebezpiecze\u0144stwem. Podczas jednej z niezwykle wa\u017cnych bitew zosta\u0142e\u015b zdradzony przez zaufanego genera\u0142a \u2013 wyruszasz teraz \u015bladem zdrajcy, aby go schwyta\u0107 i wymierzy\u0107 sprawiedliwo\u015b\u0107. Zmierzaj\u0105c ku ostatecznej konfrontacji ze Z\u0142em, b\u0119dziesz musia\u0142 stawi\u0107 czo\u0142a przera\u017caj\u0105cym przeciwnikom oraz dokona\u0107 nie\u0142atwej sztuki zjednoczenia wszystkich ras zamieszkuj\u0105cych ogarni\u0119ty ogniem wojny Ferelden.                            <\/p>\n<p>            Romans z kusz\u0105c\u0105 zmiennokszta\u0142tn\u0105 mo\u017ce Ci\u0119 przybli\u017cy\u0107 do zwyci\u0119stwa, ale r\u00f3wnie\u017c sprowadzi\u0107 Twoj\u0105 misj\u0119 na manowce, stawiaj\u0105c jej powodzenie pod znakiem zapytania.<\/p>\n<p>Jako prawdziwy przyw\u00f3dca musisz by\u0107 bezwzgl\u0119dny w swoich decyzjach i got\u00f3w po\u015bwi\u0119ci\u0107 swoich bliskich i przyjaci\u00f3\u0142 w imi\u0119 dobra ludzko\u015bci.<\/p>\n<h2>Dragon Age Pocz\u0105tek Przebudzenie (Gra PC) <\/h2>\n<p>gabriela imie, kolorowanki kotki, opisy do zdj\u0119\u0107 z dzieckiem, lato lato lato czeka, film rodzinny o \u015bwi\u0119tach<\/p>\n<p>yyyyy<\/p>\n<p>&nbsp;<\/p>\n","protected":false},"excerpt":{"rendered":"<p>Los ludzko\u015bci spoczywa w r\u0119kach kilku wybra\u0144c\u00f3w przeznaczenia. Jeste\u015b Szarym Stra\u017cnikiem, jednym z ostatnich przedstawicieli staro\u017cytnego bractwa, kt\u00f3re przez wieki strzeg\u0142o ziem Ferelden przed niebezpiecze\u0144stwem. Podczas jednej z niezwykle wa\u017cnych bitew zosta\u0142e\u015b zdradzony przez zaufanego genera\u0142a \u2013 wyruszasz teraz \u015bladem zdrajcy, aby go schwyta\u0107 i wymierzy\u0107 sprawiedliwo\u015b\u0107. Zmierzaj\u0105c ku ostatecznej konfrontacji ze Z\u0142em, b\u0119dziesz musia\u0142 [&hellip;]<\/p>\n","protected":false},"featured_media":1585,"comment_status":"closed","ping_status":"open","template":"","meta":[],"product_cat":[222],"product_tag":[589,717,814,661,756],"class_list":["post-1584","product","type-product","status-publish","has-post-thumbnail","hentry","product_cat-gry-pc","product_tag-prezent-dla-rocznego-dziecka","product_tag-prezent-roczek","product_tag-prezenty-dla-nastolatek","product_tag-swinka-peppa-kolorowanka","product_tag-zaproszenie-na-urodziny-do-druku"],"_links":{"self":[{"href":"http:\/\/klubmamgdynia.pl\/index.php\/wp-json\/wp\/v2\/product\/1584","targetHints":{"allow":["GET"]}}],"collection":[{"href":"http:\/\/klubmamgdynia.pl\/index.php\/wp-json\/wp\/v2\/product"}],"about":[{"href":"http:\/\/klubmamgdynia.pl\/index.php\/wp-json\/wp\/v2\/types\/product"}],"replies":[{"embeddable":true,"href":"http:\/\/klubmamgdynia.pl\/index.php\/wp-json\/wp\/v2\/comments?post=1584"}],"wp:featuredmedia":[{"embeddable":true,"href":"http:\/\/klubmamgdynia.pl\/index.php\/wp-json\/wp\/v2\/media\/1585"}],"wp:attachment":[{"href":"http:\/\/klubmamgdynia.pl\/index.php\/wp-json\/wp\/v2\/media?parent=1584"}],"wp:term":[{"taxonomy":"product_cat","embeddable":true,"href":"http:\/\/klubmamgdynia.pl\/index.php\/wp-json\/wp\/v2\/product_cat?post=1584"},{"taxonomy":"product_tag","embeddable":true,"href":"http:\/\/klubmamgdynia.pl\/index.php\/wp-json\/wp\/v2\/product_tag?post=1584"}],"curies":[{"name":"wp","href":"https:\/\/api.w.org\/{rel}","templated":true}]}}