{"id":1586,"date":"2024-09-27T22:39:07","date_gmt":"2024-09-27T20:39:07","guid":{"rendered":"http:\/\/klubmamgdynia.pl\/?post_type=product&#038;p=1586"},"modified":"2026-04-06T01:02:27","modified_gmt":"2026-04-05T23:02:27","slug":"trefl-karty-monster-high","status":"publish","type":"product","link":"http:\/\/klubmamgdynia.pl\/index.php\/produkt\/trefl-karty-monster-high\/","title":{"rendered":"Trefl Karty Monster High"},"content":{"rendered":"<p>Talia zosta\u0142a stworzona z my\u015bl\u0105 o rodzinnej rozgrywce. Kiedy latem zdarzy si\u0119 deszczowy dzie\u0144, kiedy wieczorem zabraknie si\u0142 na dalsz\u0105 zabaw\u0119 &#8211; naturalnym odruchem si\u0119gamy po tali\u0119 kart.<\/p>\n<h2>Trefl Karty Monster High Trefl<\/h2>\n<p>po \u0142\u0105ce biega lato tekst, molo w brze\u017anie, gad\u017cety dla m\u0142odzie\u017cy 2020, kr\u00f3tkie zagadki, piosenki dla dzieci tekst, litera r do druku, sabina, ewelina, bajka do czytania na dobranoc, krok jak narysowa\u0107 konia, prezent dla trzynastolatki, maska kota, pola imie, z\u0142ote my\u015bli pedagogiczne, oliwier, dorian, cytat rodzina, maski dla dzieci do druku, bal halloween dla dzieci 2021, zagadki logiczne matematyczne dla dzieci, test z opowie\u015bci z narnii<\/p>\n<p>yyyyy<\/p>\n<p>&nbsp;<\/p>\n","protected":false},"excerpt":{"rendered":"<p>Talia zosta\u0142a stworzona z my\u015bl\u0105 o rodzinnej rozgrywce. Kiedy latem zdarzy si\u0119 deszczowy dzie\u0144, kiedy wieczorem zabraknie si\u0142 na dalsz\u0105 zabaw\u0119 &#8211; naturalnym odruchem si\u0119gamy po tali\u0119 kart. Trefl Karty Monster High Trefl po \u0142\u0105ce biega lato tekst, molo w brze\u017anie, gad\u017cety dla m\u0142odzie\u017cy 2020, kr\u00f3tkie zagadki, piosenki dla dzieci tekst, litera r do druku, [&hellip;]<\/p>\n","protected":false},"featured_media":1587,"comment_status":"closed","ping_status":"open","template":"","meta":[],"product_cat":[220,104],"product_tag":[827,707,699,818,690,799],"class_list":["post-1586","product","type-product","status-publish","has-post-thumbnail","hentry","product_cat-gry-karciane","product_cat-trefl","product_tag-bajki-dla-niemowlat","product_tag-karty-pracy-dla-dzieci-z-ukrainy","product_tag-kolorowanki-do-druku-dla-dziewczyn","product_tag-oliwier","product_tag-pieski-male-dwa-tekst","product_tag-zagadka-logiczna"],"_links":{"self":[{"href":"http:\/\/klubmamgdynia.pl\/index.php\/wp-json\/wp\/v2\/product\/1586","targetHints":{"allow":["GET"]}}],"collection":[{"href":"http:\/\/klubmamgdynia.pl\/index.php\/wp-json\/wp\/v2\/product"}],"about":[{"href":"http:\/\/klubmamgdynia.pl\/index.php\/wp-json\/wp\/v2\/types\/product"}],"replies":[{"embeddable":true,"href":"http:\/\/klubmamgdynia.pl\/index.php\/wp-json\/wp\/v2\/comments?post=1586"}],"wp:featuredmedia":[{"embeddable":true,"href":"http:\/\/klubmamgdynia.pl\/index.php\/wp-json\/wp\/v2\/media\/1587"}],"wp:attachment":[{"href":"http:\/\/klubmamgdynia.pl\/index.php\/wp-json\/wp\/v2\/media?parent=1586"}],"wp:term":[{"taxonomy":"product_cat","embeddable":true,"href":"http:\/\/klubmamgdynia.pl\/index.php\/wp-json\/wp\/v2\/product_cat?post=1586"},{"taxonomy":"product_tag","embeddable":true,"href":"http:\/\/klubmamgdynia.pl\/index.php\/wp-json\/wp\/v2\/product_tag?post=1586"}],"curies":[{"name":"wp","href":"https:\/\/api.w.org\/{rel}","templated":true}]}}