{"id":1590,"date":"2013-08-17T02:46:00","date_gmt":"2013-08-17T00:46:00","guid":{"rendered":"http:\/\/klubmamgdynia.pl\/index.php\/produkt\/muduko-kocham-polske-baltyk-zachod-slonca\/"},"modified":"2026-04-30T10:52:31","modified_gmt":"2026-04-30T08:52:31","slug":"muduko-kocham-polske-baltyk-zachod-slonca","status":"publish","type":"product","link":"http:\/\/klubmamgdynia.pl\/index.php\/produkt\/muduko-kocham-polske-baltyk-zachod-slonca\/","title":{"rendered":"Muduko Kocham Polsk\u0119 Ba\u0142tyk Zach\u00f3d S\u0142o\u0144ca"},"content":{"rendered":"<p>Unikalna kolekcja kart \u201eKocham Polsk\u0119\u201d zosta\u0142a stworzona z my\u015bl\u0105 o graczach, kt\u00f3rzy lubuj\u0105 si\u0119 w niebagatelnych wzorach i spersonalizowanych produktach przywo\u0142uj\u0105cych na my\u015bl wyj\u0105tkowe wspomnienia. Tym razem przygotowali\u015bmy specjalne wydanie dla tych, kt\u00f3rzy kochaj\u0105 zachody s\u0142o\u0144ca nad Ba\u0142tykiem. Latarnia morska w Ko\u0142obrzegu, piaszczyste pla\u017ce Wise\u0142ki czy urokliwe kamieniczki w Mielnie \u2013 wszystkie te miejsca, pi\u0119kne i wyj\u0105tkowe, uwiecznili\u015bmy w kolekcji kart, kt\u00f3r\u0105 z przyjemno\u015bci\u0105 Pa\u0144stwu przedstawiamy. Zdj\u0119cia najpi\u0119kniejszych miejsc nad Ba\u0142tykiem przypominaj\u0105 morsk\u0105 fal\u0119, a na rewersie umie\u015bcili\u015bmy podwodny \u015bwiat ryb. Niewa\u017cne, czy mieszkamy nad morzem, w g\u00f3rach czy na Mazowszu \u2013 przepi\u0119kne poczt\u00f3wkowe zdj\u0119cia na kartach przywo\u0142aj\u0105 wspomnienie lata i umil\u0105 ka\u017cd\u0105 rozgrywk\u0119. Karty s\u0105 doskona\u0142ym pomys\u0142em na upominek z wakacji lub oryginaln\u0105 pami\u0105tk\u0119.<\/p>\n<h2>Muduko Kocham Polsk\u0119 Ba\u0142tyk Zach\u00f3d S\u0142o\u0144ca Muduko<\/h2>\n<p>kolorowanki wed\u0142ug kodu do druku, darmowe kolorowanki do druku, kolorowanka smok wawelski, tymoteusz znaczenie imienia, lody kolorowanka, prezent dla dziecka 1 rok, rysowanie po \u015bladzie, wiersz o wakacjach, przeczytaj mi wiersz, pytania logiczne, jak zapakowa\u0107 prezent dla dziecka, jaki prezent na roczek dla dziewczynki, zagadki o dinozaurach, bombki do kolorowania, zagadki \u015bwi\u0105teczne dla dzieci, \u017carty na prima aprilis w domu<\/p>\n<p>yyyyy<\/p>\n<p>&nbsp;<\/p>\n","protected":false},"excerpt":{"rendered":"<p>Unikalna kolekcja kart \u201eKocham Polsk\u0119\u201d zosta\u0142a stworzona z my\u015bl\u0105 o graczach, kt\u00f3rzy lubuj\u0105 si\u0119 w niebagatelnych wzorach i spersonalizowanych produktach przywo\u0142uj\u0105cych na my\u015bl wyj\u0105tkowe wspomnienia. Tym razem przygotowali\u015bmy specjalne wydanie dla tych, kt\u00f3rzy kochaj\u0105 zachody s\u0142o\u0144ca nad Ba\u0142tykiem. Latarnia morska w Ko\u0142obrzegu, piaszczyste pla\u017ce Wise\u0142ki czy urokliwe kamieniczki w Mielnie \u2013 wszystkie te miejsca, pi\u0119kne [&hellip;]<\/p>\n","protected":false},"featured_media":1591,"comment_status":"closed","ping_status":"open","template":"","meta":[],"product_cat":[429,252],"product_tag":[792,619,861,775,584,782],"class_list":["post-1590","product","type-product","status-publish","has-post-thumbnail","hentry","product_cat-gry-hazardowe","product_cat-muduko","product_tag-cytaty-o-mamie","product_tag-iwo-imie","product_tag-jak-narysowac-psa","product_tag-kolorowanki-do-druku-pokemon","product_tag-liwia","product_tag-zagadki-dla-dzieci-z-odpowiedziami"],"_links":{"self":[{"href":"http:\/\/klubmamgdynia.pl\/index.php\/wp-json\/wp\/v2\/product\/1590","targetHints":{"allow":["GET"]}}],"collection":[{"href":"http:\/\/klubmamgdynia.pl\/index.php\/wp-json\/wp\/v2\/product"}],"about":[{"href":"http:\/\/klubmamgdynia.pl\/index.php\/wp-json\/wp\/v2\/types\/product"}],"replies":[{"embeddable":true,"href":"http:\/\/klubmamgdynia.pl\/index.php\/wp-json\/wp\/v2\/comments?post=1590"}],"wp:featuredmedia":[{"embeddable":true,"href":"http:\/\/klubmamgdynia.pl\/index.php\/wp-json\/wp\/v2\/media\/1591"}],"wp:attachment":[{"href":"http:\/\/klubmamgdynia.pl\/index.php\/wp-json\/wp\/v2\/media?parent=1590"}],"wp:term":[{"taxonomy":"product_cat","embeddable":true,"href":"http:\/\/klubmamgdynia.pl\/index.php\/wp-json\/wp\/v2\/product_cat?post=1590"},{"taxonomy":"product_tag","embeddable":true,"href":"http:\/\/klubmamgdynia.pl\/index.php\/wp-json\/wp\/v2\/product_tag?post=1590"}],"curies":[{"name":"wp","href":"https:\/\/api.w.org\/{rel}","templated":true}]}}