{"id":1592,"date":"2022-06-05T11:24:57","date_gmt":"2022-06-05T09:24:57","guid":{"rendered":"http:\/\/klubmamgdynia.pl\/index.php\/produkt\/muduko-zuberry-memozaury\/"},"modified":"2026-05-03T04:13:19","modified_gmt":"2026-05-03T02:13:19","slug":"muduko-zuberry-memozaury","status":"publish","type":"product","link":"http:\/\/klubmamgdynia.pl\/index.php\/produkt\/muduko-zuberry-memozaury\/","title":{"rendered":"Muduko Zu&amp;Berry Memozaury"},"content":{"rendered":"<p>Trzy gry w jednym pude\u0142ku: Zbieraj dinozaury, dobieranka edukacyjna dla najm\u0142odszych Zapami\u0119taj dinozaury, aby zebra\u0107 kafelki, musisz odnale\u017a\u0107 trzy, a nawet cztery pasuj\u0105ce! Nazwij dinozaury. \u0141ami\u0105ca j\u0119zyk gra na spostrzegawczo\u015b\u0107. Niezapomnian\u0105 przygod\u0119 zapewnia autor Reiner Knizia najs\u0142ynniejszy projektant plansz\u00f3wek na \u015bwiecie! Memozaury \u017cycz\u0105 udanej zabawy. NAZWA ZU&amp;BERRY MEMOZAURY TREFL PRODUCENT FABRYKA KART TREFL KRAK\u00d3W WIEK 4+ WYMIARY 212 X 141 X 38 MM EAN 5904262951009 Znajd\u017a podobne wed\u0142ug klucza: FABRYKA_KART_TREFL_KRAK\u00d3W (359274)<\/p>\n<h2>Muduko Zu&amp;Berry Memozaury Muduko<\/h2>\n<p>sta\u0142a pod \u015bniegiem, marianna, nadia, co na prezent dla 7 latki, andrzejki dekoracje do druku, audiobook dla dzieci za darmo<\/p>\n<p>yyyyy<\/p>\n<p>&nbsp;<\/p>\n","protected":false},"excerpt":{"rendered":"<p>Trzy gry w jednym pude\u0142ku: Zbieraj dinozaury, dobieranka edukacyjna dla najm\u0142odszych Zapami\u0119taj dinozaury, aby zebra\u0107 kafelki, musisz odnale\u017a\u0107 trzy, a nawet cztery pasuj\u0105ce! Nazwij dinozaury. \u0141ami\u0105ca j\u0119zyk gra na spostrzegawczo\u015b\u0107. Niezapomnian\u0105 przygod\u0119 zapewnia autor Reiner Knizia najs\u0142ynniejszy projektant plansz\u00f3wek na \u015bwiecie! Memozaury \u017cycz\u0105 udanej zabawy. NAZWA ZU&amp;BERRY MEMOZAURY TREFL PRODUCENT FABRYKA KART TREFL KRAK\u00d3W WIEK [&hellip;]<\/p>\n","protected":false},"featured_media":1593,"comment_status":"closed","ping_status":"open","template":"","meta":[],"product_cat":[130,252],"product_tag":[844,795,804,850,800],"class_list":["post-1592","product","type-product","status-publish","has-post-thumbnail","hentry","product_cat-gry-dzieciece","product_cat-muduko","product_tag-co-kupic-na-roczek","product_tag-mini-zoo-warszawa","product_tag-ryz-z-owocami","product_tag-wroclaw-atrakcje-dla-dzieci","product_tag-zagadki-smieszne"],"_links":{"self":[{"href":"http:\/\/klubmamgdynia.pl\/index.php\/wp-json\/wp\/v2\/product\/1592","targetHints":{"allow":["GET"]}}],"collection":[{"href":"http:\/\/klubmamgdynia.pl\/index.php\/wp-json\/wp\/v2\/product"}],"about":[{"href":"http:\/\/klubmamgdynia.pl\/index.php\/wp-json\/wp\/v2\/types\/product"}],"replies":[{"embeddable":true,"href":"http:\/\/klubmamgdynia.pl\/index.php\/wp-json\/wp\/v2\/comments?post=1592"}],"wp:featuredmedia":[{"embeddable":true,"href":"http:\/\/klubmamgdynia.pl\/index.php\/wp-json\/wp\/v2\/media\/1593"}],"wp:attachment":[{"href":"http:\/\/klubmamgdynia.pl\/index.php\/wp-json\/wp\/v2\/media?parent=1592"}],"wp:term":[{"taxonomy":"product_cat","embeddable":true,"href":"http:\/\/klubmamgdynia.pl\/index.php\/wp-json\/wp\/v2\/product_cat?post=1592"},{"taxonomy":"product_tag","embeddable":true,"href":"http:\/\/klubmamgdynia.pl\/index.php\/wp-json\/wp\/v2\/product_tag?post=1592"}],"curies":[{"name":"wp","href":"https:\/\/api.w.org\/{rel}","templated":true}]}}