{"id":1594,"date":"2015-12-08T13:57:25","date_gmt":"2015-12-08T12:57:25","guid":{"rendered":"http:\/\/klubmamgdynia.pl\/index.php\/produkt\/kane-and-lynch-dead-men-digital\/"},"modified":"2026-05-17T22:12:15","modified_gmt":"2026-05-17T20:12:15","slug":"kane-and-lynch-dead-men-digital","status":"publish","type":"product","link":"http:\/\/klubmamgdynia.pl\/index.php\/produkt\/kane-and-lynch-dead-men-digital\/","title":{"rendered":"Kane And Lynch: Dead Men (Digital)"},"content":{"rendered":"<p>Kane &amp; Lynch: Dead Men to gra akcji typu TPP, wyprodukowana przez do\u015bwiadczony team z IO Interactive, znany mi\u0119dzy innymi ze stworzenia takich tytu\u0142\u00f3w, jak Freedom Fighters czy Hitman: Blood Money.<\/p>\n<h2>Kane And Lynch: Dead Men (Digital) Square Enix<\/h2>\n<p>prezent na pierwsze urodziny, literki do pisania do druku, zagadki dla dzieci 7 lat o zwierz\u0119tach, natan imi\u0119, papuga kolorowanka, prezent dla 13 latki na \u015bwi\u0119ta, opis do zdj\u0119cia dziecka na fb, quiz o usa, dziwne zagadki, kolorowanki winx, \u0142amig\u0142owki do druku, oryginalny prezent na roczek dla dziewczynki, test z dynastii mizio\u0142k\u00f3w, imiona dla dzieci 2019, hobbit, sentencja rodzina, bajki dla ch\u0142opc\u00f3w do czytania, ozdoby choinkowe dla dzieci, cytaty na dzien dziecka<\/p>\n<p>yyyyy<\/p>\n<p>&nbsp;<\/p>\n","protected":false},"excerpt":{"rendered":"<p>Kane &amp; Lynch: Dead Men to gra akcji typu TPP, wyprodukowana przez do\u015bwiadczony team z IO Interactive, znany mi\u0119dzy innymi ze stworzenia takich tytu\u0142\u00f3w, jak Freedom Fighters czy Hitman: Blood Money. Kane And Lynch: Dead Men (Digital) Square Enix prezent na pierwsze urodziny, literki do pisania do druku, zagadki dla dzieci 7 lat o zwierz\u0119tach, [&hellip;]<\/p>\n","protected":false},"featured_media":1595,"comment_status":"closed","ping_status":"open","template":"","meta":[],"product_cat":[352,355],"product_tag":[838,590,643,586,857,712],"class_list":["post-1594","product","type-product","status-publish","has-post-thumbnail","hentry","product_cat-gry-do-pobrania-na-pc","product_cat-square-enix","product_tag-bajki-dla-dzieci-na-dobranoc","product_tag-plac-zabaw-warszawa","product_tag-prezent-dla-17-latki","product_tag-smieszne-zagadki","product_tag-zagadki-dla-dzieci-7-8-lat","product_tag-zagadki-o-zwierzetach"],"_links":{"self":[{"href":"http:\/\/klubmamgdynia.pl\/index.php\/wp-json\/wp\/v2\/product\/1594","targetHints":{"allow":["GET"]}}],"collection":[{"href":"http:\/\/klubmamgdynia.pl\/index.php\/wp-json\/wp\/v2\/product"}],"about":[{"href":"http:\/\/klubmamgdynia.pl\/index.php\/wp-json\/wp\/v2\/types\/product"}],"replies":[{"embeddable":true,"href":"http:\/\/klubmamgdynia.pl\/index.php\/wp-json\/wp\/v2\/comments?post=1594"}],"wp:featuredmedia":[{"embeddable":true,"href":"http:\/\/klubmamgdynia.pl\/index.php\/wp-json\/wp\/v2\/media\/1595"}],"wp:attachment":[{"href":"http:\/\/klubmamgdynia.pl\/index.php\/wp-json\/wp\/v2\/media?parent=1594"}],"wp:term":[{"taxonomy":"product_cat","embeddable":true,"href":"http:\/\/klubmamgdynia.pl\/index.php\/wp-json\/wp\/v2\/product_cat?post=1594"},{"taxonomy":"product_tag","embeddable":true,"href":"http:\/\/klubmamgdynia.pl\/index.php\/wp-json\/wp\/v2\/product_tag?post=1594"}],"curies":[{"name":"wp","href":"https:\/\/api.w.org\/{rel}","templated":true}]}}