{"id":1596,"date":"2021-08-07T03:52:01","date_gmt":"2021-08-07T01:52:01","guid":{"rendered":"http:\/\/klubmamgdynia.pl\/index.php\/produkt\/stray-digital\/"},"modified":"2026-05-17T22:27:31","modified_gmt":"2026-05-17T20:27:31","slug":"stray-digital","status":"publish","type":"product","link":"http:\/\/klubmamgdynia.pl\/index.php\/produkt\/stray-digital\/","title":{"rendered":"Stray (Digital)"},"content":{"rendered":"<p>Stray to gra stworzona przez BlueTwelve Studio, niewielki zesp\u00f3\u0142 z po\u0142udnia Francji, sk\u0142adaj\u0105cy si\u0119 g\u0142\u00f3wnie z kot\u00f3w oraz kilku ludzi.                            <\/p>\n<p>STRAYZagubiony, samotny i ranny kociak musi rozwi\u0105za\u0107 staro\u017cytn\u0105 tajemnic\u0119 i uciec z dawno zapomnianego miasta. Stray to trzecioosobowa kocia gra przygodowa, kt\u00f3rej akcja rozgrywa si\u0119 w\u015br\u00f3d szczeg\u00f3\u0142owo dopracowanych, zalanych \u015bwiat\u0142em neon\u00f3w alejek popadaj\u0105cego w ruin\u0119 cybermiasta. Na graczy czeka te\u017c ponure otoczenie przest\u0119pczego p\u00f3\u0142\u015bwiatka. Sp\u00f3jrz na ten \u015bwiat oczami bezpa\u0144skiego kota i wchod\u017a w interakcje z otoczeniem na wiele ciekawych sposob\u00f3w.                            <\/p>\n<p>CECHY GRY STRAY:<br \/>\nPrzemierzaj cybermiasto \u2013 zwied\u017a ulice i dachy, bro\u0144 si\u0119 przed niespodziewanymi zagro\u017ceniami i rozwi\u0105\u017c tajemnice tego nieprzyjaznego miejsca, zamieszka\u0142ego jedynie przez skromne roboty i gro\u017ane stworzenia.<br \/>\nNie rzucaj si\u0119 w oczy \u2013 wykorzystaj swoj\u0105 zwinno\u015b\u0107, a czasem p\u0142ataj figle i irytuj dziwnych mieszka\u0144c\u00f3w tego obcego \u015bwiata.<br \/>\nZaprzyja\u017anij si\u0119 z dronem \u2013 po drodze nasz kot zaprzyja\u017ani si\u0119 z ma\u0142ym lataj\u0105cym dronem, B-12. Niecodzienni towarzysze podr\u00f3\u017cy wsp\u00f3lnie postaraj\u0105 si\u0119 znale\u017a\u0107 spos\u00f3b na opuszczenie zrujnowanego miasta.<\/p>\n<h2>Stray (Digital) Blue Twelve Studio<\/h2>\n<p>roczek prezent, jakie s\u0105 dary jesieni, litera y do druku, quiz znaki drogowe, kolorowanki kotki do druku, cytaty dla mamy od c\u00f3rki, znaczenie imienia julian, testy z lektury opowie\u015bci z narnii lew czarownica i stara szafa, zagadki o owocach, bajki do czytania psi patrol, flagi europy quiz, roczek prezenty, wpad\u0142a bomba do piwnicy, nasza zima z\u0142a tekst, poczytaj mi wiersz, zabawy miko\u0142ajkowe dla dzieci, szlaczki literopodobne do wydruku, kolorowe listki tekst, papierowe ozdoby \u015bwi\u0105teczne, trudne zagadki dla dzieci<\/p>\n<p>yyyyy<\/p>\n<p>&nbsp;<\/p>\n","protected":false},"excerpt":{"rendered":"<p>Stray to gra stworzona przez BlueTwelve Studio, niewielki zesp\u00f3\u0142 z po\u0142udnia Francji, sk\u0142adaj\u0105cy si\u0119 g\u0142\u00f3wnie z kot\u00f3w oraz kilku ludzi. STRAYZagubiony, samotny i ranny kociak musi rozwi\u0105za\u0107 staro\u017cytn\u0105 tajemnic\u0119 i uciec z dawno zapomnianego miasta. Stray to trzecioosobowa kocia gra przygodowa, kt\u00f3rej akcja rozgrywa si\u0119 w\u015br\u00f3d szczeg\u00f3\u0142owo dopracowanych, zalanych \u015bwiat\u0142em neon\u00f3w alejek popadaj\u0105cego w ruin\u0119 [&hellip;]<\/p>\n","protected":false},"featured_media":1597,"comment_status":"closed","ping_status":"open","template":"","meta":[],"product_cat":[423,352],"product_tag":[766,590,659,712],"class_list":["post-1596","product","type-product","status-publish","has-post-thumbnail","hentry","product_cat-blue-twelve-studio","product_cat-gry-do-pobrania-na-pc","product_tag-kira","product_tag-plac-zabaw-warszawa","product_tag-tupu-tup-po-sniegu-tekst","product_tag-zagadki-o-zwierzetach"],"_links":{"self":[{"href":"http:\/\/klubmamgdynia.pl\/index.php\/wp-json\/wp\/v2\/product\/1596","targetHints":{"allow":["GET"]}}],"collection":[{"href":"http:\/\/klubmamgdynia.pl\/index.php\/wp-json\/wp\/v2\/product"}],"about":[{"href":"http:\/\/klubmamgdynia.pl\/index.php\/wp-json\/wp\/v2\/types\/product"}],"replies":[{"embeddable":true,"href":"http:\/\/klubmamgdynia.pl\/index.php\/wp-json\/wp\/v2\/comments?post=1596"}],"wp:featuredmedia":[{"embeddable":true,"href":"http:\/\/klubmamgdynia.pl\/index.php\/wp-json\/wp\/v2\/media\/1597"}],"wp:attachment":[{"href":"http:\/\/klubmamgdynia.pl\/index.php\/wp-json\/wp\/v2\/media?parent=1596"}],"wp:term":[{"taxonomy":"product_cat","embeddable":true,"href":"http:\/\/klubmamgdynia.pl\/index.php\/wp-json\/wp\/v2\/product_cat?post=1596"},{"taxonomy":"product_tag","embeddable":true,"href":"http:\/\/klubmamgdynia.pl\/index.php\/wp-json\/wp\/v2\/product_tag?post=1596"}],"curies":[{"name":"wp","href":"https:\/\/api.w.org\/{rel}","templated":true}]}}