{"id":1598,"date":"2017-04-24T15:07:23","date_gmt":"2017-04-24T13:07:23","guid":{"rendered":"http:\/\/klubmamgdynia.pl\/index.php\/produkt\/ravensburger-jednorozce-puzzle-200-el-128389\/"},"modified":"2026-04-06T03:08:27","modified_gmt":"2026-04-06T01:08:27","slug":"ravensburger-jednorozce-puzzle-200-el-128389","status":"publish","type":"product","link":"http:\/\/klubmamgdynia.pl\/index.php\/produkt\/ravensburger-jednorozce-puzzle-200-el-128389\/","title":{"rendered":"Ravensburger Jednoro\u017cce Puzzle 200 el. (128389)"},"content":{"rendered":"<p>Wysokiej klasy i jako\u015bci puzzle gwarantuj\u0105 wspania\u0142\u0105 zabaw\u0119.Ilo\u015b\u0107 element\u00f3w: 200Wymiary po roz\u0142o\u017ceniu: 49 x 36 cmWymiary opakowania: 34 x 23 x 4 cmFirma Ravensburger zosta\u0142a za\u0142o\u017cona w 1883 roku przez niemieckiego ksi\u0119garza Otto Maiera, kt\u00f3ry pocz\u0105tkowo wytwarza\u0142 domow\u0105 metod\u0105 gry dla najm\u0142odszych wraz ze swoimi trzema synami. Dzi\u015b Ravensburger to pot\u0119\u017cna marka i \u015bwiatowej klasy lider w segmencie puzzli i gier planszowych. Wysok\u0105 jako\u015b\u0107 produkt\u00f3w gwarantuj\u0105 niezwykle nowoczesne europejskie fabryki mieszcz\u0105ce si\u0119 w Niemczech i Czechach oraz starannie dobierane i selekcjonowane materia\u0142y wykorzystywane do produkcji.<\/p>\n<h2>Ravensburger Jednoro\u017cce Puzzle 200 el. (128389) Ravensburger<\/h2>\n<p>opowie\u015bci z narni test, warszawa atrakcje dla m\u0142odzie\u017cy, test opowie\u015bci z narnii lew czarownica i stara szafa do druku, kolorowanka europa, malowanki do wydruku, prezenty na roczek dla dziewczynki, quiz o koniach, quizy o koniach, rzadkie imiona \u017ce\u0144skie, opis do zdj\u0119cia dziecka, jak namalowa\u0107 psa, pierwsze urodziny prezent na roczek dla dziewczynki, co oznacza jordan, aniela znaczenie imienia, prezent dla roczniaka, prezent dla 15 latki, bajki do czytania dla niemowl\u0105t, hot wheels kolorowanka, prezenty dla nastolatk\u00f3w do 50 z\u0142<\/p>\n<p>yyyyy<\/p>\n<p>&nbsp;<\/p>\n","protected":false},"excerpt":{"rendered":"<p>Wysokiej klasy i jako\u015bci puzzle gwarantuj\u0105 wspania\u0142\u0105 zabaw\u0119.Ilo\u015b\u0107 element\u00f3w: 200Wymiary po roz\u0142o\u017ceniu: 49 x 36 cmWymiary opakowania: 34 x 23 x 4 cmFirma Ravensburger zosta\u0142a za\u0142o\u017cona w 1883 roku przez niemieckiego ksi\u0119garza Otto Maiera, kt\u00f3ry pocz\u0105tkowo wytwarza\u0142 domow\u0105 metod\u0105 gry dla najm\u0142odszych wraz ze swoimi trzema synami. Dzi\u015b Ravensburger to pot\u0119\u017cna marka i \u015bwiatowej klasy [&hellip;]<\/p>\n","protected":false},"featured_media":1599,"comment_status":"closed","ping_status":"open","template":"","meta":[],"product_cat":[90,207],"product_tag":[777,784,624,731,840],"class_list":["post-1598","product","type-product","status-publish","has-post-thumbnail","hentry","product_cat-puzzle","product_cat-ravensburger","product_tag-co-na-roczek","product_tag-hymn-gorniczy","product_tag-krotkie-zagadki","product_tag-maly-ksiaze-cytaty","product_tag-stare-bajki"],"_links":{"self":[{"href":"http:\/\/klubmamgdynia.pl\/index.php\/wp-json\/wp\/v2\/product\/1598","targetHints":{"allow":["GET"]}}],"collection":[{"href":"http:\/\/klubmamgdynia.pl\/index.php\/wp-json\/wp\/v2\/product"}],"about":[{"href":"http:\/\/klubmamgdynia.pl\/index.php\/wp-json\/wp\/v2\/types\/product"}],"replies":[{"embeddable":true,"href":"http:\/\/klubmamgdynia.pl\/index.php\/wp-json\/wp\/v2\/comments?post=1598"}],"wp:featuredmedia":[{"embeddable":true,"href":"http:\/\/klubmamgdynia.pl\/index.php\/wp-json\/wp\/v2\/media\/1599"}],"wp:attachment":[{"href":"http:\/\/klubmamgdynia.pl\/index.php\/wp-json\/wp\/v2\/media?parent=1598"}],"wp:term":[{"taxonomy":"product_cat","embeddable":true,"href":"http:\/\/klubmamgdynia.pl\/index.php\/wp-json\/wp\/v2\/product_cat?post=1598"},{"taxonomy":"product_tag","embeddable":true,"href":"http:\/\/klubmamgdynia.pl\/index.php\/wp-json\/wp\/v2\/product_tag?post=1598"}],"curies":[{"name":"wp","href":"https:\/\/api.w.org\/{rel}","templated":true}]}}