{"id":1602,"date":"2020-02-14T00:10:53","date_gmt":"2020-02-13T23:10:53","guid":{"rendered":"http:\/\/klubmamgdynia.pl\/index.php\/produkt\/malplay-zreczne-malpki\/"},"modified":"2026-04-29T04:40:00","modified_gmt":"2026-04-29T02:40:00","slug":"malplay-zreczne-malpki","status":"publish","type":"product","link":"http:\/\/klubmamgdynia.pl\/index.php\/produkt\/malplay-zreczne-malpki\/","title":{"rendered":"MalPlay Zr\u0119czne Ma\u0142pki"},"content":{"rendered":"<p>Gra kosz z ma\u0142pkami. Fikaj\u0105ce Ma\u0142pkiPrzedstawiamy Pa\u0144stwu gr\u0119 kosz z ma\u0142pkami, kt\u00f3ra b\u0119dzie idealn\u0105 alternatyw\u0105 gier komputerowych! Wspania\u0142a gra \u0107wicz\u0105ca zr\u0119czno\u015b\u0107 i koncentracj\u0119 dzieci.Gra przeznaczona jest dla dw\u00f3ch do czterech graczy, wi\u0119c maluch mo\u017ce zaprosi\u0107 do wsp\u00f3lnej zabawy znajomych, czy rodzin\u0119! Idealny spos\u00f3b na sp\u0119dzenie wsp\u00f3lnego czasu.Parametry:Wymiary opakowania: 23,5 x 16 x 5,5 cmWymiary kosza: wysoko\u015b\u0107: 8 cm; \u015brednica podstawy: 6 cm; \u015brednica pokrywki: 8 cmWymiary klepsydry: 8,5 x 2,5 cmWymiary ma\u0142pki: 6,5 x 3,5 cmWiek: 3+Liczba graczy: 2-4Zasady gryUstaw klepsydr\u0119, kt\u00f3ra b\u0119dzie odlicza\u0142a czas i z\u0142ap za ma\u0142pk\u0119 aby zacz\u0105\u0107 tworzenie \u0142a\u0144cucha.U\u017cyj ogona lub r\u0119ki pierwszej ma\u0142pki, aby zawiesi\u0107 kolejn\u0105.Dodaj do swojego \u0142a\u0144cucha tyle ma\u0142pek ile dasz rad\u0119!Je\u015bli jakie\u015b ma\u0142pki spadn\u0105, od\u0142\u00f3\u017c wszystkie na stert\u0119 \u2013 pora na kolejnego zawodnika!Wygrywa osoba, kt\u00f3ra utworzy najd\u0142u\u017cszy \u0142a\u0144cuchW zestawie:24 x kolorowe ma\u0142pki1 x kosz z pokrywk\u0105 do przechowywania1 x klepsydra<\/p>\n<h2>MalPlay Zr\u0119czne Ma\u0142pki Malplay<\/h2>\n<p>m\u0105dre cytaty dla dzieci, zagadki logiczne dla dzieci, bajka o emocjach, szlaczki<\/p>\n<p>yyyyy<\/p>\n<p>&nbsp;<\/p>\n","protected":false},"excerpt":{"rendered":"<p>Gra kosz z ma\u0142pkami. Fikaj\u0105ce Ma\u0142pkiPrzedstawiamy Pa\u0144stwu gr\u0119 kosz z ma\u0142pkami, kt\u00f3ra b\u0119dzie idealn\u0105 alternatyw\u0105 gier komputerowych! Wspania\u0142a gra \u0107wicz\u0105ca zr\u0119czno\u015b\u0107 i koncentracj\u0119 dzieci.Gra przeznaczona jest dla dw\u00f3ch do czterech graczy, wi\u0119c maluch mo\u017ce zaprosi\u0107 do wsp\u00f3lnej zabawy znajomych, czy rodzin\u0119! Idealny spos\u00f3b na sp\u0119dzenie wsp\u00f3lnego czasu.Parametry:Wymiary opakowania: 23,5 x 16 x 5,5 cmWymiary kosza: [&hellip;]<\/p>\n","protected":false},"featured_media":1603,"comment_status":"closed","ping_status":"open","template":"","meta":[],"product_cat":[130,84],"product_tag":[719,858,857,796],"class_list":["post-1602","product","type-product","status-publish","has-post-thumbnail","hentry","product_cat-gry-dzieciece","product_cat-malplay","product_tag-dziecko-cytaty-zlote-mysli","product_tag-podchwytliwe-zagadki","product_tag-zagadki-dla-dzieci-7-8-lat","product_tag-zagatki"],"_links":{"self":[{"href":"http:\/\/klubmamgdynia.pl\/index.php\/wp-json\/wp\/v2\/product\/1602","targetHints":{"allow":["GET"]}}],"collection":[{"href":"http:\/\/klubmamgdynia.pl\/index.php\/wp-json\/wp\/v2\/product"}],"about":[{"href":"http:\/\/klubmamgdynia.pl\/index.php\/wp-json\/wp\/v2\/types\/product"}],"replies":[{"embeddable":true,"href":"http:\/\/klubmamgdynia.pl\/index.php\/wp-json\/wp\/v2\/comments?post=1602"}],"wp:featuredmedia":[{"embeddable":true,"href":"http:\/\/klubmamgdynia.pl\/index.php\/wp-json\/wp\/v2\/media\/1603"}],"wp:attachment":[{"href":"http:\/\/klubmamgdynia.pl\/index.php\/wp-json\/wp\/v2\/media?parent=1602"}],"wp:term":[{"taxonomy":"product_cat","embeddable":true,"href":"http:\/\/klubmamgdynia.pl\/index.php\/wp-json\/wp\/v2\/product_cat?post=1602"},{"taxonomy":"product_tag","embeddable":true,"href":"http:\/\/klubmamgdynia.pl\/index.php\/wp-json\/wp\/v2\/product_tag?post=1602"}],"curies":[{"name":"wp","href":"https:\/\/api.w.org\/{rel}","templated":true}]}}