{"id":1606,"date":"2024-08-28T03:00:18","date_gmt":"2024-08-28T01:00:18","guid":{"rendered":"http:\/\/klubmamgdynia.pl\/?post_type=product&#038;p=1606"},"modified":"2026-05-17T20:54:01","modified_gmt":"2026-05-17T18:54:01","slug":"trollhunters-defenders-of-arcadia-gra-ps4","status":"publish","type":"product","link":"http:\/\/klubmamgdynia.pl\/index.php\/produkt\/trollhunters-defenders-of-arcadia-gra-ps4\/","title":{"rendered":"Trollhunters: Defenders Of Arcadia (Gra Ps4)"},"content":{"rendered":"<p>Czy t\u0119sknisz za \u017cyciem pe\u0142nym wyzwa\u0144?Wkrocz do \u015bwiata \u0141owc\u00f3w Trolli! Wciel si\u0119 w Jima Lake\u2019a Jr. i uratuj Arkadi\u0119 przed Czaso-kalips\u0105 w grze Trollhunters: Defenders of Arcadia. Podr\u00f3\u017cuj przez magiczne \u015bwiaty, ulepszaj swoje uzbrojenie oraz umiej\u0119tno\u015bci i sta\u0144 si\u0119 pot\u0119\u017cniejszy, ni\u017c kiedykolwiek, maj\u0105c u boku ulubione postacie w trybie lokalnej rozgrywki wieloosobowej. Losy \u015bwiata le\u017c\u0105 w twoich r\u0119kach! Cechy gry Dreamworks Trollhunters: Defenders of Arcadia: Zosta\u0144 bohaterem. Podr\u00f3\u017cuj w czasie, aby powstrzyma\u0107 Porgona.Ulepszaj swojego \u0141owc\u0119. Zdobywaj do\u015bwiadczenie, aby ulepsza\u0107 zbroj\u0119 i podnosi\u0107 umiej\u0119tno\u015bci.Do\u0142\u0105cz do dru\u017cyny. Po\u0142\u0105cz si\u0142y z przyjaci\u00f3\u0142mi w trybie lokalnej rozgrywki wieloosobowej.<\/p>\n<h2>Trollhunters: Defenders Of Arcadia (Gra Ps4) Cenega<\/h2>\n<p>kolorowanki my little pony, kotki do druku, bajki o ksi\u0119\u017cniczkach do czytania, proste zagadki logiczne, kolorowanki do druku, znaczenie imiona monika<\/p>\n<p>yyyyy<\/p>\n<p>&nbsp;<\/p>\n","protected":false},"excerpt":{"rendered":"<p>Czy t\u0119sknisz za \u017cyciem pe\u0142nym wyzwa\u0144?Wkrocz do \u015bwiata \u0141owc\u00f3w Trolli! Wciel si\u0119 w Jima Lake\u2019a Jr. i uratuj Arkadi\u0119 przed Czaso-kalips\u0105 w grze Trollhunters: Defenders of Arcadia. Podr\u00f3\u017cuj przez magiczne \u015bwiaty, ulepszaj swoje uzbrojenie oraz umiej\u0119tno\u015bci i sta\u0144 si\u0119 pot\u0119\u017cniejszy, ni\u017c kiedykolwiek, maj\u0105c u boku ulubione postacie w trybie lokalnej rozgrywki wieloosobowej. Losy \u015bwiata le\u017c\u0105 [&hellip;]<\/p>\n","protected":false},"featured_media":1607,"comment_status":"closed","ping_status":"open","template":"","meta":[],"product_cat":[218,203],"product_tag":[853,631,717,746],"class_list":["post-1606","product","type-product","status-publish","has-post-thumbnail","hentry","product_cat-cenega","product_cat-gry-playstation-4","product_tag-kolorowanki-do-druku-dla-doroslych","product_tag-prezent-na-roczek","product_tag-prezent-roczek","product_tag-zagadki-typu-co-to-jest"],"_links":{"self":[{"href":"http:\/\/klubmamgdynia.pl\/index.php\/wp-json\/wp\/v2\/product\/1606","targetHints":{"allow":["GET"]}}],"collection":[{"href":"http:\/\/klubmamgdynia.pl\/index.php\/wp-json\/wp\/v2\/product"}],"about":[{"href":"http:\/\/klubmamgdynia.pl\/index.php\/wp-json\/wp\/v2\/types\/product"}],"replies":[{"embeddable":true,"href":"http:\/\/klubmamgdynia.pl\/index.php\/wp-json\/wp\/v2\/comments?post=1606"}],"wp:featuredmedia":[{"embeddable":true,"href":"http:\/\/klubmamgdynia.pl\/index.php\/wp-json\/wp\/v2\/media\/1607"}],"wp:attachment":[{"href":"http:\/\/klubmamgdynia.pl\/index.php\/wp-json\/wp\/v2\/media?parent=1606"}],"wp:term":[{"taxonomy":"product_cat","embeddable":true,"href":"http:\/\/klubmamgdynia.pl\/index.php\/wp-json\/wp\/v2\/product_cat?post=1606"},{"taxonomy":"product_tag","embeddable":true,"href":"http:\/\/klubmamgdynia.pl\/index.php\/wp-json\/wp\/v2\/product_tag?post=1606"}],"curies":[{"name":"wp","href":"https:\/\/api.w.org\/{rel}","templated":true}]}}