{"id":1608,"date":"2023-11-03T05:05:43","date_gmt":"2023-11-03T04:05:43","guid":{"rendered":"http:\/\/klubmamgdynia.pl\/?post_type=product&#038;p=1608"},"modified":"2026-04-26T12:33:37","modified_gmt":"2026-04-26T10:33:37","slug":"rebel-komplet-kosci-rpg-krysztalowe-blekitne-szmaragdowe","status":"publish","type":"product","link":"http:\/\/klubmamgdynia.pl\/index.php\/produkt\/rebel-komplet-kosci-rpg-krysztalowe-blekitne-szmaragdowe\/","title":{"rendered":"Rebel Komplet ko\u015bci RPG Kryszta\u0142owe B\u0142\u0119kitne \/ Szmaragdowe"},"content":{"rendered":"<p>Komplet kryszta\u0142owych ko\u015bci marki Rebel, precyzj\u0105 wykonania przypomina ko\u015bci matowe, lecz stworzony zosta\u0142 z przezroczystego tworzywa.Ko\u015bci kryszta\u0142owe s\u0105 uwielbiane przez wielu graczy, g\u0142\u00f3wnie dlatego, \u017ce przepuszczaj\u0105 promienie \u015bwiat\u0142a &#8211; wielokolorowy zestaw potrafi roz\u015bwietli\u0107 t\u0119cz\u0105 st\u00f3\u0142, na kt\u00f3rym gramy.Zawarto\u015b\u0107 pude\u0142ka:7 kostek: k4, k6, k8, k10, k10 (setka), k12, k20<\/p>\n<h2>Rebel Komplet ko\u015bci RPG Kryszta\u0142owe B\u0142\u0119kitne \/ Szmaragdowe Rebel<\/h2>\n<p>kolorowanka lol surprise, stolice europy quiz, drzewo genealogiczne do druku, wiosna zagadki s\u0142owne, kostek imi\u0119, prezent dla nastolatk\u00f3w ch\u0142opc\u00f3w, test z lektury kajko i kokosz szko\u0142a latania, imie aron, wzruszaj\u0105ce s\u0142owa dla przyjaciela, kolorowanki na andrzejki do wydruku, \u0142ama\u0144ce j\u0119zykowe dla dzieci, narysowa\u0107 rysunki \u0142atwe, basen \u015bl\u0105sk, filmy disneya, dobranoc zimowe, pikachu kolorowanka<\/p>\n<p>yyyyy<\/p>\n<p>&nbsp;<\/p>\n","protected":false},"excerpt":{"rendered":"<p>Komplet kryszta\u0142owych ko\u015bci marki Rebel, precyzj\u0105 wykonania przypomina ko\u015bci matowe, lecz stworzony zosta\u0142 z przezroczystego tworzywa.Ko\u015bci kryszta\u0142owe s\u0105 uwielbiane przez wielu graczy, g\u0142\u00f3wnie dlatego, \u017ce przepuszczaj\u0105 promienie \u015bwiat\u0142a &#8211; wielokolorowy zestaw potrafi roz\u015bwietli\u0107 t\u0119cz\u0105 st\u00f3\u0142, na kt\u00f3rym gramy.Zawarto\u015b\u0107 pude\u0142ka:7 kostek: k4, k6, k8, k10, k10 (setka), k12, k20 Rebel Komplet ko\u015bci RPG Kryszta\u0142owe B\u0142\u0119kitne \/ [&hellip;]<\/p>\n","protected":false},"featured_media":1609,"comment_status":"closed","ping_status":"open","template":"","meta":[],"product_cat":[364,219],"product_tag":[722,706,736],"class_list":["post-1608","product","type-product","status-publish","has-post-thumbnail","hentry","product_cat-akcesoria-do-gier","product_cat-rebel","product_tag-cytaty-o-przyjazni","product_tag-imie-kuba","product_tag-zabawki-na-roczek"],"_links":{"self":[{"href":"http:\/\/klubmamgdynia.pl\/index.php\/wp-json\/wp\/v2\/product\/1608","targetHints":{"allow":["GET"]}}],"collection":[{"href":"http:\/\/klubmamgdynia.pl\/index.php\/wp-json\/wp\/v2\/product"}],"about":[{"href":"http:\/\/klubmamgdynia.pl\/index.php\/wp-json\/wp\/v2\/types\/product"}],"replies":[{"embeddable":true,"href":"http:\/\/klubmamgdynia.pl\/index.php\/wp-json\/wp\/v2\/comments?post=1608"}],"wp:featuredmedia":[{"embeddable":true,"href":"http:\/\/klubmamgdynia.pl\/index.php\/wp-json\/wp\/v2\/media\/1609"}],"wp:attachment":[{"href":"http:\/\/klubmamgdynia.pl\/index.php\/wp-json\/wp\/v2\/media?parent=1608"}],"wp:term":[{"taxonomy":"product_cat","embeddable":true,"href":"http:\/\/klubmamgdynia.pl\/index.php\/wp-json\/wp\/v2\/product_cat?post=1608"},{"taxonomy":"product_tag","embeddable":true,"href":"http:\/\/klubmamgdynia.pl\/index.php\/wp-json\/wp\/v2\/product_tag?post=1608"}],"curies":[{"name":"wp","href":"https:\/\/api.w.org\/{rel}","templated":true}]}}